{"id":2397,"date":"2024-02-08T10:32:08","date_gmt":"2024-02-08T10:32:08","guid":{"rendered":"https:\/\/iceag.com\/a-propos-de-nous\/"},"modified":"2025-05-01T12:16:47","modified_gmt":"2025-05-01T12:16:47","slug":"a-propos-de-nous","status":"publish","type":"page","link":"https:\/\/iceag.com\/fr\/a-propos-de-nous\/","title":{"rendered":"Notre entreprise"},"content":{"rendered":"\n<section class=\"eoss_hero_small alignfull\">\r\n<div class=\"eoss_hero_small_content\">\r\n<h4 class=\"eoss_hero_small_content_subtitle\">Ing\u00e9nierie suisse innovante<\/h4>\r\n<h1 class=\"eoss_hero_small_content_title\">Notre entreprise<\/h1>\r\n<div class=\"eoss_hero_small_content_text\">La soci\u00e9t\u00e9 anonyme I.C.E. AG est une entreprise suisse ind\u00e9pendante d&rsquo;ing\u00e9nierie en technologie environnementale, principalement active dans les domaines des usines de valorisation \u00e9nerg\u00e9tique des d\u00e9chets (UVE), des syst\u00e8mes de chauffage urbain, des usines d&rsquo;incin\u00e9ration de biomasse et de boues d&rsquo;\u00e9puration, offrant des services de conseil, de modernisation et de pr\u00e9servation de la valeur.<\/div>\r\n<\/div>\r\n<figure class=\"eoss_background eoss_hero_small_bg\"><img decoding=\"async\" src=\"https:\/\/iceag.com\/wp-content\/uploads\/2024\/10\/ice-standort-wil-buero.jpg\" \/><\/figure>\r\n<\/section>\n\n<div style=\"height:50px\" aria-hidden=\"true\" class=\"wp-block-spacer\"><\/div>\n\n<div class=\"wp-block-columns is-layout-flex wp-container-core-columns-is-layout-28f84493 wp-block-columns-is-layout-flex\">\n<div class=\"wp-block-column is-layout-flow wp-block-column-is-layout-flow\">\n<figure class=\"wp-block-image size-large\"><img loading=\"lazy\" decoding=\"async\" width=\"83\" height=\"80\" src=\"https:\/\/iceag.com\/wp-content\/uploads\/2024\/10\/switch-icon.svg\" alt=\"\" class=\"wp-image-1830\"\/><\/figure>\n\n\n\n<h3 class=\"wp-block-heading has-secondary-color has-text-color has-link-color wp-elements-92d265b5b54b89294608035fe8e29061\">Entreprise suisse<\/h3>\n\n\n\n<p>En tant qu&rsquo;entreprise suisse ind\u00e9pendante, nous vous garantissons des conseils neutres et la qualit\u00e9 irr\u00e9prochable de nos services et solutions.<\/p>\n<\/div>\n\n\n\n<div class=\"wp-block-column is-layout-flow wp-block-column-is-layout-flow\">\n<figure class=\"wp-block-image size-large\"><img loading=\"lazy\" decoding=\"async\" width=\"83\" height=\"80\" src=\"https:\/\/iceag.com\/wp-content\/uploads\/2024\/10\/switch-icon.svg\" alt=\"\" class=\"wp-image-1830\"\/><\/figure>\n\n\n\n<h3 class=\"wp-block-heading has-secondary-color has-text-color has-link-color wp-elements-2a50b1aae2b0e7533200fefc9cc0ec4c\">Savoir-faire unique<\/h3>\n\n\n\n<p>Les processus d\u2019incin\u00e9ration, nous les avons en quelque sorte dans le sang. Un savoir-faire aussi approfondi et de haut niveau que le n\u00f4tre, vous ne le trouverez gu\u00e8re ailleurs.<\/p>\n<\/div>\n\n\n\n<div class=\"wp-block-column is-layout-flow wp-block-column-is-layout-flow\">\n<figure class=\"wp-block-image size-large\"><img loading=\"lazy\" decoding=\"async\" width=\"83\" height=\"80\" src=\"https:\/\/iceag.com\/wp-content\/uploads\/2024\/10\/switch-icon.svg\" alt=\"\" class=\"wp-image-1830\"\/><\/figure>\n\n\n\n<h3 class=\"wp-block-heading has-secondary-color has-text-color has-link-color wp-elements-97f32ff41608ae7dab525fba878d69fb\">Qualit\u00e9 hors pair<\/h3>\n\n\n\n<p>Pour votre b\u00e9n\u00e9fice ainsi que le n\u00f4tre, nous travaillons sans rel\u00e2che \u00e0 am\u00e9liorer la qualit\u00e9 de nos prestations. Notre certification ISO y contribue.<\/p>\n<\/div>\n<\/div>\n\n<div style=\"height:100px\" aria-hidden=\"true\" class=\"wp-block-spacer\"><\/div>\n\n<div class=\"wp-block-group alignfull has-secondary-background-color has-background is-layout-constrained wp-block-group-is-layout-constrained\" style=\"margin-top:0;margin-bottom:0\">\n<div class=\"wp-block-group is-content-justification-space-between is-nowrap is-layout-flex wp-container-core-group-is-layout-cb46ffcb wp-block-group-is-layout-flex\">\n<div class=\"wp-block-group is-layout-constrained wp-block-group-is-layout-constrained\">\n<h4 class=\"wp-block-heading\">La qualit\u00e9 avant tout!<\/h4>\n\n\n\n<h2 class=\"wp-block-heading has-background-color has-text-color has-link-color wp-elements-b22f6238350323bf259e4d55856c1ceb\">Nous sommes certifi\u00e9s et r\u00e9pondons \u00e0 toutes les exigences<br\/>des normes internationales ISO 9001 et 45001.<\/h2>\n<\/div>\n\n\n\n<figure class=\"wp-block-image size-full is-resized\"><img loading=\"lazy\" decoding=\"async\" width=\"1920\" height=\"582\" src=\"https:\/\/iceag.com\/wp-content\/uploads\/2023\/10\/siegel_9001_45001_2.jpg\" alt=\"\" class=\"wp-image-1956\" style=\"object-fit:cover;width:284px;height:auto\" srcset=\"https:\/\/iceag.com\/wp-content\/uploads\/2023\/10\/siegel_9001_45001_2.jpg 1920w, https:\/\/iceag.com\/wp-content\/uploads\/2023\/10\/siegel_9001_45001_2-300x91.jpg 300w, https:\/\/iceag.com\/wp-content\/uploads\/2023\/10\/siegel_9001_45001_2-1024x310.jpg 1024w, https:\/\/iceag.com\/wp-content\/uploads\/2023\/10\/siegel_9001_45001_2-768x233.jpg 768w, https:\/\/iceag.com\/wp-content\/uploads\/2023\/10\/siegel_9001_45001_2-1536x466.jpg 1536w\" sizes=\"auto, (max-width: 1920px) 100vw, 1920px\" \/><\/figure>\n<\/div>\n<\/div>\n\n<div class=\"wp-block-columns is-layout-flex wp-container-core-columns-is-layout-a5331a9e wp-block-columns-is-layout-flex\" style=\"padding-top:0;padding-right:0;padding-bottom:0;padding-left:0\">\n<div class=\"wp-block-column is-layout-flow wp-block-column-is-layout-flow\" style=\"padding-right:var(--wp--preset--spacing--20);padding-left:var(--wp--preset--spacing--20)\"><\/div>\n\n\n\n<div class=\"wp-block-column is-layout-flow wp-block-column-is-layout-flow\" style=\"padding-right:var(--wp--preset--spacing--20);padding-left:var(--wp--preset--spacing--20)\"><\/div>\n\n\n\n<div class=\"wp-block-column is-layout-flow wp-block-column-is-layout-flow\" style=\"padding-right:var(--wp--preset--spacing--20);padding-left:var(--wp--preset--spacing--20)\"><\/div>\n<\/div>\n\n<div style=\"height:50px\" aria-hidden=\"true\" class=\"wp-block-spacer\"><\/div>\n\n<div class=\"wp-block-eoss-ananas-blocks-background-white alignfull\"><div>\n<div class=\"wp-block-columns is-layout-flex wp-container-core-columns-is-layout-cf05694f wp-block-columns-is-layout-flex\">\n<div class=\"wp-block-column is-layout-flow wp-block-column-is-layout-flow\">\n<h2 class=\"wp-block-heading\">Qualit\u00e9 suisse<\/h2>\n\n\n\n<p>Nos normes de qualit\u00e9 rigoureuses sont intrins\u00e8quement li\u00e9es \u00e0 notre identit\u00e9 en tant qu&rsquo;entreprise suisse. Nous estimons qu&rsquo;il est de notre responsabilit\u00e9 non seulement de fournir des solutions de qualit\u00e9 sup\u00e9rieure, mais aussi d&rsquo;assurer un service incomparable bas\u00e9 sur les principes d&rsquo;une consultation impartiale et d&rsquo;une r\u00e9alisation sans faille. Cette attention intransigeante \u00e0 la qualit\u00e9 influence chaque facette de notre travail et constitue la base de la confiance que nos clients nous accordent.<\/p>\n\n\n\n<div class=\"wp-block-file\"><a id=\"wp-block-file--media-8549ce71-24aa-4e94-ad67-1c55081be639\" href=\"https:\/\/iceag.com\/wp-content\/uploads\/2024\/02\/ice-Zertifikat-d-2022.pdf\">Certification ISO9001 | ISO45001 (allemand)<\/a><\/div>\n\n\n\n<div class=\"wp-block-file\"><a id=\"wp-block-file--media-8549ce71-24aa-4e94-ad67-1c55081be639\" href=\"https:\/\/iceag.com\/wp-content\/uploads\/2024\/02\/ice-Certificate-e-2022.pdf\">Certification ISO9001 | ISO45001 (anglais)<\/a><\/div>\n<\/div>\n\n\n\n<div class=\"wp-block-column is-layout-flow wp-block-column-is-layout-flow\">\n<figure class=\"wp-block-image size-full is-style-default\"><img loading=\"lazy\" decoding=\"async\" width=\"1920\" height=\"1080\" src=\"https:\/\/iceag.com\/wp-content\/uploads\/2024\/10\/iStock-686048244.jpg\" alt=\"\" class=\"wp-image-2317\" style=\"aspect-ratio:3\/2;object-fit:cover\" srcset=\"https:\/\/iceag.com\/wp-content\/uploads\/2024\/10\/iStock-686048244.jpg 1920w, https:\/\/iceag.com\/wp-content\/uploads\/2024\/10\/iStock-686048244-300x169.jpg 300w, https:\/\/iceag.com\/wp-content\/uploads\/2024\/10\/iStock-686048244-1024x576.jpg 1024w, https:\/\/iceag.com\/wp-content\/uploads\/2024\/10\/iStock-686048244-768x432.jpg 768w, https:\/\/iceag.com\/wp-content\/uploads\/2024\/10\/iStock-686048244-1536x864.jpg 1536w\" sizes=\"auto, (max-width: 1920px) 100vw, 1920px\" \/><\/figure>\n<\/div>\n<\/div>\n\n\n\n<div style=\"height:50px\" aria-hidden=\"true\" class=\"wp-block-spacer\"><\/div>\n\n\n\n<div class=\"wp-block-columns is-layout-flex wp-container-core-columns-is-layout-cf05694f wp-block-columns-is-layout-flex\">\n<div class=\"wp-block-column is-layout-flow wp-block-column-is-layout-flow\">\n<figure class=\"wp-block-image size-full is-style-default\"><img loading=\"lazy\" decoding=\"async\" width=\"1920\" height=\"1280\" src=\"https:\/\/iceag.com\/wp-content\/uploads\/2024\/06\/ice-optimierung.jpg\" alt=\"\" class=\"wp-image-514\" style=\"aspect-ratio:3\/2;object-fit:cover\" srcset=\"https:\/\/iceag.com\/wp-content\/uploads\/2024\/06\/ice-optimierung.jpg 1920w, https:\/\/iceag.com\/wp-content\/uploads\/2024\/06\/ice-optimierung-300x200.jpg 300w, https:\/\/iceag.com\/wp-content\/uploads\/2024\/06\/ice-optimierung-1024x683.jpg 1024w, https:\/\/iceag.com\/wp-content\/uploads\/2024\/06\/ice-optimierung-768x512.jpg 768w, https:\/\/iceag.com\/wp-content\/uploads\/2024\/06\/ice-optimierung-1536x1024.jpg 1536w\" sizes=\"auto, (max-width: 1920px) 100vw, 1920px\" \/><\/figure>\n<\/div>\n\n\n\n<div class=\"wp-block-column is-layout-flow wp-block-column-is-layout-flow\">\n<h2 class=\"wp-block-heading\">Expertise de haut niveau<\/h2>\n\n\n\n<p>Notre expertise est le r\u00e9sultat de d\u00e9cennies de travail intensif et de recherche dans le domaine de la technologie d\u2019incin\u00e9ration. Chez chaque membre de notre \u00e9quipe hautement motiv\u00e9e, se trouve un riche tr\u00e9sor d&rsquo;exp\u00e9rience et de savoir-faire, qui nous permet de relever avec aisance les d\u00e9fis les plus complexes. Cette combinaison unique de savoir-faire et d&rsquo;engagement est ce qui nous distingue des autres et offre \u00e0 nos clients des solutions sur mesure sans \u00e9quivalent.<\/p>\n<\/div>\n<\/div>\n\n\n\n<div style=\"height:50px\" aria-hidden=\"true\" class=\"wp-block-spacer\"><\/div>\n\n\n\n<div class=\"wp-block-columns is-layout-flex wp-container-core-columns-is-layout-cf05694f wp-block-columns-is-layout-flex\">\n<div class=\"wp-block-column is-layout-flow wp-block-column-is-layout-flow\">\n<h2 class=\"wp-block-heading\">Services de remarquable qualit\u00e9<\/h2>\n\n\n\n<p>Notre qu\u00eate d&rsquo;excellence ne conna\u00eet pas de limites. Nous nous effor\u00e7ons d&rsquo;am\u00e9liorer continuellement la qualit\u00e9 de nos services afin de r\u00e9pondre aux exigences en constante \u00e9volution de nos clients. Notre certification ISO est une preuve de notre engagement envers les normes les plus \u00e9lev\u00e9es et souligne notre d\u00e9termination \u00e0 fournir des r\u00e9sultats professionnels qui r\u00e9pondent aux attentes de nos clients \u00e0 tous \u00e9gards.<\/p>\n<\/div>\n\n\n\n<div class=\"wp-block-column is-layout-flow wp-block-column-is-layout-flow\">\n<figure class=\"wp-block-image size-full is-style-default\"><img loading=\"lazy\" decoding=\"async\" width=\"1920\" height=\"1280\" src=\"https:\/\/iceag.com\/wp-content\/uploads\/2024\/06\/ice-modernisierung.jpg\" alt=\"\" class=\"wp-image-517\" style=\"aspect-ratio:3\/2;object-fit:cover\" srcset=\"https:\/\/iceag.com\/wp-content\/uploads\/2024\/06\/ice-modernisierung.jpg 1920w, https:\/\/iceag.com\/wp-content\/uploads\/2024\/06\/ice-modernisierung-300x200.jpg 300w, https:\/\/iceag.com\/wp-content\/uploads\/2024\/06\/ice-modernisierung-1024x683.jpg 1024w, https:\/\/iceag.com\/wp-content\/uploads\/2024\/06\/ice-modernisierung-768x512.jpg 768w, https:\/\/iceag.com\/wp-content\/uploads\/2024\/06\/ice-modernisierung-1536x1024.jpg 1536w\" sizes=\"auto, (max-width: 1920px) 100vw, 1920px\" \/><\/figure>\n<\/div>\n<\/div>\n\n\n\n<div style=\"height:50px\" aria-hidden=\"true\" class=\"wp-block-spacer\"><\/div>\n<\/div><\/div>\n\n<div class=\"wp-block-group alignfull has-secondary-background-color has-background is-layout-constrained wp-block-group-is-layout-constrained\" style=\"margin-top:0;margin-bottom:0\">\n<div class=\"wp-block-columns alignwide are-vertically-aligned-bottom has-secondary-background-color has-background is-layout-flex wp-container-core-columns-is-layout-28f84493 wp-block-columns-is-layout-flex\">\n<div class=\"wp-block-column is-vertically-aligned-bottom is-layout-flow wp-block-column-is-layout-flow\">\n<h4 class=\"wp-block-heading\">Agir avec responsabilit\u00e9 pour un avenir durable\u00a0!<\/h4>\n\n\n\n<h2 class=\"wp-block-heading has-background-color has-text-color has-link-color wp-elements-6a1a1bd53653bc046680f45771ffb1bb\">Construisez l\u2019avenir avec nous \u2013 <br\/>La famille I.C.E. recherche de nouveaux talents.<\/h2>\n<\/div>\n\n\n\n<div class=\"wp-block-column is-vertically-aligned-bottom is-layout-flow wp-block-column-is-layout-flow\">\n<div class=\"wp-block-buttons is-content-justification-right is-layout-flex wp-container-core-buttons-is-layout-ed59bcea wp-block-buttons-is-layout-flex\">\n<div class=\"wp-block-button\"><a class=\"wp-block-button__link wp-element-button\" href=\"https:\/\/iceag.com\/fr\/postes-a-pourvoir\/\">Voir les offres d&apos;emploi<\/a><\/div>\n<\/div>\n<\/div>\n<\/div>\n<\/div>\n","protected":false},"excerpt":{"rendered":"<p>Ing\u00e9nierie suisse innovante<\/p>\n","protected":false},"author":2,"featured_media":652,"parent":0,"menu_order":0,"comment_status":"closed","ping_status":"closed","template":"","meta":{"_acf_changed":false,"inline_featured_image":false,"footnotes":""},"class_list":["post-2397","page","type-page","status-publish","has-post-thumbnail","hentry"],"acf":[],"_links":{"self":[{"href":"https:\/\/iceag.com\/fr\/wp-json\/wp\/v2\/pages\/2397","targetHints":{"allow":["GET"]}}],"collection":[{"href":"https:\/\/iceag.com\/fr\/wp-json\/wp\/v2\/pages"}],"about":[{"href":"https:\/\/iceag.com\/fr\/wp-json\/wp\/v2\/types\/page"}],"author":[{"embeddable":true,"href":"https:\/\/iceag.com\/fr\/wp-json\/wp\/v2\/users\/2"}],"replies":[{"embeddable":true,"href":"https:\/\/iceag.com\/fr\/wp-json\/wp\/v2\/comments?post=2397"}],"version-history":[{"count":45,"href":"https:\/\/iceag.com\/fr\/wp-json\/wp\/v2\/pages\/2397\/revisions"}],"predecessor-version":[{"id":3799,"href":"https:\/\/iceag.com\/fr\/wp-json\/wp\/v2\/pages\/2397\/revisions\/3799"}],"wp:featuredmedia":[{"embeddable":true,"href":"https:\/\/iceag.com\/fr\/wp-json\/wp\/v2\/media\/652"}],"wp:attachment":[{"href":"https:\/\/iceag.com\/fr\/wp-json\/wp\/v2\/media?parent=2397"}],"curies":[{"name":"wp","href":"https:\/\/api.w.org\/{rel}","templated":true}]}}