{"id":2391,"date":"2024-02-08T10:30:58","date_gmt":"2024-02-08T10:30:58","guid":{"rendered":"https:\/\/iceag.com\/gamme-de-services\/"},"modified":"2025-05-07T14:48:33","modified_gmt":"2025-05-07T14:48:33","slug":"gamme-de-services","status":"publish","type":"page","link":"https:\/\/iceag.com\/fr\/gamme-de-services\/","title":{"rendered":"Gamme de prestations"},"content":{"rendered":"\n<section class=\"eoss_hero_small alignfull\"><div class=\"eoss_hero_small_content\"><h4 class=\"eoss_hero_small_content_subtitle\">Les solutions d&apos;incin&eacute;ration intelligentes sont notre force<\/h4><h1 class=\"eoss_hero_small_content_title\">Gamme de prestations<\/h1><div class=\"eoss_hero_small_content_text\"><\/div><\/div><figure class=\"eoss_background eoss_hero_small_bg\"><img decoding=\"async\" src=\"https:\/\/iceag.com\/wp-content\/uploads\/2024\/10\/leistungsspektrum.jpg\"\/><\/figure><\/section>\r\n\n<div style=\"height:50px\" aria-hidden=\"true\" class=\"wp-block-spacer\"><\/div>\n\n<div class=\"wp-block-columns is-layout-flex wp-container-core-columns-is-layout-28f84493 wp-block-columns-is-layout-flex\">\n<div class=\"wp-block-column is-layout-flow wp-block-column-is-layout-flow\" style=\"flex-basis:30%\">\n<h4 class=\"wp-block-heading\">Un fournisseur unique<\/h4>\n\n\n\n<h2 class=\"wp-block-heading\">Faites confiance \u00e0 l&apos;expertise de nos sp\u00e9cialistes des solutions d\u2019incin\u00e9ration<\/h2>\n\n\n\n<p>Expert de l\u2019incin\u00e9ration et de la modernisation des installations, I.C.E. AG accompagne les exploitants d&rsquo;installations thermiques pour l&rsquo;incin\u00e9ration des d\u00e9chets, la production d&rsquo;\u00e9nergie et le chauffage urbain dans la planification, la modernisation et la pr\u00e9servation de la valeur avec des solutions d\u2019incin\u00e9ration intelligentes d&rsquo;un fournisseur unique. Gr\u00e2ce \u00e0 notre expertise, nos services et nos syst\u00e8mes sur mesure, nous \u00e9tablissons des bases solides pour am\u00e9liorer la rentabilit\u00e9, renforcer la fiabilit\u00e9 et optimiser en continu les performances \u00e9nerg\u00e9tiques.<\/p>\n<\/div>\n\n\n\n<div class=\"wp-block-column is-layout-flow wp-block-column-is-layout-flow\" style=\"flex-basis:65%\">\n<div class=\"wp-block-eoss-ananas-blocks-circle\"><section class=\"eoss_circle\"><div class=\"eoss_circle_background\"><img decoding=\"async\" class=\"eoss_circle_background_one\" src=\"https:\/\/iceag.com\/wp-content\/uploads\/2024\/06\/anlagen-kreis.jpeg\"\/><img decoding=\"async\" class=\"eoss_circle_background_two\" src=\"https:\/\/iceag.com\/wp-content\/uploads\/2024\/06\/PWG-Thun-15.9.2021.jpeg\"\/><img decoding=\"async\" class=\"eoss_circle_background_three\" src=\"https:\/\/iceag.com\/wp-content\/uploads\/2024\/10\/planung-inbetriebnahme.jpg\"\/><img decoding=\"async\" class=\"eoss_circle_background_four\" src=\"https:\/\/iceag.com\/wp-content\/uploads\/2024\/06\/ice-optimierung.jpg\"\/><img decoding=\"async\" class=\"eoss_circle_background_five\" src=\"https:\/\/iceag.com\/wp-content\/uploads\/2024\/07\/Vorschlag-5.jpg\"\/><img decoding=\"async\" class=\"eoss_circle_background_six\" src=\"https:\/\/iceag.com\/wp-content\/uploads\/2024\/06\/ice-muellballierung-klein.jpg\"\/><\/div><div class=\"eoss_circle_bar eoss_circle_bar_a\"><a href=\"https:\/\/iceag.com\/fr\/gamme-de-services\/planification-des-installations-nouvelles-et-de-remplacement\/\" class=\"eoss_circle_background_one\"><img decoding=\"async\" src=\"\/wp-content\/plugins\/ice-blocks\/assets\/icons\/light_red.png\"\/><span>Planification d\u2019installations nouvelles et de substitutions<\/span><\/a><a href=\"https:\/\/iceag.com\/fr\/gamme-de-services\/optimisation-et-modernisation\/\" class=\"eoss_circle_background_four\"><img decoding=\"async\" src=\"\/wp-content\/plugins\/ice-blocks\/assets\/icons\/document_red.png\"\/><span>Optimisation et modernisation<\/span><\/a><\/div><div class=\"eoss_circle_bar eoss_circle_bar_b\"><a href=\"https:\/\/iceag.com\/fr\/gamme-de-services\/livraisons-de-systemes\/\" class=\"eoss_circle_background_two\"><img decoding=\"async\" src=\"\/wp-content\/plugins\/ice-blocks\/assets\/icons\/map_red.png\"\/><span>Fourniture de syst\u00e8mes<\/span><\/a><a href=\"https:\/\/iceag.com\/fr\/gamme-de-services\/chaudronnerie\/\" class=\"eoss_circle_background_five\"><img decoding=\"async\" src=\"\/wp-content\/plugins\/ice-blocks\/assets\/icons\/manufacture_red.png\"\/><span>Technologie des chaudi\u00e8res<\/span><\/a><\/div><div class=\"eoss_circle_bar eoss_circle_bar_c\"><a href=\"https:\/\/iceag.com\/fr\/gamme-de-services\/direction-des-montages-des-mises-en-service-et-des-revisions\/\" class=\"eoss_circle_background_three\"><img decoding=\"async\" src=\"\/wp-content\/plugins\/ice-blocks\/assets\/icons\/tools_red.png\"\/><span>Direction de montages, mises en service et r\u00e9visions<\/span><\/a><a href=\"https:\/\/iceag.com\/fr\/gamme-de-services\/ballastage-des-dechets\/\" class=\"eoss_circle_background_six\"><img decoding=\"async\" src=\"\/wp-content\/plugins\/ice-blocks\/assets\/icons\/muellballierung_red.png\"\/><span>Enrubannage de d\u00e9chets<\/span><\/a><\/div><\/section><\/div>\n<\/div>\n<\/div>\n\n<div style=\"height:50px\" aria-hidden=\"true\" class=\"wp-block-spacer\"><\/div>\n","protected":false},"excerpt":{"rendered":"<p>Un fournisseur unique Faites confiance \u00e0 l&apos;expertise de nos sp\u00e9cialistes des solutions d\u2019incin\u00e9ration Expert de l\u2019incin\u00e9ration et de la modernisation des installations, I.C.E. AG accompagne les exploitants d&rsquo;installations thermiques pour l&rsquo;incin\u00e9ration des d\u00e9chets, la production d&rsquo;\u00e9nergie et le chauffage urbain dans la planification, la modernisation et la pr\u00e9servation de la valeur avec des solutions d\u2019incin\u00e9ration [&hellip;]<\/p>\n","protected":false},"author":2,"featured_media":674,"parent":0,"menu_order":0,"comment_status":"closed","ping_status":"closed","template":"","meta":{"_acf_changed":false,"inline_featured_image":false,"footnotes":""},"class_list":["post-2391","page","type-page","status-publish","has-post-thumbnail","hentry"],"acf":[],"_links":{"self":[{"href":"https:\/\/iceag.com\/fr\/wp-json\/wp\/v2\/pages\/2391","targetHints":{"allow":["GET"]}}],"collection":[{"href":"https:\/\/iceag.com\/fr\/wp-json\/wp\/v2\/pages"}],"about":[{"href":"https:\/\/iceag.com\/fr\/wp-json\/wp\/v2\/types\/page"}],"author":[{"embeddable":true,"href":"https:\/\/iceag.com\/fr\/wp-json\/wp\/v2\/users\/2"}],"replies":[{"embeddable":true,"href":"https:\/\/iceag.com\/fr\/wp-json\/wp\/v2\/comments?post=2391"}],"version-history":[{"count":29,"href":"https:\/\/iceag.com\/fr\/wp-json\/wp\/v2\/pages\/2391\/revisions"}],"predecessor-version":[{"id":3834,"href":"https:\/\/iceag.com\/fr\/wp-json\/wp\/v2\/pages\/2391\/revisions\/3834"}],"wp:featuredmedia":[{"embeddable":true,"href":"https:\/\/iceag.com\/fr\/wp-json\/wp\/v2\/media\/674"}],"wp:attachment":[{"href":"https:\/\/iceag.com\/fr\/wp-json\/wp\/v2\/media?parent=2391"}],"curies":[{"name":"wp","href":"https:\/\/api.w.org\/{rel}","templated":true}]}}