{"id":2390,"date":"2024-02-08T14:19:55","date_gmt":"2024-02-08T14:19:55","guid":{"rendered":"https:\/\/iceag.com\/i-c-e-ag-solutions-de-combustion-intelligentes\/"},"modified":"2026-02-11T16:38:34","modified_gmt":"2026-02-11T16:38:34","slug":"i-c-e-ag-solutions-de-combustion-intelligentes","status":"publish","type":"page","link":"https:\/\/iceag.com\/fr\/","title":{"rendered":"I.C.E. AG &#8211; Solutions d&rsquo;incin&eacute;ration intelligentes"},"content":{"rendered":"\n<div class=\"wp-block-eoss-ananas-blocks-hero alignfull\"><div class=\"wp-block-eoss-ananas-blocks-hero_wrap\"><figure class=\"eoss_background\"><img decoding=\"async\" src=\"https:\/\/iceag.com\/wp-content\/uploads\/2024\/06\/Bild-5-scaled.jpeg\"\/><img decoding=\"async\" src=\"https:\/\/iceag.com\/wp-content\/uploads\/2024\/10\/iStock-2148115725-Beratung-Planung-Buero-08.jpg\"\/><img decoding=\"async\" src=\"https:\/\/iceag.com\/wp-content\/uploads\/2024\/10\/KEBAG-Enova-Waescher-202307_001.jpg\"\/><img decoding=\"async\" src=\"https:\/\/iceag.com\/wp-content\/uploads\/2024\/10\/iStock-1959827938-Baubesprechung.jpg\"\/><img decoding=\"async\" src=\"https:\/\/iceag.com\/wp-content\/uploads\/2024\/10\/KEBAG-Enova-Rost-Kessel-20221216_141401.jpg\"\/><\/figure><div class=\"wp-block-eoss-ananas-blocks-hero_content_wrap\"><div class=\"wp-block-eoss-ananas-blocks-hero_content\"><h4 class=\"eossblocks-hero__slogan\">Pour le bien de l&apos;environnement<\/h4><h1 class=\"title\">Les solutions d&apos;incin&eacute;ration intelligentes sont notre force<\/h1><div class=\"eoss_hero_buttons\"><a class=\"is-style-ice-button-one eoss_btn\" href=\"https:\/\/iceag.com\/fr\/gamme-de-services\/\">Gamme de prestations<\/a><\/div><\/div><figure class=\"eoss_hero_icon\"><\/figure><\/div><\/div><div class=\"eoss_hero_scroll\">D&eacute;filer<\/div><\/div><br>\n\n<div style=\"height:50px\" aria-hidden=\"true\" class=\"wp-block-spacer\"><\/div>\n\n<div class=\"wp-block-columns is-layout-flex wp-container-core-columns-is-layout-28f84493 wp-block-columns-is-layout-flex\">\n<div class=\"wp-block-column is-layout-flow wp-block-column-is-layout-flow\" style=\"flex-basis:10%\"><\/div>\n\n\n\n<div class=\"wp-block-column is-layout-flow wp-block-column-is-layout-flow\">\n<figure class=\"wp-block-image alignwide size-full\"><a href=\"https:\/\/exhibitors.ifat.de\/de\/aussteller-warengruppen\/aussteller-marken\/aussteller-marken-details\/exhibitorDetail\/ID\/1497756\/?cHash=afd47ed0c089617095a0e5ef510b04d0\"><img loading=\"lazy\" decoding=\"async\" width=\"728\" height=\"90\" src=\"https:\/\/iceag.com\/wp-content\/uploads\/2026\/02\/3ff9499356656594_2076_A4_415_de.png\" alt=\"\" class=\"wp-image-4178\" srcset=\"https:\/\/iceag.com\/wp-content\/uploads\/2026\/02\/3ff9499356656594_2076_A4_415_de.png 728w, https:\/\/iceag.com\/wp-content\/uploads\/2026\/02\/3ff9499356656594_2076_A4_415_de-300x37.png 300w\" sizes=\"auto, (max-width: 728px) 100vw, 728px\" \/><\/a><\/figure>\n<\/div>\n\n\n\n<div class=\"wp-block-column is-layout-flow wp-block-column-is-layout-flow\" style=\"flex-basis:10%\"><\/div>\n<\/div>\n\n<div style=\"height:50px\" aria-hidden=\"true\" class=\"wp-block-spacer\"><\/div>\n\n<div class=\"wp-block-columns is-layout-flex wp-container-core-columns-is-layout-28f84493 wp-block-columns-is-layout-flex\">\n<div class=\"wp-block-column is-layout-flow wp-block-column-is-layout-flow\" style=\"flex-basis:30%\">\n<h4 class=\"wp-block-heading\">Un fournisseur unique<\/h4>\n\n\n\n<h2 class=\"wp-block-heading\">Faites confiance \u00e0 l&apos;expertise de nos sp\u00e9cialistes des solutions d\u2019incin\u00e9ration<\/h2>\n\n\n\n<p>En tant qu&rsquo;experts en incin\u00e9ration et en modernisation d&rsquo;installations, la soci\u00e9t\u00e9 I.C.E. AG soutient les exploitants d\u2019usines de valorisation \u00e9nerg\u00e9tique (UVE) des d\u00e9chets, la production d&rsquo;\u00e9nergie et le chauffage urbain dans la planification, la modernisation et la pr\u00e9servation de la valeur avec des solutions d\u2019incin\u00e9ration intelligentes. Avec un savoir-faire d&rsquo;experts de premier plan, des services et des syst\u00e8mes sur mesure, nous cr\u00e9ons des bases durables pour plus de rentabilit\u00e9, de fiabilit\u00e9 et une optimisation continue du rendement \u00e9nerg\u00e9tique.<\/p>\n<\/div>\n\n\n\n<div class=\"wp-block-column is-layout-flow wp-block-column-is-layout-flow\" style=\"flex-basis:65%\">\n<div class=\"wp-block-eoss-ananas-blocks-circle\"><section class=\"eoss_circle\"><div class=\"eoss_circle_background\"><img decoding=\"async\" class=\"eoss_circle_background_one\" src=\"https:\/\/iceag.com\/wp-content\/uploads\/2024\/06\/anlagen-kreis.jpeg\"\/><img decoding=\"async\" class=\"eoss_circle_background_two\" src=\"https:\/\/iceag.com\/wp-content\/uploads\/2024\/06\/PWG-Thun-15.9.2021.jpeg\"\/><img decoding=\"async\" class=\"eoss_circle_background_three\" src=\"https:\/\/iceag.com\/wp-content\/uploads\/2024\/10\/planung-inbetriebnahme.jpg\"\/><img decoding=\"async\" class=\"eoss_circle_background_four\" src=\"https:\/\/iceag.com\/wp-content\/uploads\/2024\/06\/ice-optimierung.jpg\"\/><img decoding=\"async\" class=\"eoss_circle_background_five\" src=\"https:\/\/iceag.com\/wp-content\/uploads\/2024\/07\/Vorschlag-5.jpg\"\/><img decoding=\"async\" class=\"eoss_circle_background_six\" src=\"https:\/\/iceag.com\/wp-content\/uploads\/2024\/06\/ice-muellballierung-klein.jpg\"\/><\/div><div class=\"eoss_circle_bar eoss_circle_bar_a\"><a href=\"https:\/\/iceag.com\/fr\/gamme-de-services\/planification-des-installations-nouvelles-et-de-remplacement\/\" class=\"eoss_circle_background_one\"><img decoding=\"async\" src=\"\/wp-content\/plugins\/ice-blocks\/assets\/icons\/light_red.png\"\/><span>Planification d\u2019installations nouvelles et de substitutions<\/span><\/a><a href=\"https:\/\/iceag.com\/fr\/gamme-de-services\/optimisation-et-modernisation\/\" class=\"eoss_circle_background_four\"><img decoding=\"async\" src=\"\/wp-content\/plugins\/ice-blocks\/assets\/icons\/document_red.png\"\/><span>Optimisation et modernisation<\/span><\/a><\/div><div class=\"eoss_circle_bar eoss_circle_bar_b\"><a href=\"https:\/\/iceag.com\/fr\/gamme-de-services\/livraisons-de-systemes\/\" class=\"eoss_circle_background_two\"><img decoding=\"async\" src=\"\/wp-content\/plugins\/ice-blocks\/assets\/icons\/map_red.png\"\/><span>Fourniture de syst\u00e8mes<\/span><\/a><a href=\"https:\/\/iceag.com\/fr\/gamme-de-services\/chaudronnerie\/\" class=\"eoss_circle_background_five\"><img decoding=\"async\" src=\"\/wp-content\/plugins\/ice-blocks\/assets\/icons\/manufacture_red.png\"\/><span>Technologie des chaudi\u00e8res<\/span><\/a><\/div><div class=\"eoss_circle_bar eoss_circle_bar_c\"><a href=\"https:\/\/iceag.com\/fr\/gamme-de-services\/direction-des-montages-des-mises-en-service-et-des-revisions\/\" class=\"eoss_circle_background_three\"><img decoding=\"async\" src=\"\/wp-content\/plugins\/ice-blocks\/assets\/icons\/tools_red.png\"\/><span>Direction de montages, mises en service et r\u00e9visions<\/span><\/a><a href=\"https:\/\/iceag.com\/fr\/gamme-de-services\/ballastage-des-dechets\/\" class=\"eoss_circle_background_six\"><img decoding=\"async\" src=\"\/wp-content\/plugins\/ice-blocks\/assets\/icons\/muellballierung_red.png\"\/><span>Enrubannage de d\u00e9chets<\/span><\/a><\/div><\/section><\/div>\n<\/div>\n<\/div>\n\n<div style=\"height:50px\" aria-hidden=\"true\" class=\"wp-block-spacer\"><\/div>\n\n<div class=\"wp-block-eoss-ananas-blocks-background-white alignfull\"><div>\n<div class=\"wp-block-columns is-layout-flex wp-container-core-columns-is-layout-cf05694f wp-block-columns-is-layout-flex\">\n<div class=\"wp-block-column is-layout-flow wp-block-column-is-layout-flow\">\n<figure class=\"wp-block-image size-full\"><img loading=\"lazy\" decoding=\"async\" width=\"1240\" height=\"827\" src=\"https:\/\/iceag.com\/wp-content\/uploads\/2024\/10\/7a4afbfedbc4ac16733cb6ca9c2283c0.jpg\" alt=\"\" class=\"wp-image-1810\" srcset=\"https:\/\/iceag.com\/wp-content\/uploads\/2024\/10\/7a4afbfedbc4ac16733cb6ca9c2283c0.jpg 1240w, https:\/\/iceag.com\/wp-content\/uploads\/2024\/10\/7a4afbfedbc4ac16733cb6ca9c2283c0-300x200.jpg 300w, https:\/\/iceag.com\/wp-content\/uploads\/2024\/10\/7a4afbfedbc4ac16733cb6ca9c2283c0-1024x683.jpg 1024w, https:\/\/iceag.com\/wp-content\/uploads\/2024\/10\/7a4afbfedbc4ac16733cb6ca9c2283c0-768x512.jpg 768w\" sizes=\"auto, (max-width: 1240px) 100vw, 1240px\" \/><\/figure>\n<\/div>\n\n\n\n<div class=\"wp-block-column is-layout-flow wp-block-column-is-layout-flow\">\n<h2 class=\"wp-block-heading\">Nos meilleurs atouts<\/h2>\n\n\n\n<p>Nos projets de r\u00e9f\u00e9rence t\u00e9moignent de notre engagement et de notre expertise dans la contribution \u00e0 la mise en place d\u2019installations d\u2019incin\u00e9ration des d\u00e9chets modernes. Nous misons sur des solutions durables, des technologies innovantes et des partenariats \u00e9prouv\u00e9s pour un avenir propre.<\/p>\n\n\n\n<div class=\"wp-block-buttons is-layout-flex wp-block-buttons-is-layout-flex\">\n<div class=\"wp-block-button is-style-ice-button-one\"><a class=\"wp-block-button__link has-background-color has-primary-background-color has-text-color has-background has-link-color wp-element-button\" href=\"https:\/\/iceag.com\/fr\/projets-de-reference\/\">D\u00e9couvrir nos projets de r\u00e9f\u00e9rence<\/a><\/div>\n<\/div>\n<\/div>\n<\/div>\n\n\n\n<div style=\"height:50px\" aria-hidden=\"true\" class=\"wp-block-spacer\"><\/div>\n\n\n\n<div class=\"wp-block-columns is-layout-flex wp-container-core-columns-is-layout-cf05694f wp-block-columns-is-layout-flex\">\n<div class=\"wp-block-column is-layout-flow wp-block-column-is-layout-flow\">\n<h2 class=\"wp-block-heading\">Ing\u00e9nierie suisse innovante<\/h2>\n\n\n\n<p>La soci\u00e9t\u00e9 I.C.E. AG est une entreprise suisse ind\u00e9pendante d&rsquo;ing\u00e9nierie en technologie environnementale, principalement active dans le domaine des usines de valorisation \u00e9nerg\u00e9tique des d\u00e9chets, des installations de chauffage urbain, d\u2019incin\u00e9ration de biomasse et de boues d&rsquo;\u00e9puration, offrant des services de conseil, de modernisation et de pr\u00e9servation de la valeur.<\/p>\n\n\n\n<div class=\"wp-block-buttons is-layout-flex wp-block-buttons-is-layout-flex\">\n<div class=\"wp-block-button is-style-ice-button-one\"><a class=\"wp-block-button__link has-background-color has-primary-background-color has-text-color has-background has-link-color wp-element-button\" href=\"https:\/\/iceag.com\/fr\/a-propos-de-nous\/\">En savoir plus sur nous<\/a><\/div>\n<\/div>\n<\/div>\n\n\n\n<div class=\"wp-block-column is-layout-flow wp-block-column-is-layout-flow\">\n<figure class=\"wp-block-image size-full\"><img loading=\"lazy\" decoding=\"async\" width=\"1484\" height=\"836\" src=\"https:\/\/iceag.com\/wp-content\/uploads\/2024\/10\/ice-standort-wil-buero.jpg\" alt=\"\" class=\"wp-image-2274\" srcset=\"https:\/\/iceag.com\/wp-content\/uploads\/2024\/10\/ice-standort-wil-buero.jpg 1484w, https:\/\/iceag.com\/wp-content\/uploads\/2024\/10\/ice-standort-wil-buero-300x169.jpg 300w, https:\/\/iceag.com\/wp-content\/uploads\/2024\/10\/ice-standort-wil-buero-1024x577.jpg 1024w, https:\/\/iceag.com\/wp-content\/uploads\/2024\/10\/ice-standort-wil-buero-768x433.jpg 768w\" sizes=\"auto, (max-width: 1484px) 100vw, 1484px\" \/><\/figure>\n<\/div>\n<\/div>\n\n\n\n<div style=\"height:25px\" aria-hidden=\"true\" class=\"wp-block-spacer\"><\/div>\n<\/div><\/div>\n\n<div class=\"wp-block-group alignfull has-primary-background-color has-background is-layout-constrained wp-block-group-is-layout-constrained\">\n<div class=\"wp-block-columns has-primary-background-color has-background is-layout-flex wp-container-core-columns-is-layout-28f84493 wp-block-columns-is-layout-flex\">\n<div class=\"wp-block-column kontakt-block-title is-layout-flow wp-block-column-is-layout-flow\" style=\"flex-basis:33.33%\">\n<h2 class=\"wp-block-heading has-background-color has-text-color has-link-color wp-elements-1b9e26eadd808956de7c178e0ac03543\">Contactez-nous<\/h2>\n\n\n\n<figure class=\"wp-block-image size-large kontakt-block-title-img\"><img loading=\"lazy\" decoding=\"async\" width=\"606\" height=\"604\" src=\"https:\/\/iceag.com\/wp-content\/uploads\/2024\/10\/ice_on_white.svg\" alt=\"\" class=\"wp-image-1734\"\/><\/figure>\n<\/div>\n\n\n\n<div class=\"wp-block-column is-layout-flow wp-block-column-is-layout-flow\" style=\"flex-basis:66.66%\"><noscript class=\"ninja-forms-noscript-message\">\n\tRemarque\u00a0: JavaScript est requis pour ce contenu.<\/noscript>\n<style>\n\n        \/* FIELDS STYLES *\/\n    \n        .nf-form-content .nf-field-container #nf-field-9-wrap {\n                                    float:right;\n                    }\n    <\/style><div id=\"nf-form-2-cont\" class=\"nf-form-cont\" aria-live=\"polite\" aria-labelledby=\"nf-form-title-2\" aria-describedby=\"nf-form-errors-2\" role=\"form\">\n\n    <div class=\"nf-loading-spinner\"><\/div>\n\n<\/div>\n        <!-- That data is being printed as a workaround to page builders reordering the order of the scripts loaded-->\n        <script>var formDisplay=1;var nfForms=nfForms||[];var form=[];form.id='2';form.settings={\"objectType\":\"Form Setting\",\"editActive\":true,\"title\":\"Contact\",\"show_title\":0,\"allow_public_link\":0,\"embed_form\":\"\",\"clear_complete\":1,\"hide_complete\":1,\"default_label_pos\":\"above\",\"wrapper_class\":\"\",\"element_class\":\"\",\"form_title_heading_level\":\"3\",\"key\":\"\",\"add_submit\":0,\"changeEmailErrorMsg\":\"Veuillez saisir une adresse de messagerie valide. Ex\\u00a0: jean.dupont@gmail.com\",\"changeDateErrorMsg\":\"Veuillez saisir une date valide\\u00a0!\",\"confirmFieldErrorMsg\":\"Ces champs doivent correspondre\\u00a0!\",\"fieldNumberNumMinError\":\"Erreur de nombre min.\",\"fieldNumberNumMaxError\":\"Erreur de nombre max.\",\"fieldNumberIncrementBy\":\"Veuillez incr\\u00e9menter par \",\"formErrorsCorrectErrors\":\"Veuillez corriger les erreurs avant d\\u2019envoyer ce formulaire.\",\"validateRequiredField\":\"Ce champ est obligatoire.\",\"honeypotHoneypotError\":\"Erreur Honeypot\",\"fieldsMarkedRequired\":\"Les champs marqu\\u00e9s d\\u2019un <span class=\\\"ninja-forms-req-symbol\\\">*<\\\/span> sont obligatoires\",\"currency\":\"\",\"unique_field_error\":\"Un formulaire avec cette valeur a d\\u00e9j\\u00e0 \\u00e9t\\u00e9 soumis.\",\"logged_in\":false,\"not_logged_in_msg\":\"\",\"sub_limit_msg\":\"Le formulaire a atteint sa limite de contribution.\",\"calculations\":[],\"container_styles_show_advanced_css\":0,\"title_styles_show_advanced_css\":0,\"row_styles_show_advanced_css\":0,\"row-odd_styles_show_advanced_css\":0,\"success-msg_styles_show_advanced_css\":0,\"error_msg_styles_show_advanced_css\":0,\"formContentData\":[{\"order\":1,\"cells\":[{\"order\":0,\"fields\":[\"firma_1727850696632\",\"lastname_1707734060754\",\"firstname_1707734054389\",\"email_1707734064405\"],\"width\":50},{\"order\":1,\"fields\":[\"nachricht_1707734378136\",\"senden_1707734079070\"],\"width\":50}]}],\"drawerDisabled\":false,\"conditions\":[],\"ninjaForms\":\"Ninja Forms\",\"fieldTextareaRTEInsertLink\":\"Ins\\u00e9rer un lien\",\"fieldTextareaRTEInsertMedia\":\"Ins\\u00e9rer un m\\u00e9dia\",\"fieldTextareaRTESelectAFile\":\"S\\u00e9lectionnez un fichier\",\"formHoneypot\":\"Si vous \\u00eates un \\u00eatre humain et que vous voyez ce champ, veuillez le laisser vide.\",\"fileUploadOldCodeFileUploadInProgress\":\"T\\u00e9l\\u00e9versement du fichier en cours.\",\"fileUploadOldCodeFileUpload\":\"T\\u00c9L\\u00c9VERSEMENT DE FICHIER\",\"currencySymbol\":false,\"thousands_sep\":\"\\u00a0\",\"decimal_point\":\",\",\"siteLocale\":\"fr_FR\",\"dateFormat\":\"m\\\/d\\\/Y\",\"startOfWeek\":\"1\",\"of\":\"sur\",\"previousMonth\":\"Mois pr\\u00e9c\\u00e9dent\",\"nextMonth\":\"Mois suivant\",\"months\":[\"Janvier\",\"F\\u00e9vrier\",\"Mars\",\"Avril\",\"Mai\",\"Juin\",\"Juillet\",\"Ao\\u00fbt\",\"Septembre\",\"Octobre\",\"Novembre\",\"D\\u00e9cembre\"],\"monthsShort\":[\"Jan\",\"F\\u00e9v\",\"Mar\",\"Avr\",\"Mai\",\"Juin\",\"Juil\",\"Ao\\u00fb\",\"Sep\",\"Oct\",\"Nov\",\"D\\u00e9c\"],\"weekdays\":[\"Dimanche\",\"Lundi\",\"Mardi\",\"Mercredi\",\"Jeudi\",\"Vendredi\",\"Samedi\"],\"weekdaysShort\":[\"Dim\",\"Lun\",\"Mar\",\"Mer\",\"Jeu\",\"Ven\",\"Sam\"],\"weekdaysMin\":[\"Di\",\"Lu\",\"Ma\",\"Me\",\"Je\",\"Ve\",\"Sa\"],\"recaptchaConsentMissing\":\"reCaptcha validation couldn&#039;t load.\",\"recaptchaMissingCookie\":\"reCaptcha v3 validation couldn&#039;t load the cookie needed to submit the form.\",\"recaptchaConsentEvent\":\"Accept reCaptcha cookies before sending the form.\",\"currency_symbol\":\"\",\"beforeForm\":\"\",\"beforeFields\":\"\",\"afterFields\":\"\",\"afterForm\":\"\"};form.fields=[{\"objectType\":\"Field\",\"objectDomain\":\"fields\",\"editActive\":false,\"order\":1,\"idAttribute\":\"id\",\"type\":\"textbox\",\"label\":\"Soci\\u00e9t\\u00e9\",\"key\":\"firma_1727850696632\",\"label_pos\":\"above\",\"required\":false,\"default\":\"\",\"placeholder\":\"\",\"container_class\":\"\",\"element_class\":\"\",\"input_limit\":\"\",\"input_limit_type\":\"characters\",\"input_limit_msg\":\"Caract\\u00e8re(s) gauche(s)\",\"manual_key\":false,\"admin_label\":\"\",\"help_text\":\"\",\"mask\":\"\",\"custom_mask\":\"\",\"custom_name_attribute\":\"\",\"personally_identifiable\":\"\",\"wrap_styles_border\":\"\",\"wrap_styles_width\":\"\",\"wrap_styles_margin\":\"\",\"wrap_styles_padding\":\"\",\"wrap_styles_float\":\"\",\"wrap_styles_show_advanced_css\":0,\"label_styles_border\":\"\",\"label_styles_width\":\"\",\"label_styles_font-size\":\"\",\"label_styles_margin\":\"\",\"label_styles_padding\":\"\",\"label_styles_float\":\"\",\"label_styles_show_advanced_css\":0,\"element_styles_border\":\"\",\"element_styles_width\":\"\",\"element_styles_font-size\":\"\",\"element_styles_margin\":\"\",\"element_styles_padding\":\"\",\"element_styles_float\":\"\",\"element_styles_show_advanced_css\":0,\"cellcid\":\"c3476\",\"value\":\"\",\"drawerDisabled\":false,\"cellOrder\":1,\"id\":30,\"beforeField\":\"\",\"afterField\":\"\",\"parentType\":\"textbox\",\"element_templates\":[\"textbox\",\"input\"],\"old_classname\":\"\",\"wrap_template\":\"wrap\"},{\"objectType\":\"Field\",\"objectDomain\":\"fields\",\"editActive\":false,\"order\":2,\"idAttribute\":\"id\",\"label\":\"Nom de famille\",\"type\":\"lastname\",\"cellcid\":\"c3476\",\"key\":\"lastname_1707734060754\",\"label_pos\":\"above\",\"required\":false,\"default\":\"\",\"placeholder\":\"\",\"container_class\":\"\",\"element_class\":\"\",\"admin_label\":\"\",\"help_text\":\"\",\"custom_name_attribute\":\"lname\",\"personally_identifiable\":1,\"wrap_styles_show_advanced_css\":0,\"label_styles_show_advanced_css\":0,\"element_styles_show_advanced_css\":0,\"value\":\"\",\"cellOrder\":2,\"id\":6,\"beforeField\":\"\",\"afterField\":\"\",\"parentType\":\"lastname\",\"element_templates\":[\"lastname\",\"input\"],\"old_classname\":\"\",\"wrap_template\":\"wrap\"},{\"objectType\":\"Field\",\"objectDomain\":\"fields\",\"editActive\":false,\"order\":3,\"idAttribute\":\"id\",\"type\":\"firstname\",\"label\":\"Pr\\u00e9nom\",\"key\":\"firstname_1707734054389\",\"label_pos\":\"above\",\"required\":false,\"default\":\"\",\"placeholder\":\"\",\"container_class\":\"\",\"element_class\":\"\",\"admin_label\":\"\",\"help_text\":\"\",\"custom_name_attribute\":\"fname\",\"personally_identifiable\":1,\"wrap_styles_show_advanced_css\":0,\"label_styles_show_advanced_css\":0,\"element_styles_show_advanced_css\":0,\"cellcid\":\"c3476\",\"value\":\"\",\"cellOrder\":3,\"id\":5,\"beforeField\":\"\",\"afterField\":\"\",\"parentType\":\"firstname\",\"element_templates\":[\"firstname\",\"input\"],\"old_classname\":\"\",\"wrap_template\":\"wrap\"},{\"objectType\":\"Field\",\"objectDomain\":\"fields\",\"editActive\":false,\"order\":4,\"idAttribute\":\"id\",\"label\":\"E-mail\",\"type\":\"email\",\"cellcid\":\"c3476\",\"key\":\"email_1707734064405\",\"label_pos\":\"above\",\"required\":false,\"default\":\"\",\"placeholder\":\"\",\"container_class\":\"\",\"element_class\":\"\",\"admin_label\":\"\",\"help_text\":\"\",\"custom_name_attribute\":\"email\",\"personally_identifiable\":1,\"wrap_styles_show_advanced_css\":0,\"label_styles_show_advanced_css\":0,\"element_styles_show_advanced_css\":0,\"value\":\"\",\"cellOrder\":4,\"id\":7,\"beforeField\":\"\",\"afterField\":\"\",\"parentType\":\"email\",\"element_templates\":[\"email\",\"input\"],\"old_classname\":\"\",\"wrap_template\":\"wrap\"},{\"objectType\":\"Field\",\"objectDomain\":\"fields\",\"editActive\":false,\"order\":5,\"idAttribute\":\"id\",\"type\":\"textarea\",\"label\":\"Message\",\"key\":\"nachricht_1707734378136\",\"label_pos\":\"above\",\"required\":false,\"default\":\"\",\"placeholder\":\"\",\"container_class\":\"\",\"element_class\":\"\",\"input_limit\":\"\",\"input_limit_type\":\"characters\",\"input_limit_msg\":\"caract\\u00e8re(s) restant(s)\",\"manual_key\":false,\"admin_label\":\"\",\"help_text\":\"\",\"textarea_rte\":\"\",\"disable_rte_mobile\":\"\",\"textarea_media\":\"\",\"wrap_styles_border\":\"\",\"wrap_styles_width\":\"\",\"wrap_styles_margin\":\"\",\"wrap_styles_padding\":\"\",\"wrap_styles_float\":\"\",\"wrap_styles_show_advanced_css\":0,\"label_styles_border\":\"\",\"label_styles_width\":\"\",\"label_styles_font-size\":\"\",\"label_styles_margin\":\"\",\"label_styles_padding\":\"\",\"label_styles_float\":\"\",\"label_styles_show_advanced_css\":0,\"element_styles_border\":\"\",\"element_styles_width\":\"\",\"element_styles_font-size\":\"\",\"element_styles_margin\":\"\",\"element_styles_padding\":\"\",\"element_styles_float\":\"\",\"element_styles_show_advanced_css\":0,\"cellcid\":\"c3479\",\"value\":\"\",\"drawerDisabled\":false,\"cellOrder\":1,\"id\":8,\"beforeField\":\"\",\"afterField\":\"\",\"parentType\":\"textarea\",\"element_templates\":[\"textarea\",\"input\"],\"old_classname\":\"\",\"wrap_template\":\"wrap\"},{\"objectType\":\"Field\",\"objectDomain\":\"fields\",\"editActive\":false,\"order\":6,\"idAttribute\":\"id\",\"label\":\"Envoyer\",\"type\":\"submit\",\"processing_label\":\"En cours de traitement\",\"container_class\":\"\",\"element_class\":\"\",\"key\":\"senden_1707734079070\",\"wrap_styles_border\":\"\",\"wrap_styles_width\":\"\",\"wrap_styles_margin\":\"\",\"wrap_styles_padding\":\"\",\"wrap_styles_float\":\"right\",\"wrap_styles_show_advanced_css\":0,\"element_styles_border\":\"\",\"element_styles_width\":\"\",\"element_styles_font-size\":\"\",\"element_styles_margin\":\"\",\"element_styles_padding\":\"\",\"element_styles_float\":\"\",\"element_styles_show_advanced_css\":0,\"submit_element_hover_styles_border\":\"\",\"submit_element_hover_styles_width\":\"\",\"submit_element_hover_styles_font-size\":\"\",\"submit_element_hover_styles_margin\":\"\",\"submit_element_hover_styles_padding\":\"\",\"submit_element_hover_styles_float\":\"\",\"submit_element_hover_styles_show_advanced_css\":0,\"cellcid\":\"c3479\",\"drawerDisabled\":false,\"admin_label\":\"\",\"cellOrder\":2,\"id\":9,\"beforeField\":\"\",\"afterField\":\"\",\"value\":\"\",\"label_pos\":\"above\",\"parentType\":\"textbox\",\"element_templates\":[\"submit\",\"button\",\"input\"],\"old_classname\":\"\",\"wrap_template\":\"wrap-no-label\"}];nfForms.push(form);<\/script>\n                <script id=\"nf-tmpl-cell\" type=\"text\/template\">\n            <nf-fields><\/nf-fields>\n        <\/script>\n\n        <script id=\"nf-tmpl-row\" type=\"text\/template\">\n            <nf-cells><\/nf-cells>\n        <\/script>\n\n        <\/div>\n<\/div>\n<\/div>\n\n<div class=\"wp-block-group alignfull has-secondary-background-color has-background is-layout-constrained wp-block-group-is-layout-constrained\" style=\"margin-top:0;margin-bottom:0\">\n<div class=\"wp-block-columns alignwide are-vertically-aligned-bottom has-secondary-background-color has-background is-layout-flex wp-container-core-columns-is-layout-28f84493 wp-block-columns-is-layout-flex\">\n<div class=\"wp-block-column is-vertically-aligned-bottom is-layout-flow wp-block-column-is-layout-flow\">\n<h4 class=\"wp-block-heading\">Agir avec responsabilit\u00e9 pour un avenir durable\u00a0!<\/h4>\n\n\n\n<h2 class=\"wp-block-heading has-background-color has-text-color has-link-color wp-elements-6a1a1bd53653bc046680f45771ffb1bb\">Construisez l\u2019avenir avec nous \u2013 <br\/>La famille I.C.E. recherche de nouveaux talents.<\/h2>\n<\/div>\n\n\n\n<div class=\"wp-block-column is-vertically-aligned-bottom is-layout-flow wp-block-column-is-layout-flow\">\n<div class=\"wp-block-buttons is-content-justification-right is-layout-flex wp-container-core-buttons-is-layout-ed59bcea wp-block-buttons-is-layout-flex\">\n<div class=\"wp-block-button\"><a class=\"wp-block-button__link wp-element-button\" href=\"https:\/\/iceag.com\/fr\/postes-a-pourvoir\/\">Voir les offres d&apos;emploi<\/a><\/div>\n<\/div>\n<\/div>\n<\/div>\n<\/div>\n","protected":false},"excerpt":{"rendered":"<p>Un fournisseur unique Faites confiance \u00e0 l&apos;expertise de nos sp\u00e9cialistes des solutions d\u2019incin\u00e9ration En tant qu&rsquo;experts en incin\u00e9ration et en modernisation d&rsquo;installations, la soci\u00e9t\u00e9 I.C.E. AG soutient les exploitants d\u2019usines de valorisation \u00e9nerg\u00e9tique (UVE) des d\u00e9chets, la production d&rsquo;\u00e9nergie et le chauffage urbain dans la planification, la modernisation et la pr\u00e9servation de la valeur avec [&hellip;]<\/p>\n","protected":false},"author":2,"featured_media":0,"parent":0,"menu_order":0,"comment_status":"closed","ping_status":"closed","template":"","meta":{"_acf_changed":false,"inline_featured_image":false,"footnotes":""},"class_list":["post-2390","page","type-page","status-publish","hentry"],"acf":[],"_links":{"self":[{"href":"https:\/\/iceag.com\/fr\/wp-json\/wp\/v2\/pages\/2390","targetHints":{"allow":["GET"]}}],"collection":[{"href":"https:\/\/iceag.com\/fr\/wp-json\/wp\/v2\/pages"}],"about":[{"href":"https:\/\/iceag.com\/fr\/wp-json\/wp\/v2\/types\/page"}],"author":[{"embeddable":true,"href":"https:\/\/iceag.com\/fr\/wp-json\/wp\/v2\/users\/2"}],"replies":[{"embeddable":true,"href":"https:\/\/iceag.com\/fr\/wp-json\/wp\/v2\/comments?post=2390"}],"version-history":[{"count":34,"href":"https:\/\/iceag.com\/fr\/wp-json\/wp\/v2\/pages\/2390\/revisions"}],"predecessor-version":[{"id":4187,"href":"https:\/\/iceag.com\/fr\/wp-json\/wp\/v2\/pages\/2390\/revisions\/4187"}],"wp:attachment":[{"href":"https:\/\/iceag.com\/fr\/wp-json\/wp\/v2\/media?parent=2390"}],"curies":[{"name":"wp","href":"https:\/\/api.w.org\/{rel}","templated":true}]}}