{"id":2385,"date":"2024-02-15T15:22:56","date_gmt":"2024-02-15T15:22:56","guid":{"rendered":"https:\/\/iceag.com\/equipe\/"},"modified":"2026-01-20T12:52:53","modified_gmt":"2026-01-20T12:52:53","slug":"equipe","status":"publish","type":"page","link":"https:\/\/iceag.com\/fr\/a-propos-de-nous\/equipe\/","title":{"rendered":"&Eacute;quipe"},"content":{"rendered":"\n<section class=\"eoss_hero_small alignfull\">\r\n<div class=\"eoss_hero_small_content\">\r\n<h4 class=\"eoss_hero_small_content_subtitle\"><strong>Les solutions d&rsquo;incin\u00e9ration intelligentes sont notre force<\/strong><\/h4>\r\n<h1 class=\"eoss_hero_small_content_title\">Team<\/h1>\r\n<div class=\"eoss_hero_small_content_text\"><\/div>\r\n<\/div>\r\n<figure class=\"eoss_background eoss_hero_small_bg\"><img decoding=\"async\" src=\"https:\/\/iceag.com\/wp-content\/uploads\/2024\/10\/IMG_7272-1.jpg\" \/><\/figure>\r\n<\/section>\n\n<h2 class=\"wp-block-heading\">Collaborateurs<\/h2>\n<section class=\"eoss_members_filter\"><span class=\"eoss_members_filter_reset_label\">Filtre: <\/span><span id=\"eoss_members_filter_reset\">R\u00e9initialiser<\/span><div class=\"eoss_members_filter_selections\"><select id=\"categories\"><option value=\"cat-all\"><\/option><option value=\"direction\">Direction<\/option><option value=\"montage-fr\">Montage<\/option><option value=\"technologie-des-chaudieres\">Technologie des chaudi\u00e8res<\/option><option value=\"conseil\">Conseil<\/option><option value=\"direction-elargie\">Direction \u00e9largie<\/option><option value=\"ventes\">Ventes<\/option><option value=\"ingenierie\">Ing\u00e9nierie<\/option><option value=\"compactage-des-dechets-en-balles\">Compactage des d\u00e9chets en balles<\/option><option value=\"mise-en-service\">Mise en service<\/option><option value=\"optimisation-fr\">Optimisation<\/option><option value=\"administration-fr\">Administration<\/option><\/select><\/div><\/section><article class=\"eoss_members eoss_all_members\"><section class=\"eoss_members_single direction montage-fr \"><figure class=\"eoss_members_single_img\"><img decoding=\"async\" src=\"https:\/\/iceag.com\/wp-content\/uploads\/2024\/03\/Gemperle_Herbert.jpg\"\/><\/figure><h3>Herbert Gemperle<\/h3><p>Directeur g\u00e9n\u00e9ral,\ning. dipl. HES, NDU PME HSG  <\/p><\/section><section class=\"eoss_members_single direction technologie-des-chaudieres \"><figure class=\"eoss_members_single_img\"><img decoding=\"async\" src=\"https:\/\/iceag.com\/wp-content\/uploads\/2024\/02\/Gehr_Ambros.png\"\/><\/figure><h3>Ambros Gehr<\/h3><p>Responsable technologie chaudi\u00e8re, ing. m\u00e9c. dipl. EPFL<\/p><\/section><section class=\"eoss_members_single conseil direction \"><figure class=\"eoss_members_single_img\"><img decoding=\"async\" src=\"https:\/\/iceag.com\/wp-content\/uploads\/2024\/03\/Nef_Markus.jpg\"\/><\/figure><h3>Dr. Markus Nef<\/h3><p>Responsable Conseil\/Planification, Dr. sc. techn. ETH  <\/p><\/section><section class=\"eoss_members_single conseil direction-elargie ventes \"><figure class=\"eoss_members_single_img\"><img decoding=\"async\" src=\"https:\/\/iceag.com\/wp-content\/uploads\/2024\/02\/Koegler_Hans.png\"\/><\/figure><h3>Hans-Marian K\u00f6gler<\/h3><p>Directeur des ventes, Chef de projet senior conseil et planification, ing. dipl. HTL\/ing\u00e9nieur en \u00e9conomie industrielle STV   <\/p><\/section><section class=\"eoss_members_single ingenierie \"><figure class=\"eoss_members_single_img\"><img decoding=\"async\" src=\"https:\/\/iceag.com\/wp-content\/uploads\/2024\/02\/Burri_Richard.png\"\/><\/figure><h3>Richard Burri<\/h3><p>Responsable de l&rsquo;ing\u00e9nierie, des projets et des livraisons de syst\u00e8mes, ing. dipl. ETH  <\/p><\/section><section class=\"eoss_members_single compactage-des-dechets-en-balles montage-fr \"><figure class=\"eoss_members_single_img\"><img decoding=\"async\" src=\"https:\/\/iceag.com\/wp-content\/uploads\/2024\/02\/Kolb_Christian.png\"\/><\/figure><h3>Christian Kolb<\/h3><p>Responsable du compactage des d\u00e9chets en balles, chef monteur, technicien de service<\/p><\/section><section class=\"eoss_members_single direction-elargie mise-en-service montage-fr optimisation-fr \"><figure class=\"eoss_members_single_img\"><img decoding=\"async\" src=\"https:\/\/iceag.com\/wp-content\/uploads\/2025\/05\/Schlegel_Walter.jpg\"\/><\/figure><h3>Walter Schlegel<\/h3><p>Responsable de la division Optimisation et mise en service, Chef de projet senior, ing. m\u00e9c. dipl. HTL\/FH, EMBA Business Engineering<\/p><\/section><section class=\"eoss_members_single administration-fr \"><figure class=\"eoss_members_single_img\"><img decoding=\"async\" src=\"https:\/\/iceag.com\/wp-content\/uploads\/2026\/01\/avatar_frau_quadrat.png\"\/><\/figure><h3>Nicole Bocale-Landolt<\/h3><p>Services centraux et finances, Employ\u00e9e de commerce CFC<\/p><\/section><section class=\"eoss_members_single conseil \"><figure class=\"eoss_members_single_img\"><img decoding=\"async\" src=\"https:\/\/iceag.com\/wp-content\/uploads\/2025\/01\/Cadruvi_Serafin_01.jpg\"\/><\/figure><h3>Serafin Cadruvi<\/h3><p>Conseil\/Planification, BSc en g\u00e9nie m\u00e9canique, HES<\/p><\/section><section class=\"eoss_members_single optimisation-fr \"><figure class=\"eoss_members_single_img\"><img decoding=\"async\" src=\"https:\/\/iceag.com\/wp-content\/uploads\/2025\/01\/Fehr_Marcel_1.jpg\"\/><\/figure><h3>Marcel Fehr<\/h3><p>Ing\u00e9nierie et Projets, Responsable de projet, MSc en sciences du g\u00e9nie m\u00e9canique, ETH<\/p><\/section><section class=\"eoss_members_single compactage-des-dechets-en-balles montage-fr \"><figure class=\"eoss_members_single_img\"><img decoding=\"async\" src=\"https:\/\/iceag.com\/wp-content\/uploads\/2025\/05\/Fornara_Alessio.jpg\"\/><\/figure><h3>Alessio Fornara<\/h3><p>Op\u00e9rateur de machines des d\u00e9chets en balles, Technicien de service<\/p><\/section><section class=\"eoss_members_single ingenierie \"><figure class=\"eoss_members_single_img\"><img decoding=\"async\" src=\"https:\/\/iceag.com\/wp-content\/uploads\/2024\/03\/Frey_Louis_2.jpg\"\/><\/figure><h3>Louis Frey<\/h3><p>Dessinateur\/Constructeur et chef de projet ing\u00e9nierie, BSc SUPSI ing\u00e9nierie industrielle<\/p><\/section><section class=\"eoss_members_single ingenierie \"><figure class=\"eoss_members_single_img\"><img decoding=\"async\" src=\"https:\/\/iceag.com\/wp-content\/uploads\/2024\/02\/Harbus_Rainer.png\"\/><\/figure><h3>Rainer Harbus<\/h3><p>Chef de projet en conception, technicien dipl\u00f4m\u00e9 d&rsquo;\u00c9tat en g\u00e9nie m\u00e9canique  <\/p><\/section><section class=\"eoss_members_single mise-en-service optimisation-fr \"><figure class=\"eoss_members_single_img\"><img decoding=\"async\" src=\"https:\/\/iceag.com\/wp-content\/uploads\/2024\/07\/Hedtstueck_Johannes_1.jpg\"\/><\/figure><h3>Johannes Hedtst\u00fcck<\/h3><p>Optimisation et mise en service, BSc en technique \u00e9nerg\u00e9tique et des proc\u00e9d\u00e9s, HES<\/p><\/section><section class=\"eoss_members_single conseil \"><figure class=\"eoss_members_single_img\"><img decoding=\"async\" src=\"https:\/\/iceag.com\/wp-content\/uploads\/2024\/03\/Heusser_Peter.jpg\"\/><\/figure><h3>Dr. Peter Heusser<\/h3><p>Technologie des proc\u00e9d\u00e9s et conseil, Dr. sc. techn. ETH  <\/p><\/section><section class=\"eoss_members_single technologie-des-chaudieres \"><figure class=\"eoss_members_single_img\"><img decoding=\"async\" src=\"https:\/\/iceag.com\/wp-content\/uploads\/2024\/02\/Imholz_Lukas.png\"\/><\/figure><h3>Lukas Imholz<\/h3><p>Technologie chaudi\u00e8re, Master en sciences et technologies de l\u2019\u00e9nergie<\/p><\/section><section class=\"eoss_members_single ingenierie \"><figure class=\"eoss_members_single_img\"><img decoding=\"async\" src=\"https:\/\/iceag.com\/wp-content\/uploads\/2025\/12\/Kis-Kovacs_Barna_Website_a1-1.jpg\"\/><\/figure><h3>Barna Kis Kov\u00e1cs<\/h3><p>Apprenti dessinateur\/constructeur CFC<\/p><\/section><section class=\"eoss_members_single mise-en-service \"><figure class=\"eoss_members_single_img\"><img decoding=\"async\" src=\"https:\/\/iceag.com\/wp-content\/uploads\/2024\/02\/Letang_Pascal.png\"\/><\/figure><h3>Pascal Letang<\/h3><p>Direction sp\u00e9cialis\u00e9e de la construction EMSR et mise en service<\/p><\/section><section class=\"eoss_members_single administration-fr \"><figure class=\"eoss_members_single_img\"><img decoding=\"async\" src=\"https:\/\/iceag.com\/wp-content\/uploads\/2024\/02\/Morales_Daniela.png\"\/><\/figure><h3>Daniela Morales<\/h3><p>Responsable des services centraux, commerciale CFC\/sp\u00e9cialiste en ressources humaines\/assistante en ressources humaines<\/p><\/section><section class=\"eoss_members_single administration-fr \"><figure class=\"eoss_members_single_img\"><img decoding=\"async\" src=\"https:\/\/iceag.com\/wp-content\/uploads\/2025\/04\/Mueller_Bettina_2.jpg\"\/><\/figure><h3>Bettina M\u00fcller<\/h3><p>Services centraux et finances, dipl\u00f4m\u00e9e en gestion d&rsquo;entreprise <\/p><\/section><section class=\"eoss_members_single conseil \"><figure class=\"eoss_members_single_img\"><img decoding=\"async\" src=\"https:\/\/iceag.com\/wp-content\/uploads\/2024\/06\/Remschak_Alex.jpg\"\/><\/figure><h3>Alex Remschak<\/h3><p>Conseil\/Planification, MSc en g\u00e9nie chimique et bioing\u00e9nierie, ETH<\/p><\/section><section class=\"eoss_members_single mise-en-service montage-fr \"><figure class=\"eoss_members_single_img\"><img decoding=\"async\" src=\"https:\/\/iceag.com\/wp-content\/uploads\/2026\/01\/avatar_mann_quadrat.png\"\/><\/figure><h3>Ernst M\u00fcller<\/h3><p>Technicien de mise en service, Chef d&rsquo;\u00e9quipe<\/p><\/section><section class=\"eoss_members_single ingenierie \"><figure class=\"eoss_members_single_img\"><img decoding=\"async\" src=\"https:\/\/iceag.com\/wp-content\/uploads\/2024\/06\/Renn_Oliver.jpg\"\/><\/figure><h3>Oliver Renn<\/h3><p>Dessinateur\/Constructeur, Ing\u00e9nieur de planification et de conception<\/p><\/section><section class=\"eoss_members_single ingenierie \"><figure class=\"eoss_members_single_img\"><img decoding=\"async\" src=\"https:\/\/iceag.com\/wp-content\/uploads\/2024\/02\/Roos_Kurt.png\"\/><\/figure><h3>Kurt Roos<\/h3><p>Planificateur et Dessinateur\/Constructeur, ing. m\u00e9c. IBZ<\/p><\/section><section class=\"eoss_members_single conseil \"><figure class=\"eoss_members_single_img\"><img decoding=\"async\" src=\"https:\/\/iceag.com\/wp-content\/uploads\/2024\/02\/Salamone_Michele.png\"\/><\/figure><h3>Michele Salamone<\/h3><p>Conseil\/Planification, Chef de projet senior, ing. m\u00e9c. dipl. (FH)  <\/p><\/section><section class=\"eoss_members_single conseil \"><figure class=\"eoss_members_single_img\"><img decoding=\"async\" src=\"https:\/\/iceag.com\/wp-content\/uploads\/2025\/12\/Schilling-Christoph_Website_a1-1.jpg\"\/><\/figure><h3>Christoph Schilling<\/h3><p>Conseil\/Planification, BSc en g\u00e9nie \u00e9nerg\u00e9tique et g\u00e9nie des proc\u00e9d\u00e9s, HES <\/p><\/section><section class=\"eoss_members_single conseil \"><figure class=\"eoss_members_single_img\"><img decoding=\"async\" src=\"https:\/\/iceag.com\/wp-content\/uploads\/2024\/02\/Schlauri_Martin.png\"\/><\/figure><h3>Martin Schlauri<\/h3><p>Conseil\/Planification, ing. dipl. HES  <\/p><\/section><section class=\"eoss_members_single administration-fr \"><figure class=\"eoss_members_single_img\"><img decoding=\"async\" src=\"https:\/\/iceag.com\/wp-content\/uploads\/2025\/08\/Spitzli_Corinne-2-1.jpg\"\/><\/figure><h3>Corinne Spitzli<\/h3><p>Responsable des finances\/administration du personnel, sp\u00e9cialiste en finance et comptabilit\u00e9 avec certificat f\u00e9d\u00e9ral de capacit\u00e9 <\/p><\/section><section class=\"eoss_members_single mise-en-service optimisation-fr \"><figure class=\"eoss_members_single_img\"><img decoding=\"async\" src=\"https:\/\/iceag.com\/wp-content\/uploads\/2025\/12\/Seiler-Jochen_Website_a1-2.jpg\"\/><\/figure><h3>Jochen Seiler<\/h3><p>Responsable de montage, Optimisation et mise en service, Dipl. CCI en technologie et op\u00e9rations de production m\u00e9tallurgique<\/p><\/section><section class=\"eoss_members_single conseil \"><figure class=\"eoss_members_single_img\"><img decoding=\"async\" src=\"https:\/\/iceag.com\/wp-content\/uploads\/2024\/03\/Stuber_Stephanie.jpg\"\/><\/figure><h3>Stephanie Stuber<\/h3><p>Conseil\/Planification, Chef de projet, MSc en science des sols et gestion des d\u00e9chets<\/p><\/section><section class=\"eoss_members_single mise-en-service optimisation-fr \"><figure class=\"eoss_members_single_img\"><img decoding=\"async\" src=\"https:\/\/iceag.com\/wp-content\/uploads\/2025\/03\/Szymanski_Samuel_1-1.jpg\"\/><\/figure><h3>Samuel Szymanski<\/h3><p>Optimisation et mise en service<\/p><\/section><section class=\"eoss_members_single technologie-des-chaudieres \"><figure class=\"eoss_members_single_img\"><img decoding=\"async\" src=\"https:\/\/iceag.com\/wp-content\/uploads\/2024\/02\/Thurnheer_Thomas.png\"\/><\/figure><h3>Thomas Thurnheer<\/h3><p>Technologie chaudi\u00e8re, MSc en g\u00e9nie m\u00e9canique, ETH<\/p><\/section><section class=\"eoss_members_single ventes \"><figure class=\"eoss_members_single_img\"><img decoding=\"async\" src=\"https:\/\/iceag.com\/wp-content\/uploads\/2024\/02\/Buettenbender_Berthold.png\"\/><\/figure><h3>Berthold B\u00fcttenbender<\/h3><p>Responsable commercial Allemagne et Autriche<\/p><\/section><section class=\"eoss_members_single ventes \"><figure class=\"eoss_members_single_img\"><img decoding=\"async\" src=\"https:\/\/iceag.com\/wp-content\/uploads\/2024\/03\/Membrez_Thomas.jpg\"\/><\/figure><h3>Thomas Membrez<\/h3><p>Responsable des ventes Suisse, ing. dipl. en g\u00e9nie m\u00e9canique, ETH<\/p><\/section><\/article>\n<div style=\"height:100px\" aria-hidden=\"true\" class=\"wp-block-spacer\"><\/div>\n","protected":false},"excerpt":{"rendered":"<p>Collaborateurs<\/p>\n","protected":false},"author":2,"featured_media":729,"parent":2397,"menu_order":0,"comment_status":"closed","ping_status":"closed","template":"","meta":{"_acf_changed":false,"inline_featured_image":false,"footnotes":""},"class_list":["post-2385","page","type-page","status-publish","has-post-thumbnail","hentry"],"acf":[],"_links":{"self":[{"href":"https:\/\/iceag.com\/fr\/wp-json\/wp\/v2\/pages\/2385","targetHints":{"allow":["GET"]}}],"collection":[{"href":"https:\/\/iceag.com\/fr\/wp-json\/wp\/v2\/pages"}],"about":[{"href":"https:\/\/iceag.com\/fr\/wp-json\/wp\/v2\/types\/page"}],"author":[{"embeddable":true,"href":"https:\/\/iceag.com\/fr\/wp-json\/wp\/v2\/users\/2"}],"replies":[{"embeddable":true,"href":"https:\/\/iceag.com\/fr\/wp-json\/wp\/v2\/comments?post=2385"}],"version-history":[{"count":23,"href":"https:\/\/iceag.com\/fr\/wp-json\/wp\/v2\/pages\/2385\/revisions"}],"predecessor-version":[{"id":4147,"href":"https:\/\/iceag.com\/fr\/wp-json\/wp\/v2\/pages\/2385\/revisions\/4147"}],"up":[{"embeddable":true,"href":"https:\/\/iceag.com\/fr\/wp-json\/wp\/v2\/pages\/2397"}],"wp:featuredmedia":[{"embeddable":true,"href":"https:\/\/iceag.com\/fr\/wp-json\/wp\/v2\/media\/729"}],"wp:attachment":[{"href":"https:\/\/iceag.com\/fr\/wp-json\/wp\/v2\/media?parent=2385"}],"curies":[{"name":"wp","href":"https:\/\/api.w.org\/{rel}","templated":true}]}}