{"id":2384,"date":"2024-04-22T12:19:57","date_gmt":"2024-04-22T12:19:57","guid":{"rendered":"https:\/\/iceag.com\/ballastage-des-dechets\/"},"modified":"2025-05-07T14:54:40","modified_gmt":"2025-05-07T14:54:40","slug":"ballastage-des-dechets","status":"publish","type":"page","link":"https:\/\/iceag.com\/fr\/gamme-de-services\/ballastage-des-dechets\/","title":{"rendered":"Enrubannage de d&eacute;chets"},"content":{"rendered":"\n<section class=\"eoss_hero_small alignfull\">\r\n<div class=\"eoss_hero_small_content\">\r\n<h4 class=\"eoss_hero_small_content_subtitle\">Un service complet qui ne laisse rien au hasard<\/h4>\r\n<h1 class=\"eoss_hero_small_content_title\">Enrubannage de d\u00e9chets<\/h1>\r\n<div class=\"eoss_hero_small_content_text\"><\/div>\r\n<\/div>\r\n<figure class=\"eoss_background eoss_hero_small_bg\"><img decoding=\"async\" src=\"https:\/\/iceag.com\/wp-content\/uploads\/2024\/06\/ice-muellballierung-gross.jpg\" \/><\/figure>\r\n<\/section>\n\n<div style=\"height:25px\" aria-hidden=\"true\" class=\"wp-block-spacer\"><\/div>\n\n<div class=\"wp-block-columns is-layout-flex wp-container-core-columns-is-layout-28f84493 wp-block-columns-is-layout-flex\">\n<div class=\"wp-block-column is-vertically-aligned-center is-layout-flow wp-block-column-is-layout-flow\">\n<p>Nous proposons des solutions planifi\u00e9es ou d\u2019urgence d\u2019enrubannage pour une gestion performante de d\u00e9chets. Nous agissons rapidement, m\u00eame en cas de d\u00e9faillances d&rsquo;\u00e9quipement. Le stockage est effectu\u00e9 en respectant les normes environnementales et de s\u00e9curit\u00e9, avec des options flexibles, pour des installations mobiles ou stationaires, balles avec filet ou sans. Nos experts vous accompagnent \u00e0 chaque \u00e9tape.<\/p>\n<\/div>\n\n\n\n<div class=\"wp-block-column is-layout-flow wp-block-column-is-layout-flow\">\n<figure class=\"wp-block-image aligncenter size-full is-resized\"><img loading=\"lazy\" decoding=\"async\" width=\"296\" height=\"296\" src=\"https:\/\/iceag.com\/wp-content\/uploads\/2024\/10\/muellballierung_red.png\" alt=\"\" class=\"wp-image-2087\" style=\"width:349px;height:auto\" srcset=\"https:\/\/iceag.com\/wp-content\/uploads\/2024\/10\/muellballierung_red.png 296w, https:\/\/iceag.com\/wp-content\/uploads\/2024\/10\/muellballierung_red-150x150.png 150w\" sizes=\"auto, (max-width: 296px) 100vw, 296px\" \/><\/figure>\n<\/div>\n<\/div>\n\n<div style=\"height:25px\" aria-hidden=\"true\" class=\"wp-block-spacer\"><\/div>\n\n<div class=\"wp-block-group alignfull has-background is-layout-constrained wp-block-group-is-layout-constrained\" style=\"background-color:#585858;margin-top:0;margin-bottom:0\">\n<div style=\"height:10px\" aria-hidden=\"true\" class=\"wp-block-spacer\"><\/div>\n\n\n\n<div class=\"wp-block-group is-content-justification-space-between is-nowrap is-layout-flex wp-container-core-group-is-layout-c073264b wp-block-group-is-layout-flex\">\n<figure class=\"wp-block-image size-full is-resized is-style-rounded\"><img decoding=\"async\" src=\"https:\/\/iceag.com\/wp-content\/uploads\/2024\/10\/Christian-Kolb_M&#xFFFD;llballierung_DSC_5248.jpg\" alt=\"\" class=\"wp-image-1932\" style=\"aspect-ratio:1;object-fit:cover;width:250px\"\/><\/figure>\n\n\n\n<div class=\"wp-block-group is-vertical is-layout-flex wp-container-core-group-is-layout-fe9cc265 wp-block-group-is-layout-flex\">\n<h2 class=\"wp-block-heading has-background-color has-text-color has-link-color wp-elements-cdc3ffdf4d40ba21fa31efcee7f059be\">\u00ab\u00a0Vous pouvez compter sur nous, m\u00eame si votre installation est hors service. \u00bb<\/h2>\n\n\n\n<p class=\"has-background-color has-text-color has-link-color wp-elements-1a6c24895a18d656b460e92a275e69b5\"><em>Christian Kolb, division Compactage des d\u00e9chets en balles<\/em><\/p>\n<\/div>\n\n\n\n<div class=\"wp-block-buttons is-layout-flex wp-block-buttons-is-layout-flex\"><\/div>\n<\/div>\n\n\n\n<div style=\"height:10px\" aria-hidden=\"true\" class=\"wp-block-spacer\"><\/div>\n<\/div>\n\n<div class=\"wp-block-eoss-ananas-blocks-background-white alignfull\"><div>\n<div style=\"height:100px\" aria-hidden=\"true\" class=\"wp-block-spacer\"><\/div>\n\n\n\n<h2 class=\"wp-block-heading\">Service complet<\/h2>\n\n\n\n<div style=\"height:50px\" aria-hidden=\"true\" class=\"wp-block-spacer\"><\/div>\n\n\n\n<div class=\"wp-block-columns is-layout-flex wp-container-core-columns-is-layout-28f84493 wp-block-columns-is-layout-flex\">\n<div class=\"wp-block-column is-layout-flow wp-block-column-is-layout-flow\" style=\"flex-basis:66.66%\">\n<h3 class=\"wp-block-heading\">Avec assistance \/ technicien<\/h3>\n\n\n\n<p>Nos services comprennent la mise \u00e0 disposition d&rsquo;un technicien charg\u00e9 de l&rsquo;exploitation et du suivi de l&rsquo;installation. Votre satisfaction est notre priorit\u00e9 absolue.<\/p>\n\n\n\n<h3 class=\"wp-block-heading\">Logistique de montage et de d\u00e9montage<\/h3>\n\n\n\n<p>Nous nous occupons de toute la logistique, du transport \u00e0 l&rsquo;installation, en passant par le montage et le d\u00e9montage, jusqu&rsquo;\u00e0 l&rsquo;entreposage dans un lieu choisi par le client.<\/p>\n<\/div>\n\n\n\n<div class=\"wp-block-column is-layout-flow wp-block-column-is-layout-flow\" style=\"flex-basis:33.33%\">\n<figure class=\"wp-block-embed is-type-video is-provider-youtube wp-block-embed-youtube wp-embed-aspect-16-9 wp-has-aspect-ratio\"><div class=\"wp-block-embed__wrapper\">\n<iframe loading=\"lazy\" title=\"Vorstellung I.C.E. AG Ballierung\" width=\"500\" height=\"281\" src=\"https:\/\/www.youtube.com\/embed\/2tESp8cqc6Y?feature=oembed\" frameborder=\"0\" allow=\"accelerometer; autoplay; clipboard-write; encrypted-media; gyroscope; picture-in-picture; web-share\" referrerpolicy=\"strict-origin-when-cross-origin\" allowfullscreen><\/iframe>\n<\/div><\/figure>\n<\/div>\n<\/div>\n\n\n\n<div style=\"height:50px\" aria-hidden=\"true\" class=\"wp-block-spacer\"><\/div>\n\n\n\n<figure class=\"wp-block-gallery has-nested-images columns-3 is-cropped wp-block-gallery-1 is-layout-flex wp-block-gallery-is-layout-flex\">\n<figure class=\"wp-block-image size-large\"><img loading=\"lazy\" decoding=\"async\" width=\"1024\" height=\"768\" data-id=\"608\" src=\"https:\/\/iceag.com\/wp-content\/uploads\/2024\/06\/Ballenlager-7-lagig-1024x768.jpg\" alt=\"\" class=\"wp-image-608\" srcset=\"https:\/\/iceag.com\/wp-content\/uploads\/2024\/06\/Ballenlager-7-lagig-1024x768.jpg 1024w, https:\/\/iceag.com\/wp-content\/uploads\/2024\/06\/Ballenlager-7-lagig-300x225.jpg 300w, https:\/\/iceag.com\/wp-content\/uploads\/2024\/06\/Ballenlager-7-lagig-768x576.jpg 768w, https:\/\/iceag.com\/wp-content\/uploads\/2024\/06\/Ballenlager-7-lagig-1536x1152.jpg 1536w, https:\/\/iceag.com\/wp-content\/uploads\/2024\/06\/Ballenlager-7-lagig.jpg 1920w\" sizes=\"auto, (max-width: 1024px) 100vw, 1024px\" \/><\/figure>\n\n\n\n<figure class=\"wp-block-image size-large\"><img loading=\"lazy\" decoding=\"async\" width=\"1024\" height=\"768\" data-id=\"611\" src=\"https:\/\/iceag.com\/wp-content\/uploads\/2024\/06\/IMG_4219-1024x768.jpg\" alt=\"\" class=\"wp-image-611\" srcset=\"https:\/\/iceag.com\/wp-content\/uploads\/2024\/06\/IMG_4219-1024x768.jpg 1024w, https:\/\/iceag.com\/wp-content\/uploads\/2024\/06\/IMG_4219-300x225.jpg 300w, https:\/\/iceag.com\/wp-content\/uploads\/2024\/06\/IMG_4219-768x576.jpg 768w, https:\/\/iceag.com\/wp-content\/uploads\/2024\/06\/IMG_4219-1536x1152.jpg 1536w, https:\/\/iceag.com\/wp-content\/uploads\/2024\/06\/IMG_4219.jpg 1920w\" sizes=\"auto, (max-width: 1024px) 100vw, 1024px\" \/><\/figure>\n\n\n\n<figure class=\"wp-block-image size-large\"><img loading=\"lazy\" decoding=\"async\" width=\"1024\" height=\"642\" data-id=\"678\" src=\"https:\/\/iceag.com\/wp-content\/uploads\/2024\/06\/Muellballierung_Website-1024x642.jpg\" alt=\"\" class=\"wp-image-678\" srcset=\"https:\/\/iceag.com\/wp-content\/uploads\/2024\/06\/Muellballierung_Website-1024x642.jpg 1024w, https:\/\/iceag.com\/wp-content\/uploads\/2024\/06\/Muellballierung_Website-300x188.jpg 300w, https:\/\/iceag.com\/wp-content\/uploads\/2024\/06\/Muellballierung_Website-768x482.jpg 768w, https:\/\/iceag.com\/wp-content\/uploads\/2024\/06\/Muellballierung_Website-1536x964.jpg 1536w, https:\/\/iceag.com\/wp-content\/uploads\/2024\/06\/Muellballierung_Website.jpg 1728w\" sizes=\"auto, (max-width: 1024px) 100vw, 1024px\" \/><\/figure>\n\n\n\n<figure class=\"wp-block-image size-large\"><img loading=\"lazy\" decoding=\"async\" width=\"1024\" height=\"830\" data-id=\"614\" src=\"https:\/\/iceag.com\/wp-content\/uploads\/2024\/06\/Variobaler4-1024x830.jpg\" alt=\"\" class=\"wp-image-614\" srcset=\"https:\/\/iceag.com\/wp-content\/uploads\/2024\/06\/Variobaler4-1024x830.jpg 1024w, https:\/\/iceag.com\/wp-content\/uploads\/2024\/06\/Variobaler4-300x243.jpg 300w, https:\/\/iceag.com\/wp-content\/uploads\/2024\/06\/Variobaler4-768x622.jpg 768w, https:\/\/iceag.com\/wp-content\/uploads\/2024\/06\/Variobaler4-1536x1245.jpg 1536w, https:\/\/iceag.com\/wp-content\/uploads\/2024\/06\/Variobaler4.jpg 1920w\" sizes=\"auto, (max-width: 1024px) 100vw, 1024px\" \/><\/figure>\n\n\n\n<figure class=\"wp-block-image size-large\"><img loading=\"lazy\" decoding=\"async\" width=\"1024\" height=\"683\" data-id=\"623\" src=\"https:\/\/iceag.com\/wp-content\/uploads\/2024\/06\/dji_fly_20230823_133858_18_1693046500487_photo-1024x683.jpg\" alt=\"\" class=\"wp-image-623\" srcset=\"https:\/\/iceag.com\/wp-content\/uploads\/2024\/06\/dji_fly_20230823_133858_18_1693046500487_photo-1024x683.jpg 1024w, https:\/\/iceag.com\/wp-content\/uploads\/2024\/06\/dji_fly_20230823_133858_18_1693046500487_photo-300x200.jpg 300w, https:\/\/iceag.com\/wp-content\/uploads\/2024\/06\/dji_fly_20230823_133858_18_1693046500487_photo-768x512.jpg 768w, https:\/\/iceag.com\/wp-content\/uploads\/2024\/06\/dji_fly_20230823_133858_18_1693046500487_photo-1536x1024.jpg 1536w, https:\/\/iceag.com\/wp-content\/uploads\/2024\/06\/dji_fly_20230823_133858_18_1693046500487_photo.jpg 1920w\" sizes=\"auto, (max-width: 1024px) 100vw, 1024px\" \/><\/figure>\n<\/figure>\n<\/div><\/div>\n\n<div style=\"height:50px\" aria-hidden=\"true\" class=\"wp-block-spacer\"><\/div>\n\n<h2 class=\"wp-block-heading\">Vos avantages<\/h2>\n\n<div class=\"wp-block-columns is-layout-flex wp-container-core-columns-is-layout-28f84493 wp-block-columns-is-layout-flex\">\n<div class=\"wp-block-column is-layout-flow wp-block-column-is-layout-flow\">\n<figure class=\"wp-block-image size-large\"><img loading=\"lazy\" decoding=\"async\" width=\"83\" height=\"80\" src=\"https:\/\/iceag.com\/wp-content\/uploads\/2024\/10\/switch-icon.svg\" alt=\"\" class=\"wp-image-1830\"\/><\/figure>\n\n\n\n<h3 class=\"wp-block-heading has-secondary-color has-text-color has-link-color wp-elements-13a57202803f36bbad7e524c7c40c8a4\">Environnement<\/h3>\n\n\n\n<p>Nos balles sont conformes aux exigences l\u00e9gales et sont \u00e9tanches. Ainsi, il est garanti qu&rsquo;aucune eau us\u00e9e ne soit lib\u00e9r\u00e9e et ne puisse p\u00e9n\u00e9trer dans les nappes phr\u00e9atiques.<\/p>\n<\/div>\n\n\n\n<div class=\"wp-block-column is-layout-flow wp-block-column-is-layout-flow\">\n<figure class=\"wp-block-image size-large\"><img loading=\"lazy\" decoding=\"async\" width=\"83\" height=\"80\" src=\"https:\/\/iceag.com\/wp-content\/uploads\/2024\/10\/switch-icon.svg\" alt=\"\" class=\"wp-image-1830\"\/><\/figure>\n\n\n\n<h3 class=\"wp-block-heading has-secondary-color has-text-color has-link-color wp-elements-b132de3218055a2b8c1b22776bbc9f09\">S\u00e9curit\u00e9<\/h3>\n\n\n\n<p>La s\u00e9curit\u00e9 est notre priorit\u00e9 absolue.  Nos employ\u00e9s sont form\u00e9s pour garantir une gestion fluide des d\u00e9chets et \u00e9viter les accidents. I.C.E. AG est certifi\u00e9e ISO-45001.<\/p>\n<\/div>\n\n\n\n<div class=\"wp-block-column is-layout-flow wp-block-column-is-layout-flow\">\n<figure class=\"wp-block-image size-large\"><img loading=\"lazy\" decoding=\"async\" width=\"83\" height=\"80\" src=\"https:\/\/iceag.com\/wp-content\/uploads\/2024\/10\/switch-icon.svg\" alt=\"\" class=\"wp-image-1830\"\/><\/figure>\n\n\n\n<h3 class=\"wp-block-heading has-secondary-color has-text-color has-link-color wp-elements-83c7343f7739c470922a7fb117514d4e\">Technologie<\/h3>\n\n\n\n<p>Notre technologie de pointe nous permet d&rsquo;offrir des services d\u2019enrubannage des d\u00e9chets, avec ou sans filet. Nous utilisons des films particuli\u00e8rement \u00e9pais et r\u00e9sistants aux UV pour un stockage temporaire de longue dur\u00e9e. Nos balles sont empilables pour une efficacit\u00e9 maximale.<\/p>\n<\/div>\n<\/div>\n\n<div class=\"wp-block-columns is-layout-flex wp-container-core-columns-is-layout-28f84493 wp-block-columns-is-layout-flex\">\n<div class=\"wp-block-column is-layout-flow wp-block-column-is-layout-flow\">\n<figure class=\"wp-block-image size-large\"><img loading=\"lazy\" decoding=\"async\" width=\"83\" height=\"80\" src=\"https:\/\/iceag.com\/wp-content\/uploads\/2024\/10\/switch-icon.svg\" alt=\"\" class=\"wp-image-1830\"\/><\/figure>\n\n\n\n<h3 class=\"wp-block-heading has-secondary-color has-text-color has-link-color wp-elements-38c1fdad7dc358d933a561a1520a20b7\">Qualit\u00e9<\/h3>\n\n\n\n<p>Chaque aspect de nos services incarne la qualit\u00e9 suisse. Nos balles sont parfaitement emball\u00e9es et ne fuient pas, pour garantir une s\u00e9curit\u00e9 et une stabilit\u00e9 maximales.<\/p>\n<\/div>\n\n\n\n<div class=\"wp-block-column is-layout-flow wp-block-column-is-layout-flow\"><\/div>\n\n\n\n<div class=\"wp-block-column is-layout-flow wp-block-column-is-layout-flow\"><\/div>\n<\/div>\n\n<div style=\"height:50px\" aria-hidden=\"true\" class=\"wp-block-spacer\"><\/div>\n\n<div class=\"wp-block-group alignfull has-primary-background-color has-background is-layout-constrained wp-container-core-group-is-layout-be04af43 wp-block-group-is-layout-constrained\" style=\"margin-top:0;margin-bottom:0\">\n<div style=\"height:10px\" aria-hidden=\"true\" class=\"wp-block-spacer\"><\/div>\n\n\n\n<div class=\"wp-block-group is-content-justification-space-between is-nowrap is-layout-flex wp-container-core-group-is-layout-c073264b wp-block-group-is-layout-flex\">\n<h2 class=\"wp-block-heading has-background-color has-text-color has-link-color wp-elements-1b9e26eadd808956de7c178e0ac03543\">Contactez-nous<\/h2>\n\n\n\n<div class=\"wp-block-buttons is-layout-flex wp-block-buttons-is-layout-flex\">\n<div class=\"wp-block-button is-style-ice-button-two\"><a class=\"wp-block-button__link wp-element-button\" href=\"https:\/\/iceag.com\/fr\/contact\/\">Discuter avec nos experts<\/a><\/div>\n<\/div>\n<\/div>\n\n\n\n<div style=\"height:10px\" aria-hidden=\"true\" class=\"wp-block-spacer\"><\/div>\n<\/div>\n\n<div class=\"wp-block-group alignfull has-secondary-background-color has-background is-layout-constrained wp-block-group-is-layout-constrained\" style=\"margin-top:0;margin-bottom:0\">\n<div class=\"wp-block-group is-content-justification-space-between is-nowrap is-layout-flex wp-container-core-group-is-layout-cb46ffcb wp-block-group-is-layout-flex\">\n<div class=\"wp-block-group is-layout-constrained wp-block-group-is-layout-constrained\">\n<h4 class=\"wp-block-heading\">La qualit\u00e9 avant tout!<\/h4>\n\n\n\n<h2 class=\"wp-block-heading has-background-color has-text-color has-link-color wp-elements-b22f6238350323bf259e4d55856c1ceb\">Nous sommes certifi\u00e9s et r\u00e9pondons \u00e0 toutes les exigences<br\/>des normes internationales ISO 9001 et 45001.<\/h2>\n<\/div>\n\n\n\n<figure class=\"wp-block-image size-full is-resized\"><img loading=\"lazy\" decoding=\"async\" width=\"1920\" height=\"582\" src=\"https:\/\/iceag.com\/wp-content\/uploads\/2023\/10\/siegel_9001_45001_2.jpg\" alt=\"\" class=\"wp-image-1956\" style=\"object-fit:cover;width:284px;height:auto\" srcset=\"https:\/\/iceag.com\/wp-content\/uploads\/2023\/10\/siegel_9001_45001_2.jpg 1920w, https:\/\/iceag.com\/wp-content\/uploads\/2023\/10\/siegel_9001_45001_2-300x91.jpg 300w, https:\/\/iceag.com\/wp-content\/uploads\/2023\/10\/siegel_9001_45001_2-1024x310.jpg 1024w, https:\/\/iceag.com\/wp-content\/uploads\/2023\/10\/siegel_9001_45001_2-768x233.jpg 768w, https:\/\/iceag.com\/wp-content\/uploads\/2023\/10\/siegel_9001_45001_2-1536x466.jpg 1536w\" sizes=\"auto, (max-width: 1920px) 100vw, 1920px\" \/><\/figure>\n<\/div>\n<\/div>\n","protected":false},"excerpt":{"rendered":"<p>Un service complet qui ne laisse rien au hasard<\/p>\n","protected":false},"author":3,"featured_media":510,"parent":2391,"menu_order":0,"comment_status":"closed","ping_status":"closed","template":"","meta":{"_acf_changed":false,"inline_featured_image":false,"footnotes":""},"class_list":["post-2384","page","type-page","status-publish","has-post-thumbnail","hentry"],"acf":[],"_links":{"self":[{"href":"https:\/\/iceag.com\/fr\/wp-json\/wp\/v2\/pages\/2384","targetHints":{"allow":["GET"]}}],"collection":[{"href":"https:\/\/iceag.com\/fr\/wp-json\/wp\/v2\/pages"}],"about":[{"href":"https:\/\/iceag.com\/fr\/wp-json\/wp\/v2\/types\/page"}],"author":[{"embeddable":true,"href":"https:\/\/iceag.com\/fr\/wp-json\/wp\/v2\/users\/3"}],"replies":[{"embeddable":true,"href":"https:\/\/iceag.com\/fr\/wp-json\/wp\/v2\/comments?post=2384"}],"version-history":[{"count":37,"href":"https:\/\/iceag.com\/fr\/wp-json\/wp\/v2\/pages\/2384\/revisions"}],"predecessor-version":[{"id":3842,"href":"https:\/\/iceag.com\/fr\/wp-json\/wp\/v2\/pages\/2384\/revisions\/3842"}],"up":[{"embeddable":true,"href":"https:\/\/iceag.com\/fr\/wp-json\/wp\/v2\/pages\/2391"}],"wp:featuredmedia":[{"embeddable":true,"href":"https:\/\/iceag.com\/fr\/wp-json\/wp\/v2\/media\/510"}],"wp:attachment":[{"href":"https:\/\/iceag.com\/fr\/wp-json\/wp\/v2\/media?parent=2384"}],"curies":[{"name":"wp","href":"https:\/\/api.w.org\/{rel}","templated":true}]}}