{"id":2382,"date":"2024-02-15T15:27:02","date_gmt":"2024-02-15T15:27:02","guid":{"rendered":"https:\/\/iceag.com\/histoire\/"},"modified":"2025-05-07T14:24:47","modified_gmt":"2025-05-07T14:24:47","slug":"histoire","status":"publish","type":"page","link":"https:\/\/iceag.com\/fr\/a-propos-de-nous\/histoire\/","title":{"rendered":"Notre Histoire"},"content":{"rendered":"\n<section class=\"eoss_hero_small alignfull\">\r\n<div class=\"eoss_hero_small_content\">\r\n<h4 class=\"eoss_hero_small_content_subtitle\">Une entreprise de Wil exporte des solutions d\u2019incin\u00e9ration dans le monde entier<\/h4>\r\n<h1 class=\"eoss_hero_small_content_title\">Histoire<\/h1>\r\n<div class=\"eoss_hero_small_content_text\"><\/div>\r\n<\/div>\r\n<figure class=\"eoss_background eoss_hero_small_bg\"><img decoding=\"async\" src=\"https:\/\/iceag.com\/wp-content\/uploads\/2024\/10\/geschichte_klein_weiss.jpg\" \/><\/figure>\r\n<\/section>\n\n<div style=\"height:100px\" aria-hidden=\"true\" class=\"wp-block-spacer\"><\/div>\n\n<div class=\"wp-block-eoss-ananas-blocks-background-white alignfull\"><div>\n<div class=\"wp-block-columns is-layout-flex wp-container-core-columns-is-layout-cf05694f wp-block-columns-is-layout-flex\">\n<div class=\"wp-block-column is-layout-flow wp-block-column-is-layout-flow\" style=\"flex-basis:50%\">\n<h2 class=\"wp-block-heading\">La mission de I.C.E. AG: Produire de l&apos;\u00e9nergie durable \u00e0 partir de d\u00e9chets<\/h2>\n\n\n\n<p>La soci\u00e9t\u00e9 I.C.E. AG a reconnu tr\u00e8s t\u00f4t l&rsquo;importance croissante de la production d&rsquo;\u00e9nergie \u00e0 partir des d\u00e9chets et de biomasse. C&rsquo;est pourquoi, depuis sa cr\u00e9ation en 1993, elle propose des solutions d&rsquo;incin\u00e9ration intelligentes pour les usines de valorisation des d\u00e9chets. En effet, \u00e0 l&rsquo;heure du r\u00e9chauffement climatique et de la p\u00e9nurie d&rsquo;\u00e9nergie, le mode de pens\u00e9e a \u00e9volu\u00e9 dans le monde du traitement des d\u00e9chets. On s&rsquo;est \u00e9loign\u00e9 de l&rsquo;id\u00e9e de leur \u00e9limination pure et simple. Au lieu de cela, on mise sur une utilisation efficace de l&rsquo;\u00e9nergie contenue dans ceux-ci. Les d\u00e9chets contiennent de l&rsquo;\u00e9nergie. En la recyclant, elle permet de produire de l&rsquo;\u00e9lectricit\u00e9 et de la chaleur. En outre, les m\u00e9taux et les alliages m\u00e9talliques peuvent \u00eatre r\u00e9cup\u00e9r\u00e9s \u00e0 partir des r\u00e9sidus d&rsquo;incin\u00e9ration. En assurant le bon fonctionnement et l&rsquo;entretien constant des installations de valorisation des d\u00e9chets, I.C.E. AG contribue ainsi \u00e0 pr\u00e9server les ressources primaires et \u00e0 \u00e9viter que des substances nocives ne se retrouvent dans l&rsquo;environnement ou dans les d\u00e9charges.<\/p>\n<\/div>\n\n\n\n<div class=\"wp-block-column is-layout-flow wp-block-column-is-layout-flow\" style=\"flex-basis:50%\">\n<figure class=\"wp-block-image size-large\"><img loading=\"lazy\" decoding=\"async\" width=\"1024\" height=\"683\" src=\"https:\/\/iceag.com\/wp-content\/uploads\/2024\/06\/ice_Okt15_042_Gh-Feuerschale-1024x683.jpg\" alt=\"\" class=\"wp-image-675\" srcset=\"https:\/\/iceag.com\/wp-content\/uploads\/2024\/06\/ice_Okt15_042_Gh-Feuerschale-1024x683.jpg 1024w, https:\/\/iceag.com\/wp-content\/uploads\/2024\/06\/ice_Okt15_042_Gh-Feuerschale-300x200.jpg 300w, https:\/\/iceag.com\/wp-content\/uploads\/2024\/06\/ice_Okt15_042_Gh-Feuerschale-768x512.jpg 768w, https:\/\/iceag.com\/wp-content\/uploads\/2024\/06\/ice_Okt15_042_Gh-Feuerschale-1536x1024.jpg 1536w, https:\/\/iceag.com\/wp-content\/uploads\/2024\/06\/ice_Okt15_042_Gh-Feuerschale.jpg 1920w\" sizes=\"auto, (max-width: 1024px) 100vw, 1024px\" \/><\/figure>\n<\/div>\n<\/div>\n\n\n\n<div style=\"height:50px\" aria-hidden=\"true\" class=\"wp-block-spacer\"><\/div>\n\n\n\n<div class=\"wp-block-columns is-layout-flex wp-container-core-columns-is-layout-cf05694f wp-block-columns-is-layout-flex\">\n<div class=\"wp-block-column is-layout-flow wp-block-column-is-layout-flow\" style=\"flex-basis:50%\">\n<figure class=\"wp-block-image size-large\"><img loading=\"lazy\" decoding=\"async\" width=\"1024\" height=\"683\" src=\"https:\/\/iceag.com\/wp-content\/uploads\/2024\/07\/iStock-1340716614-Kopie-1024x683.jpg\" alt=\"\" class=\"wp-image-791\" srcset=\"https:\/\/iceag.com\/wp-content\/uploads\/2024\/07\/iStock-1340716614-Kopie-1024x683.jpg 1024w, https:\/\/iceag.com\/wp-content\/uploads\/2024\/07\/iStock-1340716614-Kopie-300x200.jpg 300w, https:\/\/iceag.com\/wp-content\/uploads\/2024\/07\/iStock-1340716614-Kopie-768x512.jpg 768w, https:\/\/iceag.com\/wp-content\/uploads\/2024\/07\/iStock-1340716614-Kopie-1536x1024.jpg 1536w, https:\/\/iceag.com\/wp-content\/uploads\/2024\/07\/iStock-1340716614-Kopie.jpg 1920w\" sizes=\"auto, (max-width: 1024px) 100vw, 1024px\" \/><\/figure>\n<\/div>\n\n\n\n<div class=\"wp-block-column is-layout-flow wp-block-column-is-layout-flow\" style=\"flex-basis:50%\">\n<h2 class=\"wp-block-heading\">Pour des \u00e9nergies renouvelables durables<\/h2>\n\n\n\n<p>Notre expertise est le fruit de d\u00e9cennies de travail et de recherche approfondis dans le domaine de la technologie d\u2019incin\u00e9ration et de valorisation des d\u00e9chets. Chaque membre de notre \u00e9quipe tr\u00e8s motiv\u00e9e est riche d&rsquo;une exp\u00e9rience et d&rsquo;un savoir-faire qui nous permettent de relever facilement les d\u00e9fis les plus complexes. C&rsquo;est cette combinaison unique de savoir-faire et d&rsquo;engagement qui nous permet de nous distinguer et d&rsquo;offrir \u00e0 nos clients des solutions sur mesure in\u00e9gal\u00e9es.<\/p>\n<\/div>\n<\/div>\n\n\n\n<div style=\"height:50px\" aria-hidden=\"true\" class=\"wp-block-spacer\"><\/div>\n\n\n\n<div class=\"wp-block-columns is-layout-flex wp-container-core-columns-is-layout-cf05694f wp-block-columns-is-layout-flex\">\n<div class=\"wp-block-column is-layout-flow wp-block-column-is-layout-flow\" style=\"flex-basis:50%\">\n<h2 class=\"wp-block-heading\">Un employeur polyvalent<\/h2>\n\n\n\n<p>La valorisation de l&rsquo;\u00e9nergie contenue dans les d\u00e9chets fait partie des d\u00e9fis \u00e9cologiques de notre \u00e9poque. Les exigences en mati\u00e8re de technologie des proc\u00e9d\u00e9s, d&rsquo;ing\u00e9nierie, de planification et de r\u00e9alisation d&rsquo;installations nouvelles ou \u00e0 r\u00e9nover ont donc augment\u00e9.&#13;\n&#13;\nL&rsquo;entreprise I.C.E. AG est sp\u00e9cialis\u00e9e dans l&rsquo;incin\u00e9ration et la modernisation d&rsquo;installations pour l&rsquo;utilisation de l&rsquo;\u00e9nergie contenue dans les d\u00e9chets. Elle offre des services de planification, de modernisation, de livraison de syst\u00e8mes, d&rsquo;ing\u00e9nierie, d&rsquo;optimisation et de maintenance pour les exploitants d&rsquo;installations. En cr\u00e9ant des bases durables pour plus de rentabilit\u00e9, de fiabilit\u00e9, de faibles \u00e9missions de polluants et une efficacit\u00e9 \u00e9nerg\u00e9tique accrue, I.C.E. AG r\u00e9pond aux exigences croissantes en mati\u00e8re de technique des proc\u00e9d\u00e9s, d&rsquo;ing\u00e9nierie et de planification dans ce domaine. L&rsquo;entreprise fait \u00e9galement face \u00e0 de nouveaux d\u00e9fis tels que la d\u00e9carbonisation, comprenant le captage, le recyclage ou l&rsquo;\u00e9limination durable du dioxyde de carbone issu des processus de combustion. Avec ses services et syst\u00e8mes sur mesure, I.C.E. AG contribue ainsi \u00e0 relever les d\u00e9fis \u00e9cologiques de notre \u00e9poque li\u00e9s \u00e0 l&rsquo;utilisation des d\u00e9chets. Sans compter que la vari\u00e9t\u00e9 des missions et la dimension internationale de cette entreprise implant\u00e9e au c\u0153ur de Wil en Suisse en font un employeur de choix.<\/p>\n<\/div>\n\n\n\n<div class=\"wp-block-column is-layout-flow wp-block-column-is-layout-flow\" style=\"flex-basis:50%\">\n<figure class=\"wp-block-image size-full\"><img loading=\"lazy\" decoding=\"async\" width=\"960\" height=\"638\" src=\"https:\/\/iceag.com\/wp-content\/uploads\/2024\/06\/ice-jobs-02.jpg\" alt=\"\" class=\"wp-image-672\" srcset=\"https:\/\/iceag.com\/wp-content\/uploads\/2024\/06\/ice-jobs-02.jpg 960w, https:\/\/iceag.com\/wp-content\/uploads\/2024\/06\/ice-jobs-02-300x199.jpg 300w, https:\/\/iceag.com\/wp-content\/uploads\/2024\/06\/ice-jobs-02-768x510.jpg 768w\" sizes=\"auto, (max-width: 960px) 100vw, 960px\" \/><\/figure>\n<\/div>\n<\/div>\n\n\n\n<div style=\"height:70px\" aria-hidden=\"true\" class=\"wp-block-spacer\"><\/div>\n<\/div><\/div>\n\n<div class=\"wp-block-group alignfull has-secondary-background-color has-background is-layout-constrained wp-block-group-is-layout-constrained\" style=\"margin-top:0;margin-bottom:0\">\n<div class=\"wp-block-columns alignwide are-vertically-aligned-bottom has-secondary-background-color has-background is-layout-flex wp-container-core-columns-is-layout-28f84493 wp-block-columns-is-layout-flex\">\n<div class=\"wp-block-column is-vertically-aligned-bottom is-layout-flow wp-block-column-is-layout-flow\">\n<h4 class=\"wp-block-heading\">Agir avec responsabilit\u00e9 pour un avenir durable!<\/h4>\n\n\n\n<h2 class=\"wp-block-heading has-background-color has-text-color has-link-color wp-elements-dcb10d12381b1f3bb5cb1a02c9f4a1e8\">Construisez l\u2019avenir avec nous \u2013 Rejoignez la famille I.C.E.<\/h2>\n<\/div>\n\n\n\n<div class=\"wp-block-column is-vertically-aligned-bottom is-layout-flow wp-block-column-is-layout-flow\">\n<div class=\"wp-block-buttons is-content-justification-right is-layout-flex wp-container-core-buttons-is-layout-ed59bcea wp-block-buttons-is-layout-flex\">\n<div class=\"wp-block-button\"><a class=\"wp-block-button__link wp-element-button\">Voir les offres d&apos;emploi<\/a><\/div>\n<\/div>\n<\/div>\n<\/div>\n<\/div>\n\n<div class=\"wp-block-eoss-ananas-blocks-background-grey alignfull\"><div>\n<div style=\"height:50px\" aria-hidden=\"true\" class=\"wp-block-spacer\"><\/div>\n\n\n\n<h2 class=\"wp-block-heading\">D&apos;hier \u00e0 aujourd&apos;hui<\/h2>\n\n\n\n<div style=\"height:50px\" aria-hidden=\"true\" class=\"wp-block-spacer\"><\/div>\n\n\n\n<div class=\"wp-block-columns is-layout-flex wp-container-core-columns-is-layout-28f84493 wp-block-columns-is-layout-flex\">\n<div class=\"wp-block-column is-layout-flow wp-block-column-is-layout-flow\">\n<figure class=\"wp-block-image size-full\"><img loading=\"lazy\" decoding=\"async\" width=\"461\" height=\"263\" src=\"https:\/\/iceag.com\/wp-content\/uploads\/2024\/07\/Geschichte-ICE02-Flyer-Beratung-1.jpg\" alt=\"\" class=\"wp-image-920\" style=\"aspect-ratio:3\/2;object-fit:cover\" srcset=\"https:\/\/iceag.com\/wp-content\/uploads\/2024\/07\/Geschichte-ICE02-Flyer-Beratung-1.jpg 461w, https:\/\/iceag.com\/wp-content\/uploads\/2024\/07\/Geschichte-ICE02-Flyer-Beratung-1-300x171.jpg 300w\" sizes=\"auto, (max-width: 461px) 100vw, 461px\" \/><\/figure>\n\n\n\n<h3 class=\"wp-block-heading\">Des d\u00e9buts discrets<\/h3>\n\n\n\n<p>En 1993, l&rsquo;entreprise d\u00e9marre dans un bureau situ\u00e9 dans un sous-sol de la Rebbergstrasse \u00e0 Wil. Dans un premier temps, I.C.E. AG fournit ses services principalement \u00e0 la soci\u00e9t\u00e9 Von Roll (aujourd&rsquo;hui Kanadevia INOVA), un des principaux constructeurs d&rsquo;usines de valorisation des d\u00e9chets. I.C.E. AG se charge notamment de la direction des travaux, du montage et de la mise en service. \u00c0 cette \u00e9poque, les exploitants d&rsquo;usines sont encore des clients rares.<\/p>\n<\/div>\n\n\n\n<div class=\"wp-block-column is-layout-flow wp-block-column-is-layout-flow\">\n<figure class=\"wp-block-image size-large is-style-default\"><img loading=\"lazy\" decoding=\"async\" width=\"1405\" height=\"936\" src=\"https:\/\/iceag.com\/wp-content\/uploads\/2024\/07\/ice-kontakt-edited-1.jpg\" alt=\"\" class=\"wp-image-939\" style=\"aspect-ratio:3\/2;object-fit:cover\" srcset=\"https:\/\/iceag.com\/wp-content\/uploads\/2024\/07\/ice-kontakt-edited-1.jpg 1405w, https:\/\/iceag.com\/wp-content\/uploads\/2024\/07\/ice-kontakt-edited-1-300x200.jpg 300w, https:\/\/iceag.com\/wp-content\/uploads\/2024\/07\/ice-kontakt-edited-1-1024x682.jpg 1024w, https:\/\/iceag.com\/wp-content\/uploads\/2024\/07\/ice-kontakt-edited-1-768x512.jpg 768w\" sizes=\"auto, (max-width: 1405px) 100vw, 1405px\" \/><\/figure>\n\n\n\n<h3 class=\"wp-block-heading\">Entre temps . les besoins des clients \u00e9voluent<\/h3>\n\n\n\n<p>En 1997, l&rsquo;entreprise a d\u00e9m\u00e9nag\u00e9 dans des locaux plus spacieux \u00e0 son emplacement actuel, au 64 de la Hubstrasse \u00e0 Wil. Les exploitants d&rsquo;usines de valorisation des d\u00e9chets sollicitent de plus en plus une assistance apr\u00e8s la mise en service. Cela permet \u00e0 I.C.E. AG de se rapprocher davantage des clients finaux. Tr\u00e8s rapidement, les exploitants d\u2019usines seront directement pris en charge et non plus par le biais du constructeur. L&rsquo;activit\u00e9 se d\u00e9veloppe. L&rsquo;offre de services s&rsquo;\u00e9largit. L\u2019\u00e9quipe d&rsquo;I.C.E. AG acqui\u00e8rent des connaissances approfondies en mati\u00e8re de technologie des proc\u00e9d\u00e9s ainsi qu&rsquo;une premi\u00e8re exp\u00e9rience en tant que planificateurs g\u00e9n\u00e9raux. En outre, des ing\u00e9nieurs sp\u00e9cifiques, correspondants aux exigences, sont recrut\u00e9s.&#13;\n<\/p>\n<\/div>\n\n\n\n<div class=\"wp-block-column is-layout-flow wp-block-column-is-layout-flow\">\n<figure class=\"wp-block-image size-large\"><img loading=\"lazy\" decoding=\"async\" width=\"1240\" height=\"827\" src=\"https:\/\/iceag.com\/wp-content\/uploads\/2024\/07\/ice-leistungsspektrum-index-edited.jpg\" alt=\"\" class=\"wp-image-931\" style=\"aspect-ratio:3\/2;object-fit:cover\" srcset=\"https:\/\/iceag.com\/wp-content\/uploads\/2024\/07\/ice-leistungsspektrum-index-edited.jpg 1240w, https:\/\/iceag.com\/wp-content\/uploads\/2024\/07\/ice-leistungsspektrum-index-edited-300x200.jpg 300w, https:\/\/iceag.com\/wp-content\/uploads\/2024\/07\/ice-leistungsspektrum-index-edited-1024x683.jpg 1024w, https:\/\/iceag.com\/wp-content\/uploads\/2024\/07\/ice-leistungsspektrum-index-edited-768x512.jpg 768w\" sizes=\"auto, (max-width: 1240px) 100vw, 1240px\" \/><\/figure>\n\n\n\n<h3 class=\"wp-block-heading\">Aujourd&apos;hui, un expert de renomm\u00e9e internationale<\/h3>\n\n\n\n<p>Aujourd&rsquo;hui, I.C.E. AG intervient dans le monde entier. Elle supervise l&rsquo;entretien pr\u00e9ventif de nombreuses usines de valorisation des d\u00e9chets, ainsi que celle des Bermudes. Notre entreprise poss\u00e8de une expertise de pointe dans la valorisation des ressources et une exp\u00e9rience internationale av\u00e9r\u00e9e dans la construction d\u2019usines. L&rsquo;entreprise de Wil est un acteur de r\u00e9f\u00e9rence dans le secteur de la valorisation des d\u00e9chets. Sa sp\u00e9cialisation en proc\u00e9d\u00e9s et son offre de services diversifi\u00e9e en font un prestataire de premier plan dans son domaine. Elle a \u00e9galement d\u00e9velopp\u00e9 ses propres composants cl\u00e9s brevet\u00e9s pour les installations de valorisation des d\u00e9chets. Actuellement, 30 ans apr\u00e8s sa cr\u00e9ation, I.C.E. AG emploie plus de trente personnes, dont une majeure partie a une formation technique sup\u00e9rieure.&#13;\n<\/p>\n<\/div>\n<\/div>\n\n\n\n<div style=\"height:58px\" aria-hidden=\"true\" class=\"wp-block-spacer\"><\/div>\n<\/div><\/div>\n","protected":false},"excerpt":{"rendered":"<p>Une entreprise de Wil exporte des solutions d\u2019incin\u00e9ration intelligentes dans le monde entier<\/p>\n","protected":false},"author":2,"featured_media":677,"parent":2397,"menu_order":0,"comment_status":"closed","ping_status":"closed","template":"","meta":{"_acf_changed":false,"inline_featured_image":false,"footnotes":""},"class_list":["post-2382","page","type-page","status-publish","has-post-thumbnail","hentry"],"acf":[],"_links":{"self":[{"href":"https:\/\/iceag.com\/fr\/wp-json\/wp\/v2\/pages\/2382","targetHints":{"allow":["GET"]}}],"collection":[{"href":"https:\/\/iceag.com\/fr\/wp-json\/wp\/v2\/pages"}],"about":[{"href":"https:\/\/iceag.com\/fr\/wp-json\/wp\/v2\/types\/page"}],"author":[{"embeddable":true,"href":"https:\/\/iceag.com\/fr\/wp-json\/wp\/v2\/users\/2"}],"replies":[{"embeddable":true,"href":"https:\/\/iceag.com\/fr\/wp-json\/wp\/v2\/comments?post=2382"}],"version-history":[{"count":45,"href":"https:\/\/iceag.com\/fr\/wp-json\/wp\/v2\/pages\/2382\/revisions"}],"predecessor-version":[{"id":3826,"href":"https:\/\/iceag.com\/fr\/wp-json\/wp\/v2\/pages\/2382\/revisions\/3826"}],"up":[{"embeddable":true,"href":"https:\/\/iceag.com\/fr\/wp-json\/wp\/v2\/pages\/2397"}],"wp:featuredmedia":[{"embeddable":true,"href":"https:\/\/iceag.com\/fr\/wp-json\/wp\/v2\/media\/677"}],"wp:attachment":[{"href":"https:\/\/iceag.com\/fr\/wp-json\/wp\/v2\/media?parent=2382"}],"curies":[{"name":"wp","href":"https:\/\/api.w.org\/{rel}","templated":true}]}}