{"id":2379,"date":"2024-04-22T13:31:24","date_gmt":"2024-04-22T13:31:24","guid":{"rendered":"https:\/\/iceag.com\/planification-des-installations-nouvelles-et-de-remplacement\/"},"modified":"2025-04-16T15:03:15","modified_gmt":"2025-04-16T15:03:15","slug":"planification-des-installations-nouvelles-et-de-remplacement","status":"publish","type":"page","link":"https:\/\/iceag.com\/fr\/gamme-de-services\/planification-des-installations-nouvelles-et-de-remplacement\/","title":{"rendered":"Planification d\u2019installations nouvelles et de substitutions"},"content":{"rendered":"\n<section class=\"eoss_hero_small alignfull\">\r\n<div class=\"eoss_hero_small_content\">\r\n<h4 class=\"eoss_hero_small_content_subtitle\">Avec une vue d&rsquo;ensemble<\/h4>\r\n<h1 class=\"eoss_hero_small_content_title\">Planification d\u2019installations nouvelles et de substitutions<\/h1>\r\n<div class=\"eoss_hero_small_content_text\"><\/div>\r\n<\/div>\r\n<figure class=\"eoss_background eoss_hero_small_bg\"><img decoding=\"async\" src=\"https:\/\/iceag.com\/wp-content\/uploads\/2024\/10\/anlagen-kreis-1.jpg\" \/><\/figure>\r\n<\/section>\n\n<div style=\"height:25px\" aria-hidden=\"true\" class=\"wp-block-spacer\"><\/div>\n\n<div class=\"wp-block-eoss-ananas-blocks-background-white alignfull\"><div>\n<div class=\"wp-block-columns is-layout-flex wp-container-core-columns-is-layout-28f84493 wp-block-columns-is-layout-flex\">\n<div class=\"wp-block-column is-vertically-aligned-center is-layout-flow wp-block-column-is-layout-flow\">\n<p>En tant que soci\u00e9t\u00e9 ind\u00e9pendante en planification globale ou partielle, nous proposons un \u00e9ventail de services et mettons \u00e0 profit notre expertise acquise sur diff\u00e9rents projets et installations. Nous assistons aussi les ma\u00eetres d&rsquo;ouvrage dans la planification d&rsquo;installations nouvelles et de remplacements. Nous gardons toujours \u00e0 l&rsquo;esprit la vue d&rsquo;ensemble.<\/p>\n<\/div>\n\n\n\n<div class=\"wp-block-column is-layout-flow wp-block-column-is-layout-flow\">\n<figure class=\"wp-block-image aligncenter size-full is-resized\"><img loading=\"lazy\" decoding=\"async\" width=\"655\" height=\"437\" src=\"https:\/\/iceag.com\/wp-content\/uploads\/2024\/10\/Image.png\" alt=\"\" class=\"wp-image-1748\" style=\"width:539px;height:auto\" srcset=\"https:\/\/iceag.com\/wp-content\/uploads\/2024\/10\/Image.png 655w, https:\/\/iceag.com\/wp-content\/uploads\/2024\/10\/Image-300x200.png 300w\" sizes=\"auto, (max-width: 655px) 100vw, 655px\" \/><\/figure>\n<\/div>\n<\/div>\n<\/div><\/div>\n\n<div style=\"height:25px\" aria-hidden=\"true\" class=\"wp-block-spacer\"><\/div>\n\n<div class=\"wp-block-group alignfull has-background is-layout-constrained wp-block-group-is-layout-constrained\" style=\"background-color:#585858;margin-top:0;margin-bottom:0\">\n<div style=\"height:10px\" aria-hidden=\"true\" class=\"wp-block-spacer\"><\/div>\n\n\n\n<div class=\"wp-block-group is-content-justification-space-between is-nowrap is-layout-flex wp-container-core-group-is-layout-c073264b wp-block-group-is-layout-flex\">\n<figure class=\"wp-block-image size-large is-resized is-style-rounded\"><img loading=\"lazy\" decoding=\"async\" width=\"1024\" height=\"694\" src=\"https:\/\/iceag.com\/wp-content\/uploads\/2024\/11\/Markus-Nef_Beratung-Planung_DSC_5261_02-1024x694.jpg\" alt=\"\" class=\"wp-image-2498\" style=\"aspect-ratio:1;object-fit:cover;width:250px\" srcset=\"https:\/\/iceag.com\/wp-content\/uploads\/2024\/11\/Markus-Nef_Beratung-Planung_DSC_5261_02-1024x694.jpg 1024w, https:\/\/iceag.com\/wp-content\/uploads\/2024\/11\/Markus-Nef_Beratung-Planung_DSC_5261_02-300x203.jpg 300w, https:\/\/iceag.com\/wp-content\/uploads\/2024\/11\/Markus-Nef_Beratung-Planung_DSC_5261_02-768x520.jpg 768w, https:\/\/iceag.com\/wp-content\/uploads\/2024\/11\/Markus-Nef_Beratung-Planung_DSC_5261_02-1536x1041.jpg 1536w, https:\/\/iceag.com\/wp-content\/uploads\/2024\/11\/Markus-Nef_Beratung-Planung_DSC_5261_02.jpg 1920w\" sizes=\"auto, (max-width: 1024px) 100vw, 1024px\" \/><\/figure>\n\n\n\n<div class=\"wp-block-group is-vertical is-layout-flex wp-container-core-group-is-layout-fe9cc265 wp-block-group-is-layout-flex\">\n<h2 class=\"wp-block-heading has-background-color has-text-color has-link-color wp-elements-85c542fd1f562049f0abab29bfcaaebc\" style=\"font-style:normal;font-weight:100\">\u00ab\u00a0La planification est pour nous une symbiose entre les connaissances en ing\u00e9nierie des proc\u00e9d\u00e9s et le savoir-faire pratique en montage et exploitation des installations.\u00a0\u00bb<\/h2>\n\n\n\n<p class=\"has-background-color has-text-color has-link-color wp-elements-6c6a0e8154a465fbd8ce7fa97fffe761\"><em>Dr. Markus Nef<\/em>, <em>Directeur de la planification et du conseil<\/em><\/p>\n<\/div>\n\n\n\n<div class=\"wp-block-buttons is-layout-flex wp-block-buttons-is-layout-flex\"><\/div>\n<\/div>\n\n\n\n<div style=\"height:10px\" aria-hidden=\"true\" class=\"wp-block-spacer\"><\/div>\n<\/div>\n\n<div class=\"wp-block-eoss-ananas-blocks-background-grey alignfull\"><div>\n<div style=\"height:100px\" aria-hidden=\"true\" class=\"wp-block-spacer\"><\/div>\n\n\n\n<h2 class=\"wp-block-heading\">Nos prestations en d\u00e9tail<\/h2>\n\n\n\n<div style=\"height:50px\" aria-hidden=\"true\" class=\"wp-block-spacer\"><\/div>\n\n\n\n<div class=\"wp-block-columns is-layout-flex wp-container-core-columns-is-layout-28f84493 wp-block-columns-is-layout-flex\">\n<div class=\"wp-block-column is-layout-flow wp-block-column-is-layout-flow\">\n<figure class=\"wp-block-image size-full\"><img loading=\"lazy\" decoding=\"async\" width=\"927\" height=\"618\" src=\"https:\/\/iceag.com\/wp-content\/uploads\/2024\/10\/iStock-1959827938.jpg\" alt=\"\" class=\"wp-image-2153\" style=\"aspect-ratio:3\/2;object-fit:cover\" srcset=\"https:\/\/iceag.com\/wp-content\/uploads\/2024\/10\/iStock-1959827938.jpg 927w, https:\/\/iceag.com\/wp-content\/uploads\/2024\/10\/iStock-1959827938-300x200.jpg 300w, https:\/\/iceag.com\/wp-content\/uploads\/2024\/10\/iStock-1959827938-768x512.jpg 768w\" sizes=\"auto, (max-width: 927px) 100vw, 927px\" \/><\/figure>\n\n\n\n<h3 class=\"wp-block-heading\">Direction de projet<\/h3>\n\n\n\n<p>Nous prenons en charge la direction et l&rsquo;organisation du projet pour garantir que votre projet soit termin\u00e9 dans les d\u00e9lais et dans le respect du budget.<\/p>\n<\/div>\n\n\n\n<div class=\"wp-block-column is-layout-flow wp-block-column-is-layout-flow\">\n<figure class=\"wp-block-image size-full\"><img loading=\"lazy\" decoding=\"async\" width=\"927\" height=\"619\" src=\"https:\/\/iceag.com\/wp-content\/uploads\/2024\/10\/iStock-929029342.jpg\" alt=\"\" class=\"wp-image-2156\" style=\"aspect-ratio:3\/2;object-fit:cover\" srcset=\"https:\/\/iceag.com\/wp-content\/uploads\/2024\/10\/iStock-929029342.jpg 927w, https:\/\/iceag.com\/wp-content\/uploads\/2024\/10\/iStock-929029342-300x200.jpg 300w, https:\/\/iceag.com\/wp-content\/uploads\/2024\/10\/iStock-929029342-768x513.jpg 768w\" sizes=\"auto, (max-width: 927px) 100vw, 927px\" \/><\/figure>\n\n\n\n<h3 class=\"wp-block-heading\">Ing\u00e9nierie de base<\/h3>\n\n\n\n<p>Notre ing\u00e9nierie de base comprend la conception g\u00e9n\u00e9rale de l&rsquo;ensemble du processus, la planification de l&rsquo;installation et l&rsquo;\u00e9tablissement de bilans \u00e9nerg\u00e9tiques pour une planification efficace. \u00c0 cet \u00e9gard, nos ing\u00e9nieurs en proc\u00e9d\u00e9s, g\u00e9nie m\u00e9canique, nos chimistes, nos ing\u00e9nieurs \u00e9lectriciens et en g\u00e9nie civil apportent leur soutien.<\/p>\n<\/div>\n\n\n\n<div class=\"wp-block-column is-layout-flow wp-block-column-is-layout-flow\">\n<figure class=\"wp-block-image size-full\"><img loading=\"lazy\" decoding=\"async\" width=\"984\" height=\"656\" src=\"https:\/\/iceag.com\/wp-content\/uploads\/2024\/10\/iStock-500044052.jpg\" alt=\"\" class=\"wp-image-2160\" style=\"aspect-ratio:3\/2;object-fit:cover\" srcset=\"https:\/\/iceag.com\/wp-content\/uploads\/2024\/10\/iStock-500044052.jpg 984w, https:\/\/iceag.com\/wp-content\/uploads\/2024\/10\/iStock-500044052-300x200.jpg 300w, https:\/\/iceag.com\/wp-content\/uploads\/2024\/10\/iStock-500044052-768x512.jpg 768w\" sizes=\"auto, (max-width: 984px) 100vw, 984px\" \/><\/figure>\n\n\n\n<h3 class=\"wp-block-heading\">Processus d&rsquo;appel d&rsquo;offres et d&rsquo;attribution<\/h3>\n\n\n\n<p>Nous vous assistons dans la cr\u00e9ation de documents d&rsquo;appel d&rsquo;offres, de projets de contrats, l&rsquo;\u00e9valuation des offres et nous vous donnons des recommandations pour l&rsquo;attribution.<\/p>\n<\/div>\n<\/div>\n\n\n\n<div style=\"height:90px\" aria-hidden=\"true\" class=\"wp-block-spacer\"><\/div>\n\n\n\n<div class=\"wp-block-columns is-layout-flex wp-container-core-columns-is-layout-28f84493 wp-block-columns-is-layout-flex\">\n<div class=\"wp-block-column is-layout-flow wp-block-column-is-layout-flow\">\n<figure class=\"wp-block-image size-full\"><img loading=\"lazy\" decoding=\"async\" width=\"612\" height=\"344\" src=\"https:\/\/iceag.com\/wp-content\/uploads\/2024\/07\/istockphoto-1446160177-612x612-1.jpg\" alt=\"\" class=\"wp-image-1184\" style=\"aspect-ratio:3\/2;object-fit:cover\" srcset=\"https:\/\/iceag.com\/wp-content\/uploads\/2024\/07\/istockphoto-1446160177-612x612-1.jpg 612w, https:\/\/iceag.com\/wp-content\/uploads\/2024\/07\/istockphoto-1446160177-612x612-1-300x169.jpg 300w\" sizes=\"auto, (max-width: 612px) 100vw, 612px\" \/><\/figure>\n\n\n\n<h3 class=\"wp-block-heading\">Accompagnement et contr\u00f4le des fournisseurs<\/h3>\n\n\n\n<p>Nous v\u00e9rifions les documents d&rsquo;ing\u00e9nierie, le respect des sp\u00e9cifications du client, surveillons et contr\u00f4lons l&rsquo;avancement du projet et veillons au respect des d\u00e9lais et des co\u00fbts.<\/p>\n<\/div>\n\n\n\n<div class=\"wp-block-column is-layout-flow wp-block-column-is-layout-flow\">\n<figure class=\"wp-block-image size-large\"><img loading=\"lazy\" decoding=\"async\" width=\"1024\" height=\"576\" src=\"https:\/\/iceag.com\/wp-content\/uploads\/2024\/07\/KVA-Turgi-Verfahrenstechnik-1024x576.jpg\" alt=\"\" class=\"wp-image-1128\" style=\"aspect-ratio:3\/2;object-fit:cover\" srcset=\"https:\/\/iceag.com\/wp-content\/uploads\/2024\/07\/KVA-Turgi-Verfahrenstechnik-1024x576.jpg 1024w, https:\/\/iceag.com\/wp-content\/uploads\/2024\/07\/KVA-Turgi-Verfahrenstechnik-300x169.jpg 300w, https:\/\/iceag.com\/wp-content\/uploads\/2024\/07\/KVA-Turgi-Verfahrenstechnik-768x432.jpg 768w, https:\/\/iceag.com\/wp-content\/uploads\/2024\/07\/KVA-Turgi-Verfahrenstechnik-1536x864.jpg 1536w, https:\/\/iceag.com\/wp-content\/uploads\/2024\/07\/KVA-Turgi-Verfahrenstechnik.jpg 1920w\" sizes=\"auto, (max-width: 1024px) 100vw, 1024px\" \/><\/figure>\n\n\n\n<h3 class=\"wp-block-heading\">Outils de travail : planification 3D et gestion de projet BIM*.<\/h3>\n\n\n\n<p>Notre gestion de projet BIM comprend la planification 3D et la gestion d&rsquo;une plate-forme de donn\u00e9es commune pour une ex\u00e9cution de projet efficace et transparente.&#13;\n&#13;\n*BIM : Mod\u00e9lisation de l&rsquo;information du b\u00e2timent<\/p>\n<\/div>\n\n\n\n<div class=\"wp-block-column is-layout-flow wp-block-column-is-layout-flow\">\n<figure class=\"wp-block-image size-large\"><img loading=\"lazy\" decoding=\"async\" width=\"1024\" height=\"683\" src=\"https:\/\/iceag.com\/wp-content\/uploads\/2024\/07\/iStock-1330167031-Kopie-1024x683.jpg\" alt=\"\" class=\"wp-image-788\" style=\"aspect-ratio:3\/2;object-fit:cover\" srcset=\"https:\/\/iceag.com\/wp-content\/uploads\/2024\/07\/iStock-1330167031-Kopie-1024x683.jpg 1024w, https:\/\/iceag.com\/wp-content\/uploads\/2024\/07\/iStock-1330167031-Kopie-300x200.jpg 300w, https:\/\/iceag.com\/wp-content\/uploads\/2024\/07\/iStock-1330167031-Kopie-768x512.jpg 768w, https:\/\/iceag.com\/wp-content\/uploads\/2024\/07\/iStock-1330167031-Kopie-1536x1024.jpg 1536w, https:\/\/iceag.com\/wp-content\/uploads\/2024\/07\/iStock-1330167031-Kopie.jpg 1920w\" sizes=\"auto, (max-width: 1024px) 100vw, 1024px\" \/><\/figure>\n\n\n\n<h3 class=\"wp-block-heading\">\u00c9tablissement des \u00e9ch\u00e9ances et supervision des co\u00fbts<\/h3>\n\n\n\n<p>Nous \u00e9laborons des plannings d\u00e9taill\u00e9s, les suivons et contr\u00f4lons les co\u00fbts associ\u00e9s pour garantir que votre projet demeure conforme aux \u00e9ch\u00e9ances et au budget pr\u00e9vu.<\/p>\n<\/div>\n<\/div>\n\n\n\n<div style=\"height:90px\" aria-hidden=\"true\" class=\"wp-block-spacer\"><\/div>\n\n\n\n<div class=\"wp-block-columns is-layout-flex wp-container-core-columns-is-layout-28f84493 wp-block-columns-is-layout-flex\">\n<div class=\"wp-block-column is-layout-flow wp-block-column-is-layout-flow\">\n<h3 class=\"wp-block-heading\">Contr\u00f4le de la qualit\u00e9<\/h3>\n\n\n\n<p>Notre d\u00e9marche qualit\u00e9 conforme \u00e0 la norme ISO 9001 englobe tous les \u00e9l\u00e9ments de la gestion de projet, y compris les proc\u00e9dures d&rsquo;ing\u00e9nierie, le contr\u00f4le des documents, ainsi que les r\u00e9ceptions et tests. Dans notre activit\u00e9, nous appliquons le standard ISO 45001 de gestion de la s\u00e9curit\u00e9 au travail pour pr\u00e9venir les incidents et les pr\u00e9judices. De m\u00eame, une gestion environnementale stricte est mise en \u0153uvre.<\/p>\n<\/div>\n\n\n\n<div class=\"wp-block-column is-layout-flow wp-block-column-is-layout-flow\">\n<h3 class=\"wp-block-heading\">Gestion des interfaces<\/h3>\n\n\n\n<p>Nous assurons une gestion fluide des interfaces entre diff\u00e9rents domaines (lots de livraison, installations existantes et nouvelles, r\u00e9seaux de distribution, etc.), documentons les interfaces et coordonnons les harmonisations pour une int\u00e9gration sans faille.<\/p>\n<\/div>\n\n\n\n<div class=\"wp-block-column is-layout-flow wp-block-column-is-layout-flow\"><\/div>\n<\/div>\n<\/div><\/div>\n\n<div class=\"wp-block-group alignfull has-primary-background-color has-background is-layout-constrained wp-container-core-group-is-layout-be04af43 wp-block-group-is-layout-constrained\" style=\"margin-top:0;margin-bottom:0\">\n<div style=\"height:10px\" aria-hidden=\"true\" class=\"wp-block-spacer\"><\/div>\n\n\n\n<div class=\"wp-block-group is-content-justification-space-between is-nowrap is-layout-flex wp-container-core-group-is-layout-c073264b wp-block-group-is-layout-flex\">\n<h2 class=\"wp-block-heading has-background-color has-text-color has-link-color wp-elements-1b9e26eadd808956de7c178e0ac03543\">Contactez-nous<\/h2>\n\n\n\n<div class=\"wp-block-buttons is-layout-flex wp-block-buttons-is-layout-flex\">\n<div class=\"wp-block-button is-style-ice-button-two\"><a class=\"wp-block-button__link wp-element-button\" href=\"https:\/\/iceag.com\/fr\/contact\/\">Contactez-nous maintenant sans engagement<\/a><\/div>\n<\/div>\n<\/div>\n<\/div>\n\n<div class=\"wp-block-group alignfull has-secondary-background-color has-background is-layout-constrained wp-block-group-is-layout-constrained\" style=\"margin-top:0;margin-bottom:0\">\n<div class=\"wp-block-group is-content-justification-space-between is-nowrap is-layout-flex wp-container-core-group-is-layout-cb46ffcb wp-block-group-is-layout-flex\">\n<div class=\"wp-block-group is-layout-constrained wp-block-group-is-layout-constrained\">\n<h4 class=\"wp-block-heading\">La qualit\u00e9 avant tout!<\/h4>\n\n\n\n<h2 class=\"wp-block-heading has-background-color has-text-color has-link-color wp-elements-b22f6238350323bf259e4d55856c1ceb\">Nous sommes certifi\u00e9s et r\u00e9pondons \u00e0 toutes les exigences<br\/>des normes internationales ISO 9001 et 45001.<\/h2>\n<\/div>\n\n\n\n<figure class=\"wp-block-image size-full is-resized\"><img loading=\"lazy\" decoding=\"async\" width=\"1920\" height=\"582\" src=\"https:\/\/iceag.com\/wp-content\/uploads\/2023\/10\/siegel_9001_45001_2.jpg\" alt=\"\" class=\"wp-image-1956\" style=\"object-fit:cover;width:284px;height:auto\" srcset=\"https:\/\/iceag.com\/wp-content\/uploads\/2023\/10\/siegel_9001_45001_2.jpg 1920w, https:\/\/iceag.com\/wp-content\/uploads\/2023\/10\/siegel_9001_45001_2-300x91.jpg 300w, https:\/\/iceag.com\/wp-content\/uploads\/2023\/10\/siegel_9001_45001_2-1024x310.jpg 1024w, https:\/\/iceag.com\/wp-content\/uploads\/2023\/10\/siegel_9001_45001_2-768x233.jpg 768w, https:\/\/iceag.com\/wp-content\/uploads\/2023\/10\/siegel_9001_45001_2-1536x466.jpg 1536w\" sizes=\"auto, (max-width: 1920px) 100vw, 1920px\" \/><\/figure>\n<\/div>\n<\/div>\n","protected":false},"excerpt":{"rendered":"<p>Avec une vue d&rsquo;ensemble<\/p>\n","protected":false},"author":3,"featured_media":494,"parent":2391,"menu_order":0,"comment_status":"closed","ping_status":"closed","template":"","meta":{"_acf_changed":false,"inline_featured_image":false,"footnotes":""},"class_list":["post-2379","page","type-page","status-publish","has-post-thumbnail","hentry"],"acf":[],"_links":{"self":[{"href":"https:\/\/iceag.com\/fr\/wp-json\/wp\/v2\/pages\/2379","targetHints":{"allow":["GET"]}}],"collection":[{"href":"https:\/\/iceag.com\/fr\/wp-json\/wp\/v2\/pages"}],"about":[{"href":"https:\/\/iceag.com\/fr\/wp-json\/wp\/v2\/types\/page"}],"author":[{"embeddable":true,"href":"https:\/\/iceag.com\/fr\/wp-json\/wp\/v2\/users\/3"}],"replies":[{"embeddable":true,"href":"https:\/\/iceag.com\/fr\/wp-json\/wp\/v2\/comments?post=2379"}],"version-history":[{"count":53,"href":"https:\/\/iceag.com\/fr\/wp-json\/wp\/v2\/pages\/2379\/revisions"}],"predecessor-version":[{"id":3679,"href":"https:\/\/iceag.com\/fr\/wp-json\/wp\/v2\/pages\/2379\/revisions\/3679"}],"up":[{"embeddable":true,"href":"https:\/\/iceag.com\/fr\/wp-json\/wp\/v2\/pages\/2391"}],"wp:featuredmedia":[{"embeddable":true,"href":"https:\/\/iceag.com\/fr\/wp-json\/wp\/v2\/media\/494"}],"wp:attachment":[{"href":"https:\/\/iceag.com\/fr\/wp-json\/wp\/v2\/media?parent=2379"}],"curies":[{"name":"wp","href":"https:\/\/api.w.org\/{rel}","templated":true}]}}