{"id":2375,"date":"2024-04-22T13:59:44","date_gmt":"2024-04-22T13:59:44","guid":{"rendered":"https:\/\/iceag.com\/direction-des-montages-des-mises-en-service-et-des-revisions\/"},"modified":"2025-04-17T06:05:15","modified_gmt":"2025-04-17T06:05:15","slug":"direction-des-montages-des-mises-en-service-et-des-revisions","status":"publish","type":"page","link":"https:\/\/iceag.com\/fr\/gamme-de-services\/direction-des-montages-des-mises-en-service-et-des-revisions\/","title":{"rendered":"Direction de montages, mises en service et r&eacute;visions"},"content":{"rendered":"\n<section class=\"eoss_hero_small alignfull\">\r\n<div class=\"eoss_hero_small_content\">\r\n<h4 class=\"eoss_hero_small_content_subtitle\">Avec savoir-faire et exp\u00e9rience<\/h4>\r\n<h1 class=\"eoss_hero_small_content_title\">Direction de montages, mises en service et r\u00e9visions<\/h1>\r\n<div class=\"eoss_hero_small_content_text\"><\/div>\r\n<\/div>\r\n<figure class=\"eoss_background eoss_hero_small_bg\"><img decoding=\"async\" src=\"https:\/\/iceag.com\/wp-content\/uploads\/2024\/10\/planung-inbetriebnahme.jpg\" \/><\/figure>\r\n<\/section>\n\n<div class=\"wp-block-eoss-ananas-blocks-background-white alignfull\"><div>\n<div style=\"height:50px\" aria-hidden=\"true\" class=\"wp-block-spacer\"><\/div>\n\n\n\n<div class=\"wp-block-columns is-layout-flex wp-container-core-columns-is-layout-28f84493 wp-block-columns-is-layout-flex\">\n<div class=\"wp-block-column is-vertically-aligned-center is-layout-flow wp-block-column-is-layout-flow\">\n<p>Notre domaine d&rsquo;expertise est le montage, la mise en service et l&rsquo;entretien des syst\u00e8mes de traitement thermique des d\u00e9chets et de biomasse. Par le biais de notre pr\u00e9sence sur le terrain, nous assurons que les v\u00e9cus de chantier sont r\u00e9int\u00e9gr\u00e9s dans notre d\u00e9partement des proc\u00e9d\u00e9s, ce qui garantit que nos solutions restent toujours ax\u00e9es sur l&rsquo;application pratique.<\/p>\n<\/div>\n\n\n\n<div class=\"wp-block-column is-layout-flow wp-block-column-is-layout-flow\">\n<figure class=\"wp-block-image aligncenter size-full is-resized\"><img loading=\"lazy\" decoding=\"async\" width=\"296\" height=\"296\" src=\"https:\/\/iceag.com\/wp-content\/uploads\/2024\/07\/029_012204_ICE_Ueberarbeitung_Firmenpraesentation_Powerpoint_Vorlage_Icons_7.png\" alt=\"\" class=\"wp-image-1165\" style=\"width:335px;height:auto\" srcset=\"https:\/\/iceag.com\/wp-content\/uploads\/2024\/07\/029_012204_ICE_Ueberarbeitung_Firmenpraesentation_Powerpoint_Vorlage_Icons_7.png 296w, https:\/\/iceag.com\/wp-content\/uploads\/2024\/07\/029_012204_ICE_Ueberarbeitung_Firmenpraesentation_Powerpoint_Vorlage_Icons_7-150x150.png 150w\" sizes=\"auto, (max-width: 296px) 100vw, 296px\" \/><\/figure>\n<\/div>\n<\/div>\n<\/div><\/div>\n\n<div class=\"wp-block-group alignfull has-background is-layout-constrained wp-block-group-is-layout-constrained\" style=\"background-color:#585858;margin-top:0;margin-bottom:0\">\n<div style=\"height:10px\" aria-hidden=\"true\" class=\"wp-block-spacer\"><\/div>\n\n\n\n<div class=\"wp-block-group is-content-justification-space-between is-nowrap is-layout-flex wp-container-core-group-is-layout-c073264b wp-block-group-is-layout-flex\">\n<figure class=\"wp-block-image size-large is-resized is-style-rounded\"><img loading=\"lazy\" decoding=\"async\" width=\"1024\" height=\"738\" src=\"https:\/\/iceag.com\/wp-content\/uploads\/2024\/11\/Herbert_Gemperle_1-1024x738.jpg\" alt=\"\" class=\"wp-image-2495\" style=\"aspect-ratio:1;object-fit:cover;width:250px\" srcset=\"https:\/\/iceag.com\/wp-content\/uploads\/2024\/11\/Herbert_Gemperle_1-1024x738.jpg 1024w, https:\/\/iceag.com\/wp-content\/uploads\/2024\/11\/Herbert_Gemperle_1-300x216.jpg 300w, https:\/\/iceag.com\/wp-content\/uploads\/2024\/11\/Herbert_Gemperle_1-768x554.jpg 768w, https:\/\/iceag.com\/wp-content\/uploads\/2024\/11\/Herbert_Gemperle_1-1536x1107.jpg 1536w, https:\/\/iceag.com\/wp-content\/uploads\/2024\/11\/Herbert_Gemperle_1.jpg 1920w\" sizes=\"auto, (max-width: 1024px) 100vw, 1024px\" \/><\/figure>\n\n\n\n<div class=\"wp-block-group is-vertical is-layout-flex wp-container-core-group-is-layout-fe9cc265 wp-block-group-is-layout-flex\">\n<h2 class=\"wp-block-heading has-background-color has-text-color has-link-color wp-elements-ce1cbe008eb51391b466c2ad26d2bc40\">\u00ab\u00a0B\u00e9n\u00e9ficiez de plus de 30 ans d\u2019expertise en mati\u00e8re de montages et de mises en service.\u00a0\u00bb<\/h2>\n\n\n\n<p class=\"has-background-color has-text-color has-link-color wp-elements-181eabfc5efda06e0be549d9152b6c62\"><em>Herbert Gemperle, Responsable de la division Montages et Directeur g\u00e9n\u00e9ral<\/em><\/p>\n<\/div>\n\n\n\n<div class=\"wp-block-buttons is-layout-flex wp-block-buttons-is-layout-flex\"><\/div>\n<\/div>\n\n\n\n<div style=\"height:10px\" aria-hidden=\"true\" class=\"wp-block-spacer\"><\/div>\n<\/div>\n\n<div class=\"wp-block-eoss-ananas-blocks-background-grey alignfull\"><div>\n<div style=\"height:100px\" aria-hidden=\"true\" class=\"wp-block-spacer\"><\/div>\n\n\n\n<h2 class=\"wp-block-heading\">Nos prestations<\/h2>\n\n\n\n<div style=\"height:50px\" aria-hidden=\"true\" class=\"wp-block-spacer\"><\/div>\n\n\n\n<div class=\"wp-block-columns is-layout-flex wp-container-core-columns-is-layout-28f84493 wp-block-columns-is-layout-flex\">\n<div class=\"wp-block-column is-layout-flow wp-block-column-is-layout-flow\">\n<figure class=\"wp-block-image aligncenter size-large\"><img loading=\"lazy\" decoding=\"async\" width=\"1024\" height=\"768\" src=\"https:\/\/iceag.com\/wp-content\/uploads\/2024\/07\/IMG_6831-Kopie-1024x768.jpg\" alt=\"\" class=\"wp-image-776\" style=\"aspect-ratio:3\/2;object-fit:cover\" srcset=\"https:\/\/iceag.com\/wp-content\/uploads\/2024\/07\/IMG_6831-Kopie-1024x768.jpg 1024w, https:\/\/iceag.com\/wp-content\/uploads\/2024\/07\/IMG_6831-Kopie-300x225.jpg 300w, https:\/\/iceag.com\/wp-content\/uploads\/2024\/07\/IMG_6831-Kopie-768x576.jpg 768w, https:\/\/iceag.com\/wp-content\/uploads\/2024\/07\/IMG_6831-Kopie-1536x1152.jpg 1536w, https:\/\/iceag.com\/wp-content\/uploads\/2024\/07\/IMG_6831-Kopie.jpg 1920w\" sizes=\"auto, (max-width: 1024px) 100vw, 1024px\" \/><\/figure>\n\n\n\n<h3 class=\"wp-block-heading\">Inspections et expertises<\/h3>\n\n\n\n<p>Nos Inspections et expertises se caract\u00e9risent par une r\u00e9flexion anticipative, un savoir sp\u00e9cialis\u00e9 pointu et l&rsquo;aptitude \u00e0 juger des questions sensibles et \u00e0 d\u00e9terminer des actions appropri\u00e9es.<\/p>\n<\/div>\n\n\n\n<div class=\"wp-block-column is-layout-flow wp-block-column-is-layout-flow\">\n<figure class=\"wp-block-image aligncenter size-full\"><img loading=\"lazy\" decoding=\"async\" width=\"1920\" height=\"1622\" src=\"https:\/\/iceag.com\/wp-content\/uploads\/2024\/10\/Montagekonzepte_zeitplanung.jpg\" alt=\"\" class=\"wp-image-2343\" style=\"aspect-ratio:3\/2;object-fit:cover\" srcset=\"https:\/\/iceag.com\/wp-content\/uploads\/2024\/10\/Montagekonzepte_zeitplanung.jpg 1920w, https:\/\/iceag.com\/wp-content\/uploads\/2024\/10\/Montagekonzepte_zeitplanung-300x253.jpg 300w, https:\/\/iceag.com\/wp-content\/uploads\/2024\/10\/Montagekonzepte_zeitplanung-1024x865.jpg 1024w, https:\/\/iceag.com\/wp-content\/uploads\/2024\/10\/Montagekonzepte_zeitplanung-768x649.jpg 768w, https:\/\/iceag.com\/wp-content\/uploads\/2024\/10\/Montagekonzepte_zeitplanung-1536x1298.jpg 1536w\" sizes=\"auto, (max-width: 1920px) 100vw, 1920px\" \/><\/figure>\n\n\n\n<h3 class=\"wp-block-heading\">Concepts de montage et planification temporelle<\/h3>\n\n\n\n<p>Nous concevons des plans d&rsquo;action r\u00e9alistes et des calendriers fond\u00e9s sur des processus robustes et des \u00e9ch\u00e9ances fiables. En cas de retards, nous offrons des solutions efficaces et des solutions alternatives.<\/p>\n<\/div>\n\n\n\n<div class=\"wp-block-column is-layout-flow wp-block-column-is-layout-flow\">\n<figure class=\"wp-block-image aligncenter size-large\"><img loading=\"lazy\" decoding=\"async\" width=\"1024\" height=\"485\" src=\"https:\/\/iceag.com\/wp-content\/uploads\/2024\/07\/20221207_111103-Kopie-1024x485.jpg\" alt=\"\" class=\"wp-image-755\" style=\"aspect-ratio:3\/2;object-fit:cover\" srcset=\"https:\/\/iceag.com\/wp-content\/uploads\/2024\/07\/20221207_111103-Kopie-1024x485.jpg 1024w, https:\/\/iceag.com\/wp-content\/uploads\/2024\/07\/20221207_111103-Kopie-300x142.jpg 300w, https:\/\/iceag.com\/wp-content\/uploads\/2024\/07\/20221207_111103-Kopie-768x364.jpg 768w, https:\/\/iceag.com\/wp-content\/uploads\/2024\/07\/20221207_111103-Kopie-1536x728.jpg 1536w, https:\/\/iceag.com\/wp-content\/uploads\/2024\/07\/20221207_111103-Kopie.jpg 1920w\" sizes=\"auto, (max-width: 1024px) 100vw, 1024px\" \/><\/figure>\n\n\n\n<h3 class=\"wp-block-heading\">Mise en \u0153uvre sur site<\/h3>\n\n\n\n<p>Notre \u00e9quipe exp\u00e9riment\u00e9e prend en charge la direction de la construction et de la mise en service sur site.  Nous assurons une gestion professionnelle du chantier et de son organisation.<\/p>\n<\/div>\n<\/div>\n\n\n\n<div style=\"height:50px\" aria-hidden=\"true\" class=\"wp-block-spacer\"><\/div>\n\n\n\n<div class=\"wp-block-columns is-layout-flex wp-container-core-columns-is-layout-28f84493 wp-block-columns-is-layout-flex\">\n<div class=\"wp-block-column is-layout-flow wp-block-column-is-layout-flow\">\n<figure class=\"wp-block-image aligncenter size-full\"><img loading=\"lazy\" decoding=\"async\" width=\"927\" height=\"618\" src=\"https:\/\/iceag.com\/wp-content\/uploads\/2024\/10\/iStock-1185246174-1.jpg\" alt=\"\" class=\"wp-image-2180\" style=\"aspect-ratio:3\/2;object-fit:cover\" srcset=\"https:\/\/iceag.com\/wp-content\/uploads\/2024\/10\/iStock-1185246174-1.jpg 927w, https:\/\/iceag.com\/wp-content\/uploads\/2024\/10\/iStock-1185246174-1-300x200.jpg 300w, https:\/\/iceag.com\/wp-content\/uploads\/2024\/10\/iStock-1185246174-1-768x512.jpg 768w\" sizes=\"auto, (max-width: 927px) 100vw, 927px\" \/><\/figure>\n\n\n\n<h3 class=\"wp-block-heading\">Mise \u00e0 disposition de personnel<\/h3>\n\n\n\n<p>Nous mettons \u00e0 disposition du personnel qualifi\u00e9 et travaillons en \u00e9troite collaboration avec des entreprises sp\u00e9cialis\u00e9es de renom.<\/p>\n<\/div>\n\n\n\n<div class=\"wp-block-column is-layout-flow wp-block-column-is-layout-flow\"><\/div>\n\n\n\n<div class=\"wp-block-column is-layout-flow wp-block-column-is-layout-flow\"><\/div>\n<\/div>\n<\/div><\/div>\n\n<div style=\"height:50px\" aria-hidden=\"true\" class=\"wp-block-spacer\"><\/div>\n\n<h2 class=\"wp-block-heading\">Vos avantages<\/h2>\n\n<div class=\"wp-block-columns is-layout-flex wp-container-core-columns-is-layout-28f84493 wp-block-columns-is-layout-flex\">\n<div class=\"wp-block-column is-layout-flow wp-block-column-is-layout-flow\">\n<figure class=\"wp-block-image size-large\"><img loading=\"lazy\" decoding=\"async\" width=\"83\" height=\"80\" src=\"https:\/\/iceag.com\/wp-content\/uploads\/2024\/10\/switch-icon.svg\" alt=\"\" class=\"wp-image-1830\"\/><\/figure>\n\n\n\n<h3 class=\"wp-block-heading has-secondary-color has-text-color has-link-color wp-elements-fd94a8d72157602751edd1ee5c2c8d0a\">Savoir-faire ma\u00eetris\u00e9<\/h3>\n\n\n\n<p>De la planification \u00e0 la mise en \u0153uvre, vous profitez de notre vaste savoir-faire en mati\u00e8re de technologie des proc\u00e9d\u00e9s. Nos experts appliquent avec succ\u00e8s les connaissances th\u00e9oriques.<\/p>\n\n\n\n<div style=\"height:3px\" aria-hidden=\"true\" class=\"wp-block-spacer\"><\/div>\n<\/div>\n\n\n\n<div class=\"wp-block-column is-layout-flow wp-block-column-is-layout-flow\">\n<figure class=\"wp-block-image size-large\"><img loading=\"lazy\" decoding=\"async\" width=\"83\" height=\"80\" src=\"https:\/\/iceag.com\/wp-content\/uploads\/2024\/10\/switch-icon.svg\" alt=\"\" class=\"wp-image-1830\"\/><\/figure>\n\n\n\n<h3 class=\"wp-block-heading has-secondary-color has-text-color has-link-color wp-elements-c91aeeaa7e499b2351a151f218c41569\">Exp\u00e9rience de longue date<\/h3>\n\n\n\n<p>Forts de notre exp\u00e9rience, nous identifions \u00e9galement les probl\u00e8mes plus subtils et les r\u00e9solvons avec pragmatisme.<br\/><\/p>\n\n\n\n<div style=\"height:3px\" aria-hidden=\"true\" class=\"wp-block-spacer\"><\/div>\n<\/div>\n\n\n\n<div class=\"wp-block-column is-layout-flow wp-block-column-is-layout-flow\">\n<figure class=\"wp-block-image size-large\"><img loading=\"lazy\" decoding=\"async\" width=\"83\" height=\"80\" src=\"https:\/\/iceag.com\/wp-content\/uploads\/2024\/10\/switch-icon.svg\" alt=\"\" class=\"wp-image-1830\"\/><\/figure>\n\n\n\n<h3 class=\"wp-block-heading has-secondary-color has-text-color has-link-color wp-elements-6439c4ec4d0918197d21eefc5465e2c3\">Vision d\u2019ensemble ma\u00eetris\u00e9e<\/h3>\n\n\n\n<p>Gr\u00e2ce \u00e0 notre vue d&apos;ensemble des installations et \u00e0 notre connaissance des diff\u00e9rents syst\u00e8mes, nous gardons toujours une vision d\u2019ensemble ma\u00eetris\u00e9e.<br\/><\/p>\n\n\n\n<div style=\"height:3px\" aria-hidden=\"true\" class=\"wp-block-spacer\"><\/div>\n<\/div>\n<\/div>\n\n<div style=\"height:50px\" aria-hidden=\"true\" class=\"wp-block-spacer\"><\/div>\n\n<div class=\"wp-block-group alignfull has-primary-background-color has-background is-layout-constrained wp-container-core-group-is-layout-be04af43 wp-block-group-is-layout-constrained\" style=\"margin-top:0;margin-bottom:0\">\n<div style=\"height:10px\" aria-hidden=\"true\" class=\"wp-block-spacer\"><\/div>\n\n\n\n<div class=\"wp-block-group is-content-justification-space-between is-nowrap is-layout-flex wp-container-core-group-is-layout-c073264b wp-block-group-is-layout-flex\">\n<h2 class=\"wp-block-heading has-background-color has-text-color has-link-color wp-elements-1b9e26eadd808956de7c178e0ac03543\">Contactez-nous<\/h2>\n\n\n\n<div class=\"wp-block-buttons is-layout-flex wp-block-buttons-is-layout-flex\">\n<div class=\"wp-block-button is-style-ice-button-two\"><a class=\"wp-block-button__link wp-element-button\" href=\"https:\/\/iceag.com\/fr\/contact\/\">Discuter avec nos experts<\/a><\/div>\n<\/div>\n<\/div>\n\n\n\n<div style=\"height:10px\" aria-hidden=\"true\" class=\"wp-block-spacer\"><\/div>\n<\/div>\n\n<div class=\"wp-block-group alignfull has-secondary-background-color has-background is-layout-constrained wp-block-group-is-layout-constrained\" style=\"margin-top:0;margin-bottom:0\">\n<div class=\"wp-block-group is-content-justification-space-between is-nowrap is-layout-flex wp-container-core-group-is-layout-cb46ffcb wp-block-group-is-layout-flex\">\n<div class=\"wp-block-group is-layout-constrained wp-block-group-is-layout-constrained\">\n<h4 class=\"wp-block-heading\">La qualit\u00e9 avant tout!<\/h4>\n\n\n\n<h2 class=\"wp-block-heading has-background-color has-text-color has-link-color wp-elements-b22f6238350323bf259e4d55856c1ceb\">Nous sommes certifi\u00e9s et r\u00e9pondons \u00e0 toutes les exigences<br\/>des normes internationales ISO 9001 et 45001.<\/h2>\n<\/div>\n\n\n\n<figure class=\"wp-block-image size-full is-resized\"><img loading=\"lazy\" decoding=\"async\" width=\"1920\" height=\"582\" src=\"https:\/\/iceag.com\/wp-content\/uploads\/2023\/10\/siegel_9001_45001_2.jpg\" alt=\"\" class=\"wp-image-1956\" style=\"object-fit:cover;width:284px;height:auto\" srcset=\"https:\/\/iceag.com\/wp-content\/uploads\/2023\/10\/siegel_9001_45001_2.jpg 1920w, https:\/\/iceag.com\/wp-content\/uploads\/2023\/10\/siegel_9001_45001_2-300x91.jpg 300w, https:\/\/iceag.com\/wp-content\/uploads\/2023\/10\/siegel_9001_45001_2-1024x310.jpg 1024w, https:\/\/iceag.com\/wp-content\/uploads\/2023\/10\/siegel_9001_45001_2-768x233.jpg 768w, https:\/\/iceag.com\/wp-content\/uploads\/2023\/10\/siegel_9001_45001_2-1536x466.jpg 1536w\" sizes=\"auto, (max-width: 1920px) 100vw, 1920px\" \/><\/figure>\n<\/div>\n<\/div>\n","protected":false},"excerpt":{"rendered":"<p>Une vision d&rsquo;ensemble.<\/p>\n","protected":false},"author":3,"featured_media":903,"parent":2391,"menu_order":0,"comment_status":"closed","ping_status":"closed","template":"","meta":{"_acf_changed":false,"inline_featured_image":false,"footnotes":""},"class_list":["post-2375","page","type-page","status-publish","has-post-thumbnail","hentry"],"acf":[],"_links":{"self":[{"href":"https:\/\/iceag.com\/fr\/wp-json\/wp\/v2\/pages\/2375","targetHints":{"allow":["GET"]}}],"collection":[{"href":"https:\/\/iceag.com\/fr\/wp-json\/wp\/v2\/pages"}],"about":[{"href":"https:\/\/iceag.com\/fr\/wp-json\/wp\/v2\/types\/page"}],"author":[{"embeddable":true,"href":"https:\/\/iceag.com\/fr\/wp-json\/wp\/v2\/users\/3"}],"replies":[{"embeddable":true,"href":"https:\/\/iceag.com\/fr\/wp-json\/wp\/v2\/comments?post=2375"}],"version-history":[{"count":26,"href":"https:\/\/iceag.com\/fr\/wp-json\/wp\/v2\/pages\/2375\/revisions"}],"predecessor-version":[{"id":3691,"href":"https:\/\/iceag.com\/fr\/wp-json\/wp\/v2\/pages\/2375\/revisions\/3691"}],"up":[{"embeddable":true,"href":"https:\/\/iceag.com\/fr\/wp-json\/wp\/v2\/pages\/2391"}],"wp:featuredmedia":[{"embeddable":true,"href":"https:\/\/iceag.com\/fr\/wp-json\/wp\/v2\/media\/903"}],"wp:attachment":[{"href":"https:\/\/iceag.com\/fr\/wp-json\/wp\/v2\/media?parent=2375"}],"curies":[{"name":"wp","href":"https:\/\/api.w.org\/{rel}","templated":true}]}}