{"id":2373,"date":"2024-04-22T14:26:24","date_gmt":"2024-04-22T14:26:24","guid":{"rendered":"https:\/\/iceag.com\/optimisation-et-modernisation\/"},"modified":"2025-11-25T07:36:55","modified_gmt":"2025-11-25T07:36:55","slug":"optimisation-et-modernisation","status":"publish","type":"page","link":"https:\/\/iceag.com\/fr\/gamme-de-services\/optimisation-et-modernisation\/","title":{"rendered":"Optimisation et modernisation"},"content":{"rendered":"\n<section class=\"eoss_hero_small alignfull\">\r\n<div class=\"eoss_hero_small_content\">\r\n<h4 class=\"eoss_hero_small_content_subtitle\">\u00c9voluer pour une croissance durable<\/h4>\r\n<h1 class=\"eoss_hero_small_content_title\">Optimisation et modernisation<\/h1>\r\n<div class=\"eoss_hero_small_content_text\"><\/div>\r\n<\/div>\r\n<figure class=\"eoss_background eoss_hero_small_bg\"><img decoding=\"async\" src=\"https:\/\/iceag.com\/wp-content\/uploads\/2024\/06\/ice-optimierung.jpg\" \/><\/figure>\r\n<\/section>\n\n<div class=\"wp-block-eoss-ananas-blocks-background-white alignfull\"><div>\n<div style=\"height:50px\" aria-hidden=\"true\" class=\"wp-block-spacer\"><\/div>\n\n\n\n<div class=\"wp-block-columns is-layout-flex wp-container-core-columns-is-layout-28f84493 wp-block-columns-is-layout-flex\">\n<div class=\"wp-block-column is-vertically-aligned-center is-layout-flow wp-block-column-is-layout-flow\">\n<p>Nos propositions d&rsquo;optimisation et de mise \u00e0 niveau dans le secteur de l&rsquo;incin\u00e9ration des d\u00e9chets ont pour but de moderniser vos \u00e9quipements et d&rsquo;augmenter leur efficacit\u00e9. Nous vous soutenons dans l&rsquo;optimisation des performances de vos installations. En formant vos employ\u00e9s \u00e0 travers des sessions th\u00e9oriques et pratiques, nous participons \u00e0 l&rsquo;am\u00e9lioration de vos processus op\u00e9rationnels.<\/p>\n<\/div>\n\n\n\n<div class=\"wp-block-column is-layout-flow wp-block-column-is-layout-flow\">\n<figure class=\"wp-block-image aligncenter size-full is-resized\"><img loading=\"lazy\" decoding=\"async\" width=\"296\" height=\"296\" src=\"https:\/\/iceag.com\/wp-content\/uploads\/2024\/07\/029_012204_ICE_Ueberarbeitung_Firmenpraesentation_Powerpoint_Vorlage_Icons_6.png\" alt=\"\" class=\"wp-image-1162\" style=\"width:324px;height:auto\" srcset=\"https:\/\/iceag.com\/wp-content\/uploads\/2024\/07\/029_012204_ICE_Ueberarbeitung_Firmenpraesentation_Powerpoint_Vorlage_Icons_6.png 296w, https:\/\/iceag.com\/wp-content\/uploads\/2024\/07\/029_012204_ICE_Ueberarbeitung_Firmenpraesentation_Powerpoint_Vorlage_Icons_6-150x150.png 150w\" sizes=\"auto, (max-width: 296px) 100vw, 296px\" \/><\/figure>\n<\/div>\n<\/div>\n\n\n\n<div style=\"height:25px\" aria-hidden=\"true\" class=\"wp-block-spacer\"><\/div>\n<\/div><\/div>\n\n<div class=\"wp-block-group alignfull has-background is-layout-constrained wp-block-group-is-layout-constrained\" style=\"background-color:#585858;margin-top:0;margin-bottom:0\">\n<div style=\"height:10px\" aria-hidden=\"true\" class=\"wp-block-spacer\"><\/div>\n\n\n\n<div class=\"wp-block-group is-content-justification-space-between is-nowrap is-layout-flex wp-container-core-group-is-layout-c073264b wp-block-group-is-layout-flex\">\n<figure class=\"wp-block-image size-full is-resized is-style-rounded\"><img loading=\"lazy\" decoding=\"async\" width=\"1920\" height=\"1526\" src=\"https:\/\/iceag.com\/wp-content\/uploads\/2025\/11\/DSC_5390_01.jpg\" alt=\"\" class=\"wp-image-3977\" style=\"aspect-ratio:1;object-fit:cover;width:250px\" srcset=\"https:\/\/iceag.com\/wp-content\/uploads\/2025\/11\/DSC_5390_01.jpg 1920w, https:\/\/iceag.com\/wp-content\/uploads\/2025\/11\/DSC_5390_01-300x238.jpg 300w, https:\/\/iceag.com\/wp-content\/uploads\/2025\/11\/DSC_5390_01-1024x814.jpg 1024w, https:\/\/iceag.com\/wp-content\/uploads\/2025\/11\/DSC_5390_01-768x610.jpg 768w, https:\/\/iceag.com\/wp-content\/uploads\/2025\/11\/DSC_5390_01-1536x1221.jpg 1536w\" sizes=\"auto, (max-width: 1920px) 100vw, 1920px\" \/><\/figure>\n\n\n\n<div class=\"wp-block-group is-vertical is-layout-flex wp-container-core-group-is-layout-fe9cc265 wp-block-group-is-layout-flex\">\n<h2 class=\"wp-block-heading has-background-color has-text-color has-link-color wp-elements-c4195f6f35d2233323e895bbd0e42e72\">\u00ab\u00a0Votre installation dissimule un potentiel inexploit\u00e9!\u00a0\u00bb<\/h2>\n\n\n\n<p class=\"has-background-color has-text-color has-link-color wp-elements-8d2f3e54aa34ed9a695ef50c8965c2c1\"><em>Walter Schlegel, Responsable de la division Optimisation et mise en service<\/em><\/p>\n<\/div>\n\n\n\n<div class=\"wp-block-buttons is-layout-flex wp-block-buttons-is-layout-flex\"><\/div>\n<\/div>\n\n\n\n<div style=\"height:10px\" aria-hidden=\"true\" class=\"wp-block-spacer\"><\/div>\n<\/div>\n\n<div class=\"wp-block-eoss-ananas-blocks-background-grey alignfull\"><div>\n<div style=\"height:50px\" aria-hidden=\"true\" class=\"wp-block-spacer\"><\/div>\n\n\n\n<h2 class=\"wp-block-heading\">Prestations<\/h2>\n\n\n\n<div style=\"height:50px\" aria-hidden=\"true\" class=\"wp-block-spacer\"><\/div>\n\n\n\n<div class=\"wp-block-columns is-layout-flex wp-container-core-columns-is-layout-28f84493 wp-block-columns-is-layout-flex\">\n<div class=\"wp-block-column is-vertically-aligned-top is-layout-flow wp-block-column-is-layout-flow\">\n<figure class=\"wp-block-image size-full is-resized\"><img loading=\"lazy\" decoding=\"async\" width=\"1152\" height=\"648\" src=\"https:\/\/iceag.com\/wp-content\/uploads\/2024\/10\/iStock-1197070949.jpg\" alt=\"\" class=\"wp-image-2185\" style=\"aspect-ratio:3\/2;object-fit:cover;width:450px\" srcset=\"https:\/\/iceag.com\/wp-content\/uploads\/2024\/10\/iStock-1197070949.jpg 1152w, https:\/\/iceag.com\/wp-content\/uploads\/2024\/10\/iStock-1197070949-300x169.jpg 300w, https:\/\/iceag.com\/wp-content\/uploads\/2024\/10\/iStock-1197070949-1024x576.jpg 1024w, https:\/\/iceag.com\/wp-content\/uploads\/2024\/10\/iStock-1197070949-768x432.jpg 768w\" sizes=\"auto, (max-width: 1152px) 100vw, 1152px\" \/><\/figure>\n\n\n\n<h3 class=\"wp-block-heading\">\u00c9tudes de proc\u00e9d\u00e9s<\/h3>\n\n\n\n<p>Nous r\u00e9alisons des \u00e9tudes de proc\u00e9d\u00e9s afin de mettre en \u00e9vidence les potentiels d&rsquo;optimisation. Gr\u00e2ce aux calculs post\u00e9rieurs et \u00e0 la comparaison avec l&rsquo;\u00e9tat actuel des proc\u00e9d\u00e9s, nous identifions des opportunit\u00e9s pour am\u00e9liorer l&rsquo;efficacit\u00e9.<\/p>\n<\/div>\n\n\n\n<div class=\"wp-block-column is-vertically-aligned-top is-layout-flow wp-block-column-is-layout-flow\">\n<figure class=\"wp-block-image aligncenter size-full\"><img loading=\"lazy\" decoding=\"async\" width=\"612\" height=\"340\" src=\"https:\/\/iceag.com\/wp-content\/uploads\/2024\/07\/istockphoto-1320148440-612x612-1.jpg\" alt=\"\" class=\"wp-image-1319\" style=\"aspect-ratio:3\/2;object-fit:cover\" srcset=\"https:\/\/iceag.com\/wp-content\/uploads\/2024\/07\/istockphoto-1320148440-612x612-1.jpg 612w, https:\/\/iceag.com\/wp-content\/uploads\/2024\/07\/istockphoto-1320148440-612x612-1-300x167.jpg 300w\" sizes=\"auto, (max-width: 612px) 100vw, 612px\" \/><\/figure>\n\n\n\n<h3 class=\"wp-block-heading\">Am\u00e9lioration de l&apos;efficacit\u00e9<\/h3>\n\n\n\n<p>Nos prestations de perfectionnement de l&rsquo;efficacit\u00e9 incluent la r\u00e9\u00e9valuation de concepts, l&rsquo;organisation et l&rsquo;ex\u00e9cution d&rsquo;actions pour accro\u00eetre la performance ainsi que des \u00e9valuations de co\u00fbts.<\/p>\n<\/div>\n\n\n\n<div class=\"wp-block-column is-vertically-aligned-top is-layout-flow wp-block-column-is-layout-flow\">\n<figure class=\"wp-block-image size-full\"><img loading=\"lazy\" decoding=\"async\" width=\"612\" height=\"400\" src=\"https:\/\/iceag.com\/wp-content\/uploads\/2024\/07\/istockphoto-1300175334-612x612-1.jpg\" alt=\"\" class=\"wp-image-1316\" style=\"aspect-ratio:3\/2;object-fit:cover\" srcset=\"https:\/\/iceag.com\/wp-content\/uploads\/2024\/07\/istockphoto-1300175334-612x612-1.jpg 612w, https:\/\/iceag.com\/wp-content\/uploads\/2024\/07\/istockphoto-1300175334-612x612-1-300x196.jpg 300w\" sizes=\"auto, (max-width: 612px) 100vw, 612px\" \/><\/figure>\n\n\n\n<h3 class=\"wp-block-heading\">Optimisation \u00e9nerg\u00e9tique<\/h3>\n\n\n\n<p>Notre d\u00e9marche d&rsquo;optimisation \u00e9nerg\u00e9tique inclut des actions telles que la r\u00e9cup\u00e9ration de chaleur, l&rsquo;am\u00e9lioration des chaudi\u00e8res et l&rsquo;accroissement de la performance, dans le but d&rsquo;optimiser l&rsquo;efficacit\u00e9 de vos \u00e9quipements.<\/p>\n<\/div>\n<\/div>\n\n\n\n<div style=\"height:20px\" aria-hidden=\"true\" class=\"wp-block-spacer\"><\/div>\n\n\n\n<div class=\"wp-block-columns is-layout-flex wp-container-core-columns-is-layout-28f84493 wp-block-columns-is-layout-flex\">\n<div class=\"wp-block-column is-layout-flow wp-block-column-is-layout-flow\">\n<figure class=\"wp-block-image size-full\"><img loading=\"lazy\" decoding=\"async\" width=\"612\" height=\"408\" src=\"https:\/\/iceag.com\/wp-content\/uploads\/2024\/07\/istockphoto-1502289160-612x612-1.jpg\" alt=\"\" class=\"wp-image-1322\" srcset=\"https:\/\/iceag.com\/wp-content\/uploads\/2024\/07\/istockphoto-1502289160-612x612-1.jpg 612w, https:\/\/iceag.com\/wp-content\/uploads\/2024\/07\/istockphoto-1502289160-612x612-1-300x200.jpg 300w\" sizes=\"auto, (max-width: 612px) 100vw, 612px\" \/><\/figure>\n\n\n\n<h3 class=\"wp-block-heading\">R\u00e9duction des \u00e9missions<\/h3>\n\n\n\n<p>Nous adaptons vos installations \u00e0 l&rsquo;\u00e9volution des exigences l\u00e9gales, \u00e9laborons des variantes de concept pour r\u00e9duire les \u00e9missions et d\u00e9terminons les co\u00fbts d&rsquo;investissement pour une modernisation durable.<\/p>\n<\/div>\n\n\n\n<div class=\"wp-block-column is-layout-flow wp-block-column-is-layout-flow\">\n<figure class=\"wp-block-image size-full\"><img loading=\"lazy\" decoding=\"async\" width=\"612\" height=\"408\" src=\"https:\/\/iceag.com\/wp-content\/uploads\/2024\/07\/istockphoto-1212102704-612x612-1.jpg\" alt=\"\" class=\"wp-image-1313\" srcset=\"https:\/\/iceag.com\/wp-content\/uploads\/2024\/07\/istockphoto-1212102704-612x612-1.jpg 612w, https:\/\/iceag.com\/wp-content\/uploads\/2024\/07\/istockphoto-1212102704-612x612-1-300x200.jpg 300w\" sizes=\"auto, (max-width: 612px) 100vw, 612px\" \/><\/figure>\n\n\n\n<h3 class=\"wp-block-heading\">Mise en \u0153uvre de nouvelles technologies<\/h3>\n\n\n\n<p>Explorez avec nous des opportunit\u00e9s in\u00e9dites comme le captage, le transport, le stockage et la valorisation du dioxyde de carbone (CSVC en fran\u00e7ais, CCUS en anglais), la conversion et le stockage de diff\u00e9rentes formes d\u2019\u00e9nergie (Power-to-X, PtX, P2X), et la revalorisation des mati\u00e8res (r\u00e9cup\u00e9ration des m\u00e9taux et d&rsquo;autres mat\u00e9riaux) pour optimiser l&rsquo;efficacit\u00e9 et la p\u00e9rennit\u00e9 de vos \u00e9quipements.<\/p>\n<\/div>\n\n\n\n<div class=\"wp-block-column is-layout-flow wp-block-column-is-layout-flow\">\n<figure class=\"wp-block-image size-large\"><img loading=\"lazy\" decoding=\"async\" width=\"1024\" height=\"684\" src=\"https:\/\/iceag.com\/wp-content\/uploads\/2024\/07\/iStock-1367981681-Kopie-1024x684.jpg\" alt=\"\" class=\"wp-image-794\" style=\"aspect-ratio:3\/2;object-fit:cover\" srcset=\"https:\/\/iceag.com\/wp-content\/uploads\/2024\/07\/iStock-1367981681-Kopie-1024x684.jpg 1024w, https:\/\/iceag.com\/wp-content\/uploads\/2024\/07\/iStock-1367981681-Kopie-300x200.jpg 300w, https:\/\/iceag.com\/wp-content\/uploads\/2024\/07\/iStock-1367981681-Kopie-768x513.jpg 768w, https:\/\/iceag.com\/wp-content\/uploads\/2024\/07\/iStock-1367981681-Kopie-1536x1026.jpg 1536w, https:\/\/iceag.com\/wp-content\/uploads\/2024\/07\/iStock-1367981681-Kopie.jpg 1920w\" sizes=\"auto, (max-width: 1024px) 100vw, 1024px\" \/><\/figure>\n\n\n\n<h3 class=\"wp-block-heading\">Optimisation pratique<\/h3>\n\n\n\n<p>Nous proposons des solutions d&rsquo;optimisation pratiques, \u00e0 distance ou sur site. Nous optimisons les concepts de r\u00e9gulation et mettons en \u0153uvre des mesures conceptuelles afin de maximiser l&rsquo;efficacit\u00e9.<\/p>\n<\/div>\n<\/div>\n\n\n\n<div style=\"height:20px\" aria-hidden=\"true\" class=\"wp-block-spacer\"><\/div>\n\n\n\n<div class=\"wp-block-columns is-layout-flex wp-container-core-columns-is-layout-28f84493 wp-block-columns-is-layout-flex\" style=\"line-height:1.5\">\n<div class=\"wp-block-column is-vertically-aligned-stretch is-layout-flow wp-block-column-is-layout-flow\">\n<figure class=\"wp-block-image size-large\"><img loading=\"lazy\" decoding=\"async\" width=\"1024\" height=\"768\" src=\"https:\/\/iceag.com\/wp-content\/uploads\/2024\/07\/DSC06809_A_vergroessert-1024x768.jpg\" alt=\"\" class=\"wp-image-1328\" style=\"aspect-ratio:3\/2;object-fit:cover\" srcset=\"https:\/\/iceag.com\/wp-content\/uploads\/2024\/07\/DSC06809_A_vergroessert-1024x768.jpg 1024w, https:\/\/iceag.com\/wp-content\/uploads\/2024\/07\/DSC06809_A_vergroessert-300x225.jpg 300w, https:\/\/iceag.com\/wp-content\/uploads\/2024\/07\/DSC06809_A_vergroessert-768x576.jpg 768w, https:\/\/iceag.com\/wp-content\/uploads\/2024\/07\/DSC06809_A_vergroessert-1536x1152.jpg 1536w, https:\/\/iceag.com\/wp-content\/uploads\/2024\/07\/DSC06809_A_vergroessert.jpg 1920w\" sizes=\"auto, (max-width: 1024px) 100vw, 1024px\" \/><\/figure>\n\n\n\n<h3 class=\"wp-block-heading\">Transformations<\/h3>\n\n\n\n<p class=\"has-text-align-left\">Mettez \u00e0 jour vos installations avec les plus r\u00e9centes innovations technologiques et d\u00e9celez puis rectifiez les faiblesses pour atteindre une performance optimale.<\/p>\n<\/div>\n\n\n\n<div class=\"wp-block-column is-layout-flow wp-block-column-is-layout-flow\">\n<figure class=\"wp-block-image size-full\"><img loading=\"lazy\" decoding=\"async\" width=\"952\" height=\"603\" src=\"https:\/\/iceag.com\/wp-content\/uploads\/2024\/10\/iStock-1202093404.jpg\" alt=\"\" class=\"wp-image-2188\" style=\"aspect-ratio:3\/2;object-fit:cover\" srcset=\"https:\/\/iceag.com\/wp-content\/uploads\/2024\/10\/iStock-1202093404.jpg 952w, https:\/\/iceag.com\/wp-content\/uploads\/2024\/10\/iStock-1202093404-300x190.jpg 300w, https:\/\/iceag.com\/wp-content\/uploads\/2024\/10\/iStock-1202093404-768x486.jpg 768w\" sizes=\"auto, (max-width: 952px) 100vw, 952px\" \/><\/figure>\n\n\n\n<h3 class=\"wp-block-heading\">Automatisation de la technologie des proc\u00e9d\u00e9s<\/h3>\n\n\n\n<p>Nous tenons compte de la p\u00e9nurie de main-d&rsquo;\u0153uvre qualifi\u00e9e et nous am\u00e9liorons la rentabilit\u00e9, l&rsquo;efficacit\u00e9, la pr\u00e9cision, ainsi que la productivit\u00e9 et la s\u00e9curit\u00e9 de vos installations gr\u00e2ce \u00e0 l&rsquo;automatisation des proc\u00e9d\u00e9s.<\/p>\n<\/div>\n\n\n\n<div class=\"wp-block-column is-layout-flow wp-block-column-is-layout-flow\">\n<figure class=\"wp-block-image size-full\"><img loading=\"lazy\" decoding=\"async\" width=\"638\" height=\"425\" src=\"https:\/\/iceag.com\/wp-content\/uploads\/2024\/10\/iStock-532445237.jpg\" alt=\"\" class=\"wp-image-2195\" style=\"aspect-ratio:3\/2;object-fit:cover\" srcset=\"https:\/\/iceag.com\/wp-content\/uploads\/2024\/10\/iStock-532445237.jpg 638w, https:\/\/iceag.com\/wp-content\/uploads\/2024\/10\/iStock-532445237-300x200.jpg 300w\" sizes=\"auto, (max-width: 638px) 100vw, 638px\" \/><\/figure>\n\n\n\n<h3 class=\"wp-block-heading\">Concepts de pr\u00e9servation de la valeur et de r\u00e9novation<\/h3>\n\n\n\n<p>Planifiez vos investissements \u00e0 l&rsquo;avance et assurez la conservation de la valeur de vos installations gr\u00e2ce \u00e0 un entretien pr\u00e9ventif. Nous identifions le cycle de vie de vos \u00e9quipements et \u00e9laborons des concepts de r\u00e9novation appropri\u00e9s.<\/p>\n<\/div>\n<\/div>\n\n\n\n<div style=\"height:20px\" aria-hidden=\"true\" class=\"wp-block-spacer\"><\/div>\n\n\n\n<div class=\"wp-block-columns is-layout-flex wp-container-core-columns-is-layout-28f84493 wp-block-columns-is-layout-flex\">\n<div class=\"wp-block-column is-layout-flow wp-block-column-is-layout-flow\">\n<figure class=\"wp-block-image size-full\"><img loading=\"lazy\" decoding=\"async\" width=\"927\" height=\"618\" src=\"https:\/\/iceag.com\/wp-content\/uploads\/2024\/10\/iStock-1901958472.jpg\" alt=\"\" class=\"wp-image-2192\" style=\"aspect-ratio:3\/2;object-fit:cover\" srcset=\"https:\/\/iceag.com\/wp-content\/uploads\/2024\/10\/iStock-1901958472.jpg 927w, https:\/\/iceag.com\/wp-content\/uploads\/2024\/10\/iStock-1901958472-300x200.jpg 300w, https:\/\/iceag.com\/wp-content\/uploads\/2024\/10\/iStock-1901958472-768x512.jpg 768w\" sizes=\"auto, (max-width: 927px) 100vw, 927px\" \/><\/figure>\n\n\n\n<h3 class=\"wp-block-heading\">Formation du personnel d&apos;exploitation<\/h3>\n\n\n\n<p>Nos offres de formation comprennent la formation continue du personnel d&rsquo;exploitation, l&rsquo;int\u00e9gration des nouveaux employ\u00e9s ainsi que des formations th\u00e9oriques et pratiques pour optimiser les processus d\u2019exploitation.<\/p>\n<\/div>\n\n\n\n<div class=\"wp-block-column is-layout-flow wp-block-column-is-layout-flow\"><\/div>\n\n\n\n<div class=\"wp-block-column is-layout-flow wp-block-column-is-layout-flow\"><\/div>\n<\/div>\n<\/div><\/div>\n\n<div style=\"height:50px\" aria-hidden=\"true\" class=\"wp-block-spacer\"><\/div>\n\n<h2 class=\"wp-block-heading\">Vos avantages<\/h2>\n\n<div class=\"wp-block-columns is-layout-flex wp-container-core-columns-is-layout-28f84493 wp-block-columns-is-layout-flex\">\n<div class=\"wp-block-column is-layout-flow wp-block-column-is-layout-flow\">\n<figure class=\"wp-block-image size-large\"><img loading=\"lazy\" decoding=\"async\" width=\"83\" height=\"80\" src=\"https:\/\/iceag.com\/wp-content\/uploads\/2024\/10\/switch-icon.svg\" alt=\"\" class=\"wp-image-1830\"\/><\/figure>\n\n\n\n<h3 class=\"wp-block-heading has-secondary-color has-text-color has-link-color wp-elements-fd94a8d72157602751edd1ee5c2c8d0a\">Savoir-faire ma\u00eetris\u00e9<\/h3>\n\n\n\n<p>De la planification \u00e0 la mise en \u0153uvre, vous profitez de notre vaste savoir-faire en mati\u00e8re de technologie des proc\u00e9d\u00e9s. Nos experts appliquent avec succ\u00e8s les connaissances th\u00e9oriques.<\/p>\n\n\n\n<div style=\"height:3px\" aria-hidden=\"true\" class=\"wp-block-spacer\"><\/div>\n<\/div>\n\n\n\n<div class=\"wp-block-column is-layout-flow wp-block-column-is-layout-flow\">\n<figure class=\"wp-block-image size-large\"><img loading=\"lazy\" decoding=\"async\" width=\"83\" height=\"80\" src=\"https:\/\/iceag.com\/wp-content\/uploads\/2024\/10\/switch-icon.svg\" alt=\"\" class=\"wp-image-1830\"\/><\/figure>\n\n\n\n<h3 class=\"wp-block-heading has-secondary-color has-text-color has-link-color wp-elements-c91aeeaa7e499b2351a151f218c41569\">Exp\u00e9rience de longue date<\/h3>\n\n\n\n<p>Forts de notre exp\u00e9rience, nous identifions \u00e9galement les probl\u00e8mes plus subtils et les r\u00e9solvons avec pragmatisme.<br\/><\/p>\n\n\n\n<div style=\"height:3px\" aria-hidden=\"true\" class=\"wp-block-spacer\"><\/div>\n<\/div>\n\n\n\n<div class=\"wp-block-column is-layout-flow wp-block-column-is-layout-flow\">\n<figure class=\"wp-block-image size-large\"><img loading=\"lazy\" decoding=\"async\" width=\"83\" height=\"80\" src=\"https:\/\/iceag.com\/wp-content\/uploads\/2024\/10\/switch-icon.svg\" alt=\"\" class=\"wp-image-1830\"\/><\/figure>\n\n\n\n<h3 class=\"wp-block-heading has-secondary-color has-text-color has-link-color wp-elements-6439c4ec4d0918197d21eefc5465e2c3\">Vision d\u2019ensemble ma\u00eetris\u00e9e<\/h3>\n\n\n\n<p>Gr\u00e2ce \u00e0 notre vue d&apos;ensemble des installations et \u00e0 notre connaissance des diff\u00e9rents syst\u00e8mes, nous gardons toujours une vision d\u2019ensemble ma\u00eetris\u00e9e.<br\/><\/p>\n\n\n\n<div style=\"height:3px\" aria-hidden=\"true\" class=\"wp-block-spacer\"><\/div>\n<\/div>\n<\/div>\n\n<div style=\"height:50px\" aria-hidden=\"true\" class=\"wp-block-spacer\"><\/div>\n\n<div class=\"wp-block-group alignfull has-primary-background-color has-background is-layout-constrained wp-container-core-group-is-layout-be04af43 wp-block-group-is-layout-constrained\" style=\"margin-top:0;margin-bottom:0\">\n<div style=\"height:10px\" aria-hidden=\"true\" class=\"wp-block-spacer\"><\/div>\n\n\n\n<div class=\"wp-block-group is-content-justification-space-between is-nowrap is-layout-flex wp-container-core-group-is-layout-c073264b wp-block-group-is-layout-flex\">\n<h2 class=\"wp-block-heading has-background-color has-text-color has-link-color wp-elements-1b9e26eadd808956de7c178e0ac03543\">Contactez-nous<\/h2>\n\n\n\n<div class=\"wp-block-buttons is-layout-flex wp-block-buttons-is-layout-flex\">\n<div class=\"wp-block-button is-style-ice-button-two\"><a class=\"wp-block-button__link wp-element-button\" href=\"https:\/\/iceag.com\/fr\/contact\/\">Contactez-nous sans engagement<\/a><\/div>\n<\/div>\n<\/div>\n\n\n\n<div style=\"height:10px\" aria-hidden=\"true\" class=\"wp-block-spacer\"><\/div>\n<\/div>\n\n<div class=\"wp-block-group alignfull has-secondary-background-color has-background is-layout-constrained wp-block-group-is-layout-constrained\" style=\"margin-top:0;margin-bottom:0\">\n<div class=\"wp-block-group is-content-justification-space-between is-nowrap is-layout-flex wp-container-core-group-is-layout-cb46ffcb wp-block-group-is-layout-flex\">\n<div class=\"wp-block-group is-layout-constrained wp-block-group-is-layout-constrained\">\n<h4 class=\"wp-block-heading\">La qualit\u00e9 avant tout!<\/h4>\n\n\n\n<h2 class=\"wp-block-heading has-background-color has-text-color has-link-color wp-elements-b22f6238350323bf259e4d55856c1ceb\">Nous sommes certifi\u00e9s et r\u00e9pondons \u00e0 toutes les exigences<br\/>des normes internationales ISO 9001 et 45001.<\/h2>\n<\/div>\n\n\n\n<figure class=\"wp-block-image size-full is-resized\"><img loading=\"lazy\" decoding=\"async\" width=\"1920\" height=\"582\" src=\"https:\/\/iceag.com\/wp-content\/uploads\/2023\/10\/siegel_9001_45001_2.jpg\" alt=\"\" class=\"wp-image-1956\" style=\"object-fit:cover;width:284px;height:auto\" srcset=\"https:\/\/iceag.com\/wp-content\/uploads\/2023\/10\/siegel_9001_45001_2.jpg 1920w, https:\/\/iceag.com\/wp-content\/uploads\/2023\/10\/siegel_9001_45001_2-300x91.jpg 300w, https:\/\/iceag.com\/wp-content\/uploads\/2023\/10\/siegel_9001_45001_2-1024x310.jpg 1024w, https:\/\/iceag.com\/wp-content\/uploads\/2023\/10\/siegel_9001_45001_2-768x233.jpg 768w, https:\/\/iceag.com\/wp-content\/uploads\/2023\/10\/siegel_9001_45001_2-1536x466.jpg 1536w\" sizes=\"auto, (max-width: 1920px) 100vw, 1920px\" \/><\/figure>\n<\/div>\n<\/div>\n","protected":false},"excerpt":{"rendered":"<p>Une vision d&rsquo;ensemble<\/p>\n","protected":false},"author":3,"featured_media":516,"parent":2391,"menu_order":0,"comment_status":"closed","ping_status":"closed","template":"","meta":{"_acf_changed":false,"inline_featured_image":false,"footnotes":""},"class_list":["post-2373","page","type-page","status-publish","has-post-thumbnail","hentry"],"acf":[],"_links":{"self":[{"href":"https:\/\/iceag.com\/fr\/wp-json\/wp\/v2\/pages\/2373","targetHints":{"allow":["GET"]}}],"collection":[{"href":"https:\/\/iceag.com\/fr\/wp-json\/wp\/v2\/pages"}],"about":[{"href":"https:\/\/iceag.com\/fr\/wp-json\/wp\/v2\/types\/page"}],"author":[{"embeddable":true,"href":"https:\/\/iceag.com\/fr\/wp-json\/wp\/v2\/users\/3"}],"replies":[{"embeddable":true,"href":"https:\/\/iceag.com\/fr\/wp-json\/wp\/v2\/comments?post=2373"}],"version-history":[{"count":40,"href":"https:\/\/iceag.com\/fr\/wp-json\/wp\/v2\/pages\/2373\/revisions"}],"predecessor-version":[{"id":3985,"href":"https:\/\/iceag.com\/fr\/wp-json\/wp\/v2\/pages\/2373\/revisions\/3985"}],"up":[{"embeddable":true,"href":"https:\/\/iceag.com\/fr\/wp-json\/wp\/v2\/pages\/2391"}],"wp:featuredmedia":[{"embeddable":true,"href":"https:\/\/iceag.com\/fr\/wp-json\/wp\/v2\/media\/516"}],"wp:attachment":[{"href":"https:\/\/iceag.com\/fr\/wp-json\/wp\/v2\/media?parent=2373"}],"curies":[{"name":"wp","href":"https:\/\/api.w.org\/{rel}","templated":true}]}}