{"id":2371,"date":"2024-06-19T08:56:26","date_gmt":"2024-06-19T08:56:26","guid":{"rendered":"https:\/\/iceag.com\/livraisons-de-systemes\/"},"modified":"2025-05-01T12:31:18","modified_gmt":"2025-05-01T12:31:18","slug":"livraisons-de-systemes","status":"publish","type":"page","link":"https:\/\/iceag.com\/fr\/gamme-de-services\/livraisons-de-systemes\/","title":{"rendered":"Fourniture de syst&egrave;mes"},"content":{"rendered":"\n<section class=\"eoss_hero_small alignfull\"><div class=\"eoss_hero_small_content\"><h4 class=\"eoss_hero_small_content_subtitle\">Nous investissons dans l&rsquo;avenir<\/h4><h1 class=\"eoss_hero_small_content_title\">Fourniture de syst&egrave;mes<\/h1><div class=\"eoss_hero_small_content_text\"><\/div><\/div><figure class=\"eoss_background eoss_hero_small_bg\"><img decoding=\"async\" src=\"https:\/\/iceag.com\/wp-content\/uploads\/2024\/06\/PWG-Thun-15.9.2021.jpeg\"\/><\/figure><\/section>\r\n\n<div class=\"wp-block-eoss-ananas-blocks-background-white alignfull\"><div>\n<div style=\"height:50px\" aria-hidden=\"true\" class=\"wp-block-spacer\"><\/div>\n\n\n\n<div class=\"wp-block-columns is-layout-flex wp-container-core-columns-is-layout-28f84493 wp-block-columns-is-layout-flex\">\n<div class=\"wp-block-column is-vertically-aligned-center is-layout-flow wp-block-column-is-layout-flow\">\n<p>Les syst\u00e8mes Flexi Long Life que nous proposons sont le fruit de l&rsquo;exp\u00e9rience acquise par nos \u00e9quipes de montage et d&rsquo;installation, dans le but d&rsquo;optimiser les installations sur les plans technologique, de long\u00e9vit\u00e9 et de co\u00fbt d&rsquo;entretien. Il arrive fr\u00e9quemment que des sections compl\u00e8tes des installations n\u00e9cessitent un remplacement ou une am\u00e9lioration, et l&rsquo;I.C.E. AG est \u00e9galement l\u00e0 pour offrir son assistance dans ce domaine.<\/p>\n<\/div>\n\n\n\n<div class=\"wp-block-column is-layout-flow wp-block-column-is-layout-flow\">\n<figure class=\"wp-block-image aligncenter size-full is-resized\"><img loading=\"lazy\" decoding=\"async\" width=\"296\" height=\"296\" src=\"https:\/\/iceag.com\/wp-content\/uploads\/2024\/07\/029_012204_ICE_Ueberarbeitung_Firmenpraesentation_Powerpoint_Vorlage_Icons_2.png\" alt=\"\" class=\"wp-image-1150\" style=\"width:375px;height:auto\" srcset=\"https:\/\/iceag.com\/wp-content\/uploads\/2024\/07\/029_012204_ICE_Ueberarbeitung_Firmenpraesentation_Powerpoint_Vorlage_Icons_2.png 296w, https:\/\/iceag.com\/wp-content\/uploads\/2024\/07\/029_012204_ICE_Ueberarbeitung_Firmenpraesentation_Powerpoint_Vorlage_Icons_2-150x150.png 150w\" sizes=\"auto, (max-width: 296px) 100vw, 296px\" \/><\/figure>\n<\/div>\n<\/div>\n<\/div><\/div>\n\n<div class=\"wp-block-group alignfull has-background is-layout-constrained wp-block-group-is-layout-constrained\" style=\"background-color:#585858;margin-top:0;margin-bottom:0\">\n<div style=\"height:10px\" aria-hidden=\"true\" class=\"wp-block-spacer\"><\/div>\n\n\n\n<div class=\"wp-block-group is-content-justification-space-between is-nowrap is-layout-flex wp-container-core-group-is-layout-c073264b wp-block-group-is-layout-flex\">\n<figure class=\"wp-block-image size-full is-resized is-style-rounded\"><img loading=\"lazy\" decoding=\"async\" width=\"1920\" height=\"1222\" src=\"https:\/\/iceag.com\/wp-content\/uploads\/2024\/11\/Richard-Burri_Engineering_DSC_5221_01.jpg\" alt=\"\" class=\"wp-image-2501\" style=\"aspect-ratio:1;object-fit:cover;width:250px\" srcset=\"https:\/\/iceag.com\/wp-content\/uploads\/2024\/11\/Richard-Burri_Engineering_DSC_5221_01.jpg 1920w, https:\/\/iceag.com\/wp-content\/uploads\/2024\/11\/Richard-Burri_Engineering_DSC_5221_01-300x191.jpg 300w, https:\/\/iceag.com\/wp-content\/uploads\/2024\/11\/Richard-Burri_Engineering_DSC_5221_01-1024x652.jpg 1024w, https:\/\/iceag.com\/wp-content\/uploads\/2024\/11\/Richard-Burri_Engineering_DSC_5221_01-768x489.jpg 768w, https:\/\/iceag.com\/wp-content\/uploads\/2024\/11\/Richard-Burri_Engineering_DSC_5221_01-1536x978.jpg 1536w\" sizes=\"auto, (max-width: 1920px) 100vw, 1920px\" \/><\/figure>\n\n\n\n<div class=\"wp-block-group is-vertical is-layout-flex wp-container-core-group-is-layout-fe9cc265 wp-block-group-is-layout-flex\">\n<h2 class=\"wp-block-heading has-background-color has-text-color has-link-color wp-elements-239c52bb5c42538752fa64586e656d71\">\u00ab\u00a0Notre objectif est de rendre de bons produits encore meilleurs.\u00a0\u00bb<\/h2>\n\n\n\n<p class=\"has-background-color has-text-color has-link-color wp-elements-e6bb26a87b64bdcbb081dea532fa6be1\"><em>Richard Burri, Responsable de la division Ing\u00e9nierie<\/em><\/p>\n<\/div>\n\n\n\n<div class=\"wp-block-buttons is-layout-flex wp-block-buttons-is-layout-flex\"><\/div>\n<\/div>\n\n\n\n<div style=\"height:10px\" aria-hidden=\"true\" class=\"wp-block-spacer\"><\/div>\n<\/div>\n\n<div class=\"wp-block-eoss-ananas-blocks-background-white alignfull\"><div>\n<div style=\"height:50px\" aria-hidden=\"true\" class=\"wp-block-spacer\"><\/div>\n\n\n\n<h2 class=\"wp-block-heading\">Nos produits<\/h2>\n\n\n\n<div class=\"wp-block-columns is-layout-flex wp-container-core-columns-is-layout-28f84493 wp-block-columns-is-layout-flex\">\n<div class=\"wp-block-column is-layout-flow wp-block-column-is-layout-flow\" style=\"flex-basis:60%\">\n<h2 class=\"wp-block-heading\"><mark style=\"background-color:rgba(0, 0, 0, 0)\" class=\"has-inline-color has-primary-color\">P-Wave<\/mark><\/h2>\n\n\n\n<p>Un d\u00e9fi particulier dans les installations de chaudi\u00e8res est l\u2019encrassement des surfaces d\u2019\u00e9change de l\u2019\u00e9vaporateur dans les 2\u00e8mes et 3\u00e8mes parcours, ainsi que sur les surfaces d\u2019\u00e9change des surchauffeurs.<\/p>\n\n\n\n<p>Pour \u00e9liminer ou minimiser ces encrassements, diverses m\u00e9thodes de nettoyage ont \u00e9t\u00e9 d\u00e9velopp\u00e9es et mises en service au cours des derni\u00e8res ann\u00e9es. L&rsquo;un de ces proc\u00e9d\u00e9s est le Power Wave Generator (PWG), commercialis\u00e9 par la soci\u00e9t\u00e9 P-Wave AG sous la direction de Hans R\u00fcegg, qui a d\u00e9j\u00e0 d\u00e9velopp\u00e9 plusieurs syst\u00e8mes ant\u00e9rieurs. Le syst\u00e8me se distingue par une pression r\u00e9glable individuellement et des fr\u00e9quences s\u00e9lectionnables, et il se distingue par des co\u00fbts d&rsquo;exploitation et de maintenance faibles.<\/p>\n\n\n\n<p>La soci\u00e9t\u00e9 I.C.E. AG a conclu un partenariat avec la soci\u00e9t\u00e9 P-Wave AG pour distribuer et installer le PWG. Avec ses comp\u00e9tences et son exp\u00e9rience dans l&rsquo;optimisation des chaudi\u00e8res dans le domaine du traitement thermique des d\u00e9chets, la soci\u00e9t\u00e9 I.C.E. AG est un partenaire id\u00e9al pour l&rsquo;\u00e9valuation et la mise en \u0153uvre des g\u00e9n\u00e9rateurs Power Wave pour le nettoyage des chaudi\u00e8res.<\/p>\n\n\n\n<p>Pour plus d&rsquo;informations et une br\u00e8ve pr\u00e9sentation du produit, vous pouvez consulter la page suivante: <a href=\"https:\/\/www.p-wave.ch\/\" target=\"_blank\" rel=\"noreferrer noopener\">www.p-wave.ch<\/a><\/p>\n<\/div>\n<\/div>\n\n\n\n<div class=\"wp-block-columns is-layout-flex wp-container-core-columns-is-layout-28f84493 wp-block-columns-is-layout-flex\">\n<div class=\"wp-block-column is-layout-flow wp-block-column-is-layout-flow\" style=\"flex-basis:33.34%\">\n<figure class=\"wp-block-image alignleft size-full is-resized\"><img loading=\"lazy\" decoding=\"async\" width=\"287\" height=\"225\" src=\"https:\/\/iceag.com\/wp-content\/uploads\/2024\/06\/Power-Wave-Generator.jpg\" alt=\"\" class=\"wp-image-655\" style=\"width:353px;height:auto\"\/><\/figure>\n<\/div>\n\n\n\n<div class=\"wp-block-column is-layout-flow wp-block-column-is-layout-flow\" style=\"flex-basis:33.33%\">\n<figure class=\"wp-block-image alignright size-large\"><img loading=\"lazy\" decoding=\"async\" width=\"1024\" height=\"768\" src=\"https:\/\/iceag.com\/wp-content\/uploads\/2024\/07\/p-Wave_Lausanne_IMG_9226-1024x768.jpg\" alt=\"\" class=\"wp-image-1220\" style=\"aspect-ratio:3\/2;object-fit:cover\" srcset=\"https:\/\/iceag.com\/wp-content\/uploads\/2024\/07\/p-Wave_Lausanne_IMG_9226-1024x768.jpg 1024w, https:\/\/iceag.com\/wp-content\/uploads\/2024\/07\/p-Wave_Lausanne_IMG_9226-300x225.jpg 300w, https:\/\/iceag.com\/wp-content\/uploads\/2024\/07\/p-Wave_Lausanne_IMG_9226-768x576.jpg 768w, https:\/\/iceag.com\/wp-content\/uploads\/2024\/07\/p-Wave_Lausanne_IMG_9226-1536x1152.jpg 1536w, https:\/\/iceag.com\/wp-content\/uploads\/2024\/07\/p-Wave_Lausanne_IMG_9226.jpg 1920w\" sizes=\"auto, (max-width: 1024px) 100vw, 1024px\" \/><\/figure>\n<\/div>\n\n\n\n<div class=\"wp-block-column is-vertically-aligned-center is-layout-flow wp-block-column-is-layout-flow\" style=\"flex-basis:33.34%\">\n<figure class=\"wp-block-image is-resized\"><a href=\"https:\/\/www.p-wave.ch\/\" target=\"_blank\" rel=\"noreferrer noopener\"><img loading=\"lazy\" decoding=\"async\" width=\"1024\" height=\"301\" src=\"https:\/\/iceag.com\/wp-content\/uploads\/2024\/07\/Logo-Power-Wave-1024x301.jpg\" alt=\"\" class=\"wp-image-974\" style=\"width:289px;height:auto\" srcset=\"https:\/\/iceag.com\/wp-content\/uploads\/2024\/07\/Logo-Power-Wave-1024x301.jpg 1024w, https:\/\/iceag.com\/wp-content\/uploads\/2024\/07\/Logo-Power-Wave-300x88.jpg 300w, https:\/\/iceag.com\/wp-content\/uploads\/2024\/07\/Logo-Power-Wave-768x226.jpg 768w, https:\/\/iceag.com\/wp-content\/uploads\/2024\/07\/Logo-Power-Wave-1536x451.jpg 1536w, https:\/\/iceag.com\/wp-content\/uploads\/2024\/07\/Logo-Power-Wave.jpg 1654w\" sizes=\"auto, (max-width: 1024px) 100vw, 1024px\" \/><\/a><\/figure>\n<\/div>\n<\/div>\n\n\n\n<div style=\"height:70px\" aria-hidden=\"true\" class=\"wp-block-spacer\"><\/div>\n\n\n\n<div class=\"wp-block-columns is-layout-flex wp-container-core-columns-is-layout-28f84493 wp-block-columns-is-layout-flex\">\n<div class=\"wp-block-column is-layout-flow wp-block-column-is-layout-flow\" style=\"flex-basis:60%\">\n<h2 class=\"wp-block-heading\"><mark class=\"has-inline-color has-primary-color\" style=\"background-color: rgba(0, 0, 0, 0);\">Syst\u00e8mes Flexi Long Life<\/mark><\/h2>\n\n\n\n<p>Nous avons d\u00e9velopp\u00e9 les syst\u00e8mes Flexi Long Life performants pour les grilles, les tr\u00e9mies et les extracteurs de m\u00e2chefer. L&rsquo;objectif est de vous fournir des \u00e9l\u00e9ments appropri\u00e9s pour un fonctionnement optimal et ininterrompu, avec une long\u00e9vit\u00e9 accrue et donc moins de d\u00e9penses li\u00e9es \u00e0 la maintenance et \u00e0 l&rsquo;entretien. Gr\u00e2ce \u00e0 plusieurs d\u00e9cennies d&rsquo;exp\u00e9rience dans le domaine des installations d\u2019incin\u00e9ration et \u00e0 nos crit\u00e8res de qualit\u00e9 stricts, nous vous assurons une technologie soigneusement con\u00e7ue et une fiabilit\u00e9 optimale.<\/p>\n<\/div>\n<\/div>\n\n\n\n<div class=\"wp-block-columns is-layout-flex wp-container-core-columns-is-layout-28f84493 wp-block-columns-is-layout-flex\">\n<div class=\"wp-block-column is-layout-flow wp-block-column-is-layout-flow\">\n<div style=\"height:25px\" aria-hidden=\"true\" class=\"wp-block-spacer\"><\/div>\n\n\n\n<div class=\"wp-block-group is-nowrap is-layout-flex wp-container-core-group-is-layout-6c531013 wp-block-group-is-layout-flex\">\n<div class=\"wp-block-columns is-layout-flex wp-container-core-columns-is-layout-28f84493 wp-block-columns-is-layout-flex\">\n<div class=\"wp-block-column is-layout-flow wp-block-column-is-layout-flow\" style=\"flex-basis:33.34%\">\n<figure class=\"wp-block-image aligncenter size-full is-resized\"><img loading=\"lazy\" decoding=\"async\" width=\"686\" height=\"900\" src=\"https:\/\/iceag.com\/wp-content\/uploads\/2024\/07\/FLL-Entschlacker01.jpg\" alt=\"\" class=\"wp-image-1214\" style=\"width:224px;height:auto\" srcset=\"https:\/\/iceag.com\/wp-content\/uploads\/2024\/07\/FLL-Entschlacker01.jpg 686w, https:\/\/iceag.com\/wp-content\/uploads\/2024\/07\/FLL-Entschlacker01-229x300.jpg 229w\" sizes=\"auto, (max-width: 686px) 100vw, 686px\" \/><\/figure>\n<\/div>\n\n\n\n<div class=\"wp-block-column is-layout-flow wp-block-column-is-layout-flow\" style=\"flex-basis:33.33%\">\n<figure class=\"wp-block-image size-large\"><img loading=\"lazy\" decoding=\"async\" width=\"1024\" height=\"768\" src=\"https:\/\/iceag.com\/wp-content\/uploads\/2024\/06\/Produktion_20190326_102139-Block-komplett-1024x768.jpg\" alt=\"\" class=\"wp-image-581\" srcset=\"https:\/\/iceag.com\/wp-content\/uploads\/2024\/06\/Produktion_20190326_102139-Block-komplett-1024x768.jpg 1024w, https:\/\/iceag.com\/wp-content\/uploads\/2024\/06\/Produktion_20190326_102139-Block-komplett-300x225.jpg 300w, https:\/\/iceag.com\/wp-content\/uploads\/2024\/06\/Produktion_20190326_102139-Block-komplett-768x576.jpg 768w, https:\/\/iceag.com\/wp-content\/uploads\/2024\/06\/Produktion_20190326_102139-Block-komplett-1536x1152.jpg 1536w, https:\/\/iceag.com\/wp-content\/uploads\/2024\/06\/Produktion_20190326_102139-Block-komplett-2048x1536.jpg 2048w\" sizes=\"auto, (max-width: 1024px) 100vw, 1024px\" \/><\/figure>\n<\/div>\n\n\n\n<div class=\"wp-block-column is-layout-flow wp-block-column-is-layout-flow\" style=\"flex-basis:33.34%\">\n<figure class=\"wp-block-image size-large\"><img loading=\"lazy\" decoding=\"async\" width=\"1024\" height=\"768\" src=\"https:\/\/iceag.com\/wp-content\/uploads\/2024\/07\/FLL-Einfuelltrichter03-Velsen-1024x768.jpg\" alt=\"\" class=\"wp-image-1211\" srcset=\"https:\/\/iceag.com\/wp-content\/uploads\/2024\/07\/FLL-Einfuelltrichter03-Velsen-1024x768.jpg 1024w, https:\/\/iceag.com\/wp-content\/uploads\/2024\/07\/FLL-Einfuelltrichter03-Velsen-300x225.jpg 300w, https:\/\/iceag.com\/wp-content\/uploads\/2024\/07\/FLL-Einfuelltrichter03-Velsen-768x576.jpg 768w, https:\/\/iceag.com\/wp-content\/uploads\/2024\/07\/FLL-Einfuelltrichter03-Velsen-1536x1152.jpg 1536w, https:\/\/iceag.com\/wp-content\/uploads\/2024\/07\/FLL-Einfuelltrichter03-Velsen.jpg 1920w\" sizes=\"auto, (max-width: 1024px) 100vw, 1024px\" \/><\/figure>\n<\/div>\n<\/div>\n<\/div>\n\n\n\n<div style=\"height:35px\" aria-hidden=\"true\" class=\"wp-block-spacer\"><\/div>\n<\/div>\n<\/div>\n<\/div><\/div>\n\n<div class=\"wp-block-eoss-ananas-blocks-background-grey alignfull\"><div>\n<div style=\"height:100px\" aria-hidden=\"true\" class=\"wp-block-spacer\"><\/div>\n\n\n\n<div class=\"wp-block-columns is-layout-flex wp-container-core-columns-is-layout-28f84493 wp-block-columns-is-layout-flex\">\n<div class=\"wp-block-column is-vertically-aligned-stretch is-layout-flow wp-block-column-is-layout-flow\">\n<h3 class=\"wp-block-heading\">Syst\u00e8mes sur mesure<\/h3>\n\n\n\n<p>De nombreuses installations sont en service depuis des d\u00e9cennies et les fournisseurs d&rsquo;origine n&rsquo;ont plus les m\u00eames produits dans leur gamme ou ont compl\u00e8tement cess\u00e9 leurs activit\u00e9s. D&rsquo;autres fournisseurs ne peuvent pas r\u00e9soudre vos probl\u00e8mes sp\u00e9cifiques \u00e0 l&rsquo;installation ou ne souhaitent pas vous proposer des solutions sur mesure. Avec notre longue exp\u00e9rience, nous trouvons pour vous la solution de remplacement id\u00e9ale sur le march\u00e9 ou concevons et livrons un produit sur mesure. Nous avons d\u00e9j\u00e0 con\u00e7u et mis en service avec succ\u00e8s des solutions telles que des fonds mouvants, des tr\u00e9mies \u00e0 d\u00e9chets, des goulottes \u00e0 d\u00e9chets, des barreaux de grille, des sous-constructions de grille, des extracteurs de m\u00e2chefer, des buses optimis\u00e9es pour des laveurs, des colonnes enti\u00e8res de laveur ou des \u00e9changeurs thermique.<\/p>\n<\/div>\n\n\n\n<div class=\"wp-block-column is-layout-flow wp-block-column-is-layout-flow\" style=\"flex-basis:100px\"><\/div>\n\n\n\n<div class=\"wp-block-column is-vertically-aligned-stretch is-layout-flow wp-block-column-is-layout-flow\">\n<figure class=\"wp-block-gallery has-nested-images columns-default is-cropped wp-block-gallery-1 is-layout-flex wp-block-gallery-is-layout-flex\">\n<figure class=\"wp-block-image size-full\"><img loading=\"lazy\" decoding=\"async\" width=\"1009\" height=\"568\" data-id=\"2168\" src=\"https:\/\/iceag.com\/wp-content\/uploads\/2024\/10\/iStock-1418201298.jpg\" alt=\"\" class=\"wp-image-2168\" srcset=\"https:\/\/iceag.com\/wp-content\/uploads\/2024\/10\/iStock-1418201298.jpg 1009w, https:\/\/iceag.com\/wp-content\/uploads\/2024\/10\/iStock-1418201298-300x169.jpg 300w, https:\/\/iceag.com\/wp-content\/uploads\/2024\/10\/iStock-1418201298-768x432.jpg 768w\" sizes=\"auto, (max-width: 1009px) 100vw, 1009px\" \/><\/figure>\n<\/figure>\n<\/div>\n<\/div>\n\n\n\n<div style=\"height:50px\" aria-hidden=\"true\" class=\"wp-block-spacer\"><\/div>\n\n\n\n<div class=\"wp-block-columns is-layout-flex wp-container-core-columns-is-layout-28f84493 wp-block-columns-is-layout-flex\">\n<div class=\"wp-block-column is-vertically-aligned-stretch is-layout-flow wp-block-column-is-layout-flow\">\n<figure class=\"wp-block-gallery has-nested-images columns-default is-cropped wp-block-gallery-2 is-layout-flex wp-block-gallery-is-layout-flex\">\n<figure class=\"wp-block-image size-full\"><img loading=\"lazy\" decoding=\"async\" width=\"927\" height=\"619\" data-id=\"2173\" src=\"https:\/\/iceag.com\/wp-content\/uploads\/2024\/10\/iStock-929029342-1.jpg\" alt=\"\" class=\"wp-image-2173\" srcset=\"https:\/\/iceag.com\/wp-content\/uploads\/2024\/10\/iStock-929029342-1.jpg 927w, https:\/\/iceag.com\/wp-content\/uploads\/2024\/10\/iStock-929029342-1-300x200.jpg 300w, https:\/\/iceag.com\/wp-content\/uploads\/2024\/10\/iStock-929029342-1-768x513.jpg 768w\" sizes=\"auto, (max-width: 927px) 100vw, 927px\" \/><\/figure>\n<\/figure>\n<\/div>\n\n\n\n<div class=\"wp-block-column is-layout-flow wp-block-column-is-layout-flow\" style=\"flex-basis:100px\"><\/div>\n\n\n\n<div class=\"wp-block-column is-vertically-aligned-stretch is-layout-flow wp-block-column-is-layout-flow\">\n<h3 class=\"wp-block-heading\">Syst\u00e8mes de fabricants tiers<\/h3>\n\n\n\n<p>Notre gamme de syst\u00e8mes Flexi Long Life, \u00e9labor\u00e9e en interne, est compl\u00e9t\u00e9e par des composants et syst\u00e8mes de haute qualit\u00e9 provenant de fournisseurs tiers soigneusement s\u00e9lectionn\u00e9s. Gr\u00e2ce \u00e0 des v\u00e9rifications de qualit\u00e9 strictes, nous veillons \u00e9galement \u00e0 ce que les syst\u00e8mes des tiers respectent ces exigences pointues dans leur utilisation quotidienne. Par cons\u00e9quent, vous pouvez avoir la certitude que les syst\u00e8mes seront performants sur le long terme dans tous les domaines.<\/p>\n<\/div>\n<\/div>\n\n\n\n<div style=\"height:50px\" aria-hidden=\"true\" class=\"wp-block-spacer\"><\/div>\n<\/div><\/div>\n\n<div class=\"wp-block-group alignfull has-primary-background-color has-background is-layout-constrained wp-container-core-group-is-layout-be04af43 wp-block-group-is-layout-constrained\" style=\"margin-top:0;margin-bottom:0\">\n<div style=\"height:10px\" aria-hidden=\"true\" class=\"wp-block-spacer\"><\/div>\n\n\n\n<div class=\"wp-block-group is-content-justification-space-between is-nowrap is-layout-flex wp-container-core-group-is-layout-c073264b wp-block-group-is-layout-flex\">\n<h2 class=\"wp-block-heading has-background-color has-text-color has-link-color wp-elements-1b9e26eadd808956de7c178e0ac03543\">Contactez-nous<\/h2>\n\n\n\n<div class=\"wp-block-buttons is-layout-flex wp-block-buttons-is-layout-flex\">\n<div class=\"wp-block-button is-style-ice-button-two\"><a class=\"wp-block-button__link wp-element-button\" href=\"https:\/\/iceag.com\/fr\/contact\/\">Discuter avec nos experts<\/a><\/div>\n<\/div>\n<\/div>\n\n\n\n<div style=\"height:10px\" aria-hidden=\"true\" class=\"wp-block-spacer\"><\/div>\n<\/div>\n\n<div class=\"wp-block-group alignfull has-secondary-background-color has-background is-layout-constrained wp-block-group-is-layout-constrained\" style=\"margin-top:0;margin-bottom:0\">\n<div class=\"wp-block-group is-content-justification-space-between is-nowrap is-layout-flex wp-container-core-group-is-layout-cb46ffcb wp-block-group-is-layout-flex\">\n<div class=\"wp-block-group is-layout-constrained wp-block-group-is-layout-constrained\">\n<h4 class=\"wp-block-heading\">La qualit\u00e9 avant tout!<\/h4>\n\n\n\n<h2 class=\"wp-block-heading has-background-color has-text-color has-link-color wp-elements-b22f6238350323bf259e4d55856c1ceb\">Nous sommes certifi\u00e9s et r\u00e9pondons \u00e0 toutes les exigences<br\/>des normes internationales ISO 9001 et 45001.<\/h2>\n<\/div>\n\n\n\n<figure class=\"wp-block-image size-full is-resized\"><img loading=\"lazy\" decoding=\"async\" width=\"1920\" height=\"582\" src=\"https:\/\/iceag.com\/wp-content\/uploads\/2023\/10\/siegel_9001_45001_2.jpg\" alt=\"\" class=\"wp-image-1956\" style=\"object-fit:cover;width:284px;height:auto\" srcset=\"https:\/\/iceag.com\/wp-content\/uploads\/2023\/10\/siegel_9001_45001_2.jpg 1920w, https:\/\/iceag.com\/wp-content\/uploads\/2023\/10\/siegel_9001_45001_2-300x91.jpg 300w, https:\/\/iceag.com\/wp-content\/uploads\/2023\/10\/siegel_9001_45001_2-1024x310.jpg 1024w, https:\/\/iceag.com\/wp-content\/uploads\/2023\/10\/siegel_9001_45001_2-768x233.jpg 768w, https:\/\/iceag.com\/wp-content\/uploads\/2023\/10\/siegel_9001_45001_2-1536x466.jpg 1536w\" sizes=\"auto, (max-width: 1920px) 100vw, 1920px\" \/><\/figure>\n<\/div>\n<\/div>\n","protected":false},"excerpt":{"rendered":"<p>Nous investissons dans l\u2019avenir<\/p>\n","protected":false},"author":3,"featured_media":671,"parent":2391,"menu_order":0,"comment_status":"closed","ping_status":"closed","template":"","meta":{"_acf_changed":false,"inline_featured_image":false,"footnotes":""},"class_list":["post-2371","page","type-page","status-publish","has-post-thumbnail","hentry"],"acf":[],"_links":{"self":[{"href":"https:\/\/iceag.com\/fr\/wp-json\/wp\/v2\/pages\/2371","targetHints":{"allow":["GET"]}}],"collection":[{"href":"https:\/\/iceag.com\/fr\/wp-json\/wp\/v2\/pages"}],"about":[{"href":"https:\/\/iceag.com\/fr\/wp-json\/wp\/v2\/types\/page"}],"author":[{"embeddable":true,"href":"https:\/\/iceag.com\/fr\/wp-json\/wp\/v2\/users\/3"}],"replies":[{"embeddable":true,"href":"https:\/\/iceag.com\/fr\/wp-json\/wp\/v2\/comments?post=2371"}],"version-history":[{"count":42,"href":"https:\/\/iceag.com\/fr\/wp-json\/wp\/v2\/pages\/2371\/revisions"}],"predecessor-version":[{"id":3807,"href":"https:\/\/iceag.com\/fr\/wp-json\/wp\/v2\/pages\/2371\/revisions\/3807"}],"up":[{"embeddable":true,"href":"https:\/\/iceag.com\/fr\/wp-json\/wp\/v2\/pages\/2391"}],"wp:featuredmedia":[{"embeddable":true,"href":"https:\/\/iceag.com\/fr\/wp-json\/wp\/v2\/media\/671"}],"wp:attachment":[{"href":"https:\/\/iceag.com\/fr\/wp-json\/wp\/v2\/media?parent=2371"}],"curies":[{"name":"wp","href":"https:\/\/api.w.org\/{rel}","templated":true}]}}