{"id":2366,"date":"2024-04-22T14:49:26","date_gmt":"2024-04-22T14:49:26","guid":{"rendered":"https:\/\/iceag.com\/chaudronnerie\/"},"modified":"2025-05-01T12:34:43","modified_gmt":"2025-05-01T12:34:43","slug":"chaudronnerie","status":"publish","type":"page","link":"https:\/\/iceag.com\/fr\/gamme-de-services\/chaudronnerie\/","title":{"rendered":"Technologie des chaudi&egrave;res"},"content":{"rendered":"\n<section class=\"eoss_hero_small alignfull\">\r\n<div class=\"eoss_hero_small_content\">\r\n<h4 class=\"eoss_hero_small_content_subtitle\">Un fournisseur unique<\/h4>\r\n<h1 class=\"eoss_hero_small_content_title\">Technologie des chaudi\u00e8res<\/h1>\r\n<div class=\"eoss_hero_small_content_text\"><\/div>\r\n<\/div>\r\n<figure class=\"eoss_background eoss_hero_small_bg\"><img decoding=\"async\" src=\"https:\/\/iceag.com\/wp-content\/uploads\/2024\/07\/Vorschlag-5.jpg\" \/><\/figure>\r\n<\/section>\n\n<div style=\"height:25px\" aria-hidden=\"true\" class=\"wp-block-spacer\"><\/div>\n\n<div class=\"wp-block-columns is-layout-flex wp-container-core-columns-is-layout-28f84493 wp-block-columns-is-layout-flex\">\n<div class=\"wp-block-column is-vertically-aligned-center is-layout-flow wp-block-column-is-layout-flow\">\n<p>Nos prestations de mise \u00e0 niveau dans le secteur de la valorisation des d\u00e9chets ont comme objectif d&rsquo;actualiser vos installations et d&rsquo;am\u00e9liorer leur efficacit\u00e9.<\/p>\n<\/div>\n\n\n\n<div class=\"wp-block-column is-layout-flow wp-block-column-is-layout-flow\">\n<figure class=\"wp-block-image aligncenter size-full is-resized\"><img loading=\"lazy\" decoding=\"async\" width=\"297\" height=\"296\" src=\"https:\/\/iceag.com\/wp-content\/uploads\/2024\/07\/029_012204_ICE_Ueberarbeitung_Firmenpraesentation_Powerpoint_Vorlage_Icons_4.png\" alt=\"\" class=\"wp-image-1156\" style=\"width:353px;height:auto\" srcset=\"https:\/\/iceag.com\/wp-content\/uploads\/2024\/07\/029_012204_ICE_Ueberarbeitung_Firmenpraesentation_Powerpoint_Vorlage_Icons_4.png 297w, https:\/\/iceag.com\/wp-content\/uploads\/2024\/07\/029_012204_ICE_Ueberarbeitung_Firmenpraesentation_Powerpoint_Vorlage_Icons_4-150x150.png 150w\" sizes=\"auto, (max-width: 297px) 100vw, 297px\" \/><\/figure>\n<\/div>\n<\/div>\n\n<div style=\"height:25px\" aria-hidden=\"true\" class=\"wp-block-spacer\"><\/div>\n\n<div class=\"wp-block-group alignfull has-background is-layout-constrained wp-block-group-is-layout-constrained\" style=\"background-color:#585858;margin-top:0;margin-bottom:0\">\n<div style=\"height:10px\" aria-hidden=\"true\" class=\"wp-block-spacer\"><\/div>\n\n\n\n<div class=\"wp-block-group is-content-justification-space-between is-nowrap is-layout-flex wp-container-core-group-is-layout-c073264b wp-block-group-is-layout-flex\">\n<figure class=\"wp-block-image size-full is-resized is-style-rounded\"><img loading=\"lazy\" decoding=\"async\" width=\"532\" height=\"400\" src=\"https:\/\/iceag.com\/wp-content\/uploads\/2024\/10\/ice-ambros-gehr.jpg\" alt=\"\" class=\"wp-image-2231\" style=\"aspect-ratio:1;object-fit:cover;width:250px\" srcset=\"https:\/\/iceag.com\/wp-content\/uploads\/2024\/10\/ice-ambros-gehr.jpg 532w, https:\/\/iceag.com\/wp-content\/uploads\/2024\/10\/ice-ambros-gehr-300x226.jpg 300w\" sizes=\"auto, (max-width: 532px) 100vw, 532px\" \/><\/figure>\n\n\n\n<div class=\"wp-block-group is-vertical is-layout-flex wp-container-core-group-is-layout-fe9cc265 wp-block-group-is-layout-flex\">\n<h2 class=\"wp-block-heading has-background-color has-text-color has-link-color wp-elements-4038a233088db4fb5567eba8fc159080\">\u00abTechnologie des chaudi\u00e8res provenant d&rsquo;un unique fournisseur; de la conception, production jusqu&rsquo;\u00e0 l&rsquo;installation dans vos usines.\u00bb<\/h2>\n\n\n\n<p class=\"has-background-color has-text-color has-link-color wp-elements-f1748b95a65a633221061cda21091947\"><em>Ambros Gehr, Responsable de la division Technologie des chaudi\u00e8res<\/em><\/p>\n<\/div>\n\n\n\n<div class=\"wp-block-buttons is-layout-flex wp-block-buttons-is-layout-flex\"><\/div>\n<\/div>\n\n\n\n<div style=\"height:10px\" aria-hidden=\"true\" class=\"wp-block-spacer\"><\/div>\n<\/div>\n\n<div class=\"wp-block-eoss-ananas-blocks-background-white alignfull\"><div>\n<div style=\"height:100px;width:0px\" aria-hidden=\"true\" class=\"wp-block-spacer\"><\/div>\n\n\n\n<div class=\"wp-block-group is-layout-constrained wp-block-group-is-layout-constrained\">\n<div class=\"wp-block-columns has-medium-font-size is-layout-flex wp-container-core-columns-is-layout-55c989da wp-block-columns-is-layout-flex\" style=\"margin-top:0;margin-bottom:0;padding-right:0;padding-left:0\">\n<div class=\"wp-block-column is-vertically-aligned-top is-layout-flow wp-block-column-is-layout-flow\">\n<h2 class=\"wp-block-heading\">Inspection des chaudi\u00e8res<\/h2>\n\n\n\n<div style=\"height:20px\" aria-hidden=\"true\" class=\"wp-block-spacer\"><\/div>\n\n\n\n<p>Fort de plusieurs ann\u00e9es d&rsquo;exp\u00e9rience dans ce secteur, nous offrons des inspections int\u00e9grales de chaudi\u00e8res. Si besoin, nous b\u00e9n\u00e9ficions de l&rsquo;assistance d&rsquo;autres sp\u00e9cialistes de notre filiale, la soci\u00e9t\u00e9 de construction de chaudi\u00e8res \u00e0 vapeur W.A.M.S.E.R. GmbH. \u00c0 la suite de l&rsquo;inspection, des suggestions de r\u00e9novation et de modification peuvent \u00eatre formul\u00e9es en se basant sur les connaissances obtenues, et un programme d&rsquo;entretien et de r\u00e9habilitation peut \u00eatre con\u00e7u. Cela vous offre la certitude que les actions indispensables seront entreprises en temps opportun pour assurer le bon fonctionnement de votre \u00e9quipement. Par ailleurs, d&rsquo;autres \u00e9l\u00e9ments comme la grille, le r\u00e9fractaire, les syst\u00e8mes thermiques, le traitement des fum\u00e9es, et ainsi de suite, peuvent aussi \u00eatre inspect\u00e9s pour une appr\u00e9ciation exhaustive de l&rsquo;\u00e9tat global de l&rsquo;installation.<\/p>\n<\/div>\n\n\n\n<div class=\"wp-block-column is-layout-flow wp-block-column-is-layout-flow\">\n<figure class=\"wp-block-image size-large\"><img loading=\"lazy\" decoding=\"async\" width=\"1024\" height=\"768\" src=\"https:\/\/iceag.com\/wp-content\/uploads\/2024\/07\/Kessel_Werterhaltung-1024x768.jpg\" alt=\"\" class=\"wp-image-1528\" style=\"aspect-ratio:4\/3;object-fit:cover\" srcset=\"https:\/\/iceag.com\/wp-content\/uploads\/2024\/07\/Kessel_Werterhaltung-1024x768.jpg 1024w, https:\/\/iceag.com\/wp-content\/uploads\/2024\/07\/Kessel_Werterhaltung-300x225.jpg 300w, https:\/\/iceag.com\/wp-content\/uploads\/2024\/07\/Kessel_Werterhaltung-768x576.jpg 768w, https:\/\/iceag.com\/wp-content\/uploads\/2024\/07\/Kessel_Werterhaltung.jpg 1488w\" sizes=\"auto, (max-width: 1024px) 100vw, 1024px\" \/><\/figure>\n<\/div>\n<\/div>\n\n\n\n<div style=\"margin-top:var(--wp--preset--spacing--50);margin-bottom:var(--wp--preset--spacing--50);height:81px\" aria-hidden=\"true\" class=\"wp-block-spacer\"><\/div>\n\n\n\n<div class=\"wp-block-columns has-medium-font-size is-layout-flex wp-container-core-columns-is-layout-55c989da wp-block-columns-is-layout-flex\" style=\"margin-top:0;margin-bottom:0;padding-right:0;padding-left:0\">\n<div class=\"wp-block-column is-vertically-aligned-top is-layout-flow wp-block-column-is-layout-flow\">\n<figure class=\"wp-block-image size-full\"><img loading=\"lazy\" decoding=\"async\" width=\"927\" height=\"618\" src=\"https:\/\/iceag.com\/wp-content\/uploads\/2024\/10\/iStock-1390307383.jpg\" alt=\"\" class=\"wp-image-2199\" style=\"aspect-ratio:4\/3;object-fit:cover\" srcset=\"https:\/\/iceag.com\/wp-content\/uploads\/2024\/10\/iStock-1390307383.jpg 927w, https:\/\/iceag.com\/wp-content\/uploads\/2024\/10\/iStock-1390307383-300x200.jpg 300w, https:\/\/iceag.com\/wp-content\/uploads\/2024\/10\/iStock-1390307383-768x512.jpg 768w\" sizes=\"auto, (max-width: 927px) 100vw, 927px\" \/><\/figure>\n<\/div>\n\n\n\n<div class=\"wp-block-column is-layout-flow wp-block-column-is-layout-flow\">\n<h2 class=\"wp-block-heading\">\u00c9tudes de chaudi\u00e8res, calculs de circulation naturelle et calculs du circuit eau-vapeur<\/h2>\n\n\n\n<p>Nous avons les logiciels requis pour r\u00e9aliser des calculs thermiques de chaudi\u00e8res, y compris ceux relatifs \u00e0 la circulation naturelle. Ceci facilite l&rsquo;optimisation des chaudi\u00e8res \u00e0 vapeur en place ou la d\u00e9tection de potentielles faiblesses, ainsi que l&rsquo;\u00e9laboration de modifications possibles pour y rem\u00e9dier. Ensuite, les chaudi\u00e8res peuvent \u00eatre planifi\u00e9es, fabriqu\u00e9es et mont\u00e9es en d\u00e9tail avec notre filiale ou une entreprise partenaire.&#13;\n<\/p>\n\n\n\n<p>De nombreux fabricants de chaudi\u00e8res utilisent ces m\u00eames logiciels sous licence, ce qui en fait un tremplin pour une \u00e9ventuelle production future.<\/p>\n\n\n\n<p>Avec ces logiciels et nos outils sp\u00e9cifiques, nous sommes capables de mod\u00e9liser non seulement votre chaudi\u00e8re \u00e0 vapeur, mais aussi de reproduire l&rsquo;int\u00e9gralit\u00e9 du cycle eau-vapeur. \u00c0 partir des r\u00e9sultats de ces calculs, on peut analyser et appliquer des actions pour optimiser l&rsquo;efficacit\u00e9 de votre syst\u00e8me.&#13;\n<\/p>\n<\/div>\n<\/div>\n\n\n\n<div style=\"margin-top:var(--wp--preset--spacing--50);margin-bottom:var(--wp--preset--spacing--50);height:81px\" aria-hidden=\"true\" class=\"wp-block-spacer\"><\/div>\n\n\n\n<div class=\"wp-block-columns has-medium-font-size is-layout-flex wp-container-core-columns-is-layout-cf05694f wp-block-columns-is-layout-flex\">\n<div class=\"wp-block-column is-layout-flow wp-block-column-is-layout-flow\">\n<h2 class=\"wp-block-heading\">R\u00e9parations et modifications<\/h2>\n\n\n\n<p>Nous sommes \u00e9galement \u00e0 votre disposition pour la mise en \u0153uvre de mesures de r\u00e9paration ou de transformation\u00a0! Nos responsables du montage et de la r\u00e9vision exp\u00e9riment\u00e9s se chargent de ces travaux en collaboration avec la soci\u00e9t\u00e9 W.A.M.S.E.R. GmbH ou des entreprises tierces, afin de remettre en \u00e9tat les installations de chaudi\u00e8res vieillissantes et de leur restituer leur efficacit\u00e9.<\/p>\n<\/div>\n\n\n\n<div class=\"wp-block-column is-layout-flow wp-block-column-is-layout-flow\">\n<figure class=\"wp-block-image size-large\"><img loading=\"lazy\" decoding=\"async\" width=\"1440\" height=\"1080\" src=\"https:\/\/iceag.com\/wp-content\/uploads\/2024\/07\/Bermuda-2-Personen_K-edited-2.jpg\" alt=\"\" class=\"wp-image-1519\" style=\"aspect-ratio:4\/3;object-fit:cover\" srcset=\"https:\/\/iceag.com\/wp-content\/uploads\/2024\/07\/Bermuda-2-Personen_K-edited-2.jpg 1440w, https:\/\/iceag.com\/wp-content\/uploads\/2024\/07\/Bermuda-2-Personen_K-edited-2-300x225.jpg 300w, https:\/\/iceag.com\/wp-content\/uploads\/2024\/07\/Bermuda-2-Personen_K-edited-2-1024x768.jpg 1024w, https:\/\/iceag.com\/wp-content\/uploads\/2024\/07\/Bermuda-2-Personen_K-edited-2-768x576.jpg 768w\" sizes=\"auto, (max-width: 1440px) 100vw, 1440px\" \/><\/figure>\n<\/div>\n<\/div>\n\n\n\n<div style=\"margin-top:var(--wp--preset--spacing--50);margin-bottom:var(--wp--preset--spacing--50);height:81px\" aria-hidden=\"true\" class=\"wp-block-spacer\"><\/div>\n\n\n\n<div class=\"wp-block-columns has-medium-font-size is-layout-flex wp-container-core-columns-is-layout-cf05694f wp-block-columns-is-layout-flex\">\n<div class=\"wp-block-column is-layout-flow wp-block-column-is-layout-flow\">\n<figure class=\"wp-block-image size-full\"><img loading=\"lazy\" decoding=\"async\" width=\"1536\" height=\"1152\" src=\"https:\/\/iceag.com\/wp-content\/uploads\/2024\/07\/Kessel-VfA-Buchs-OL2-2020_DSC05641_Ausschnitt-rotated.jpg\" alt=\"\" class=\"wp-image-1524\" style=\"aspect-ratio:3\/2;object-fit:cover\" srcset=\"https:\/\/iceag.com\/wp-content\/uploads\/2024\/07\/Kessel-VfA-Buchs-OL2-2020_DSC05641_Ausschnitt-rotated.jpg 1536w, https:\/\/iceag.com\/wp-content\/uploads\/2024\/07\/Kessel-VfA-Buchs-OL2-2020_DSC05641_Ausschnitt-300x225.jpg 300w, https:\/\/iceag.com\/wp-content\/uploads\/2024\/07\/Kessel-VfA-Buchs-OL2-2020_DSC05641_Ausschnitt-1024x768.jpg 1024w, https:\/\/iceag.com\/wp-content\/uploads\/2024\/07\/Kessel-VfA-Buchs-OL2-2020_DSC05641_Ausschnitt-768x576.jpg 768w\" sizes=\"auto, (max-width: 1536px) 100vw, 1536px\" \/><\/figure>\n<\/div>\n\n\n\n<div class=\"wp-block-column is-layout-flow wp-block-column-is-layout-flow\">\n<h2 class=\"wp-block-heading\">Fourniture de pi\u00e8ces pour chaudi\u00e8re<\/h2>\n\n\n\n<p>La soci\u00e9t\u00e9 de construction de chaudi\u00e8res \u00e0 vapeur W.A.M.S.E.R. GmbH, qui est une filiale d&rsquo;I.C.E. AG, se charge de la production de pi\u00e8ces de chaudi\u00e8res ainsi que des op\u00e9rations d&rsquo;assemblage et de rechargement sur le lieu d&rsquo;installation. La soci\u00e9t\u00e9 poss\u00e8de sa propre usine de fabrication, o\u00f9 tous les \u00e9l\u00e9ments de chaudi\u00e8re, y compris les parois en membrane, les d\u00e9voies, les collecteurs, les \u00e9changeurs thermiques, les conduites et autres \u00e9quipements du syst\u00e8me de frappage peuvent \u00eatre produits. Pour obtenir davantage d&rsquo;informations sur notre filiale, merci de visiter: <a href=\"https:\/\/dkb-wamser.de\" target=\"_blank\" rel=\"noreferrer noopener\">dkb-wamser.de<\/a><\/p>\n\n\n\n<figure class=\"wp-block-image size-large is-resized\"><a href=\"https:\/\/dkb-wamser.de\" target=\"_blank\" rel=\"noreferrer noopener\"><img loading=\"lazy\" decoding=\"async\" width=\"1024\" height=\"307\" src=\"https:\/\/iceag.com\/wp-content\/uploads\/2024\/07\/Logo-WAMSER-1024x307.jpg\" alt=\"\" class=\"wp-image-1557\" style=\"width:289px\" srcset=\"https:\/\/iceag.com\/wp-content\/uploads\/2024\/07\/Logo-WAMSER-1024x307.jpg 1024w, https:\/\/iceag.com\/wp-content\/uploads\/2024\/07\/Logo-WAMSER-300x90.jpg 300w, https:\/\/iceag.com\/wp-content\/uploads\/2024\/07\/Logo-WAMSER-768x230.jpg 768w, https:\/\/iceag.com\/wp-content\/uploads\/2024\/07\/Logo-WAMSER-1536x461.jpg 1536w, https:\/\/iceag.com\/wp-content\/uploads\/2024\/07\/Logo-WAMSER.jpg 1920w\" sizes=\"auto, (max-width: 1024px) 100vw, 1024px\" \/><\/a><\/figure>\n<\/div>\n<\/div>\n<\/div>\n\n\n\n<div style=\"height:50px\" aria-hidden=\"true\" class=\"wp-block-spacer\"><\/div>\n<\/div><\/div>\n\n<div class=\"wp-block-group alignfull has-primary-background-color has-background is-layout-constrained wp-container-core-group-is-layout-be04af43 wp-block-group-is-layout-constrained\" style=\"margin-top:0;margin-bottom:0\">\n<div style=\"height:10px\" aria-hidden=\"true\" class=\"wp-block-spacer\"><\/div>\n\n\n\n<div class=\"wp-block-group is-content-justification-space-between is-nowrap is-layout-flex wp-container-core-group-is-layout-c073264b wp-block-group-is-layout-flex\">\n<h2 class=\"wp-block-heading has-background-color has-text-color has-link-color wp-elements-1b9e26eadd808956de7c178e0ac03543\">Contactez-nous<\/h2>\n\n\n\n<div class=\"wp-block-buttons is-layout-flex wp-block-buttons-is-layout-flex\">\n<div class=\"wp-block-button is-style-ice-button-two\"><a class=\"wp-block-button__link wp-element-button\" href=\"https:\/\/iceag.com\/fr\/contact\/\">Contactez-nous sans engagement<\/a><\/div>\n<\/div>\n<\/div>\n\n\n\n<div style=\"height:10px\" aria-hidden=\"true\" class=\"wp-block-spacer\"><\/div>\n<\/div>\n\n<div class=\"wp-block-group alignfull has-secondary-background-color has-background is-layout-constrained wp-block-group-is-layout-constrained\" style=\"margin-top:0;margin-bottom:0\">\n<div class=\"wp-block-group is-content-justification-space-between is-nowrap is-layout-flex wp-container-core-group-is-layout-cb46ffcb wp-block-group-is-layout-flex\">\n<div class=\"wp-block-group is-layout-constrained wp-block-group-is-layout-constrained\">\n<h4 class=\"wp-block-heading\">La qualit\u00e9 avant tout!<\/h4>\n\n\n\n<h2 class=\"wp-block-heading has-background-color has-text-color has-link-color wp-elements-b22f6238350323bf259e4d55856c1ceb\">Nous sommes certifi\u00e9s et r\u00e9pondons \u00e0 toutes les exigences<br\/>des normes internationales ISO 9001 et 45001.<\/h2>\n<\/div>\n\n\n\n<figure class=\"wp-block-image size-full is-resized\"><img loading=\"lazy\" decoding=\"async\" width=\"1920\" height=\"582\" src=\"https:\/\/iceag.com\/wp-content\/uploads\/2023\/10\/siegel_9001_45001_2.jpg\" alt=\"\" class=\"wp-image-1956\" style=\"object-fit:cover;width:284px;height:auto\" srcset=\"https:\/\/iceag.com\/wp-content\/uploads\/2023\/10\/siegel_9001_45001_2.jpg 1920w, https:\/\/iceag.com\/wp-content\/uploads\/2023\/10\/siegel_9001_45001_2-300x91.jpg 300w, https:\/\/iceag.com\/wp-content\/uploads\/2023\/10\/siegel_9001_45001_2-1024x310.jpg 1024w, https:\/\/iceag.com\/wp-content\/uploads\/2023\/10\/siegel_9001_45001_2-768x233.jpg 768w, https:\/\/iceag.com\/wp-content\/uploads\/2023\/10\/siegel_9001_45001_2-1536x466.jpg 1536w\" sizes=\"auto, (max-width: 1920px) 100vw, 1920px\" \/><\/figure>\n<\/div>\n<\/div>\n","protected":false},"excerpt":{"rendered":"<p>Du relev\u00e9 de l\u2019\u00e9tat \u00e0 la remise en \u00e9tat finale, nous sommes votre fournisseur unique<\/p>\n","protected":false},"author":3,"featured_media":996,"parent":2391,"menu_order":0,"comment_status":"closed","ping_status":"closed","template":"","meta":{"_acf_changed":false,"inline_featured_image":false,"footnotes":""},"class_list":["post-2366","page","type-page","status-publish","has-post-thumbnail","hentry"],"acf":[],"_links":{"self":[{"href":"https:\/\/iceag.com\/fr\/wp-json\/wp\/v2\/pages\/2366","targetHints":{"allow":["GET"]}}],"collection":[{"href":"https:\/\/iceag.com\/fr\/wp-json\/wp\/v2\/pages"}],"about":[{"href":"https:\/\/iceag.com\/fr\/wp-json\/wp\/v2\/types\/page"}],"author":[{"embeddable":true,"href":"https:\/\/iceag.com\/fr\/wp-json\/wp\/v2\/users\/3"}],"replies":[{"embeddable":true,"href":"https:\/\/iceag.com\/fr\/wp-json\/wp\/v2\/comments?post=2366"}],"version-history":[{"count":48,"href":"https:\/\/iceag.com\/fr\/wp-json\/wp\/v2\/pages\/2366\/revisions"}],"predecessor-version":[{"id":3811,"href":"https:\/\/iceag.com\/fr\/wp-json\/wp\/v2\/pages\/2366\/revisions\/3811"}],"up":[{"embeddable":true,"href":"https:\/\/iceag.com\/fr\/wp-json\/wp\/v2\/pages\/2391"}],"wp:featuredmedia":[{"embeddable":true,"href":"https:\/\/iceag.com\/fr\/wp-json\/wp\/v2\/media\/996"}],"wp:attachment":[{"href":"https:\/\/iceag.com\/fr\/wp-json\/wp\/v2\/media?parent=2366"}],"curies":[{"name":"wp","href":"https:\/\/api.w.org\/{rel}","templated":true}]}}