{"id":2365,"date":"2024-07-30T13:57:51","date_gmt":"2024-07-30T13:57:51","guid":{"rendered":"https:\/\/iceag.com\/projets-de-reference\/"},"modified":"2025-02-07T14:48:07","modified_gmt":"2025-02-07T14:48:07","slug":"projets-de-reference","status":"publish","type":"page","link":"https:\/\/iceag.com\/fr\/projets-de-reference\/","title":{"rendered":"Projets de r&eacute;f&eacute;rence"},"content":{"rendered":"\n<section class=\"eoss_hero_small alignfull\"><div class=\"eoss_hero_small_content\"><h4 class=\"eoss_hero_small_content_subtitle\">Nos meilleurs atouts<\/h4><h1 class=\"eoss_hero_small_content_title\">Projets de r&eacute;f&eacute;rence<\/h1><div class=\"eoss_hero_small_content_text\"><\/div><\/div><figure class=\"eoss_background eoss_hero_small_bg\"><img decoding=\"async\" src=\"https:\/\/iceag.com\/wp-content\/uploads\/2024\/10\/7a4afbfedbc4ac16733cb6ca9c2283c0.jpg\"\/><\/figure><\/section>\n\n<div style=\"height:50px\" aria-hidden=\"true\" class=\"wp-block-spacer\"><\/div>\n\n<p><strong>S\u00e9lection de nos projets de r\u00e9f\u00e9rence\u00a0:<\/strong><\/p>\n<section class=\"eoss_list_referenzen is-layout-constrained\"><div class=\"eoss_list_referenzen_posts alignwide\"><a class=\"eoss_list_referenzen_post\" href=\"https:\/\/iceag.com\/fr\/referenzen\/m-p-w-tynes-bay-waste-to-energy-facility\/\"><figure class=\"eoss_list_referenzen_post_img\"><img decoding=\"async\" src=\"https:\/\/iceag.com\/wp-content\/uploads\/2024\/10\/Referenzblatt-WtE-Tynes-Bay-Bermuda-2020.jpg\"><\/figure><div class=\"eoss_list_referenzen_post_overlay\"><\/div><div class=\"eoss_list_referenzen_post_content\"><div class=\"eoss_list_referenzen_post_content_title\">M.P.W., Tynes Bay Waste-to-Energy Facility<\/div><div class=\"eoss_list_referenzen_post_content_meta\"><span class=\"eoss_list_referenzen_post_content_meta_ort\">Tynes Bay, Bermudes<\/span><\/div><\/div><\/a><a class=\"eoss_list_referenzen_post\" href=\"https:\/\/iceag.com\/fr\/referenzen\/tad-fug-muellheizkraftwerk-ulm-donautal\/\"><figure class=\"eoss_list_referenzen_post_img\"><img decoding=\"async\" src=\"https:\/\/iceag.com\/wp-content\/uploads\/2024\/10\/Referenzblatt-MHKW-Ulm-DE-2023.jpg\"><\/figure><div class=\"eoss_list_referenzen_post_overlay\"><\/div><div class=\"eoss_list_referenzen_post_content\"><div class=\"eoss_list_referenzen_post_content_title\">TAD + FUG, centrale thermique &agrave; d&eacute;chets Ulm-Donautal<\/div><div class=\"eoss_list_referenzen_post_content_meta\"><span class=\"eoss_list_referenzen_post_content_meta_ort\">Ulm, Allemagne<\/span><\/div><\/div><\/a><a class=\"eoss_list_referenzen_post\" href=\"https:\/\/iceag.com\/fr\/referenzen\/gml-mhkw-ludwigshafen\/\"><figure class=\"eoss_list_referenzen_post_img\"><img decoding=\"async\" src=\"https:\/\/iceag.com\/wp-content\/uploads\/2024\/10\/Referenzblatt-MHKW-Ludwigshafen-DE-2020.jpg\"><\/figure><div class=\"eoss_list_referenzen_post_overlay\"><\/div><div class=\"eoss_list_referenzen_post_content\"><div class=\"eoss_list_referenzen_post_content_title\">GML, Unit\u00e9 de Valorisation \u00c9nerg\u00e9tique (UVE) de Ludwigshafen<\/div><div class=\"eoss_list_referenzen_post_content_meta\"><span class=\"eoss_list_referenzen_post_content_meta_ort\">Ludwigshafen, Allemagne<\/span><\/div><\/div><\/a><a class=\"eoss_list_referenzen_post\" href=\"https:\/\/iceag.com\/fr\/referenzen\/stadtwerk-winterthur-kva-winterthur-ervel2\/\"><figure class=\"eoss_list_referenzen_post_img\"><img decoding=\"async\" src=\"https:\/\/iceag.com\/wp-content\/uploads\/2024\/10\/Referenzblatt-KVA-Winterthur-CH-2023.jpg\"><\/figure><div class=\"eoss_list_referenzen_post_overlay\"><\/div><div class=\"eoss_list_referenzen_post_content\"><div class=\"eoss_list_referenzen_post_content_title\">Services municipaux de Winterthur, KVA Winterthur, Ligne d\u2019incin\u00e9ration 2 (ErVeL2)<\/div><div class=\"eoss_list_referenzen_post_content_meta\"><span class=\"eoss_list_referenzen_post_content_meta_ort\">Winterthur ZH, Suisse<\/span><\/div><\/div><\/a><a class=\"eoss_list_referenzen_post\" href=\"https:\/\/iceag.com\/fr\/referenzen\/verband-abfall-oberwallis-kva-gamsen\/\"><figure class=\"eoss_list_referenzen_post_img\"><img decoding=\"async\" src=\"https:\/\/iceag.com\/wp-content\/uploads\/2024\/10\/Referenzblatt-KVA-Gamsen-CH-2023.jpg\"><\/figure><div class=\"eoss_list_referenzen_post_overlay\"><\/div><div class=\"eoss_list_referenzen_post_content\"><div class=\"eoss_list_referenzen_post_content_title\">Association d&eacute;chets du Haut-Valais, UIOM de Gamsen<\/div><div class=\"eoss_list_referenzen_post_content_meta\"><span class=\"eoss_list_referenzen_post_content_meta_ort\">Gamsen VS, Suisse<\/span><\/div><\/div><\/a><a class=\"eoss_list_referenzen_post\" href=\"https:\/\/iceag.com\/fr\/referenzen\/kebag-kva-emmenspitz-zuchwil\/\"><figure class=\"eoss_list_referenzen_post_img\"><img decoding=\"async\" src=\"https:\/\/iceag.com\/wp-content\/uploads\/2024\/10\/Referenzblatt-KEBAG-KVA-Emmenspitz-CH-2020.jpg\"><\/figure><div class=\"eoss_list_referenzen_post_overlay\"><\/div><div class=\"eoss_list_referenzen_post_content\"><div class=\"eoss_list_referenzen_post_content_title\">kenova AG, KVA Emmenspitz, Zuchwil<\/div><div class=\"eoss_list_referenzen_post_content_meta\"><span class=\"eoss_list_referenzen_post_content_meta_ort\">Zuchwil SO, Suisse<\/span><\/div><\/div><\/a><a class=\"eoss_list_referenzen_post\" href=\"https:\/\/iceag.com\/fr\/referenzen\/hhkw-aubrugg-holzkessel-k3\/\"><figure class=\"eoss_list_referenzen_post_img\"><img decoding=\"async\" src=\"https:\/\/iceag.com\/wp-content\/uploads\/2023\/10\/Referenzblatt-HHKW-Aubrugg-CH-2023.jpg\"><\/figure><div class=\"eoss_list_referenzen_post_overlay\"><\/div><div class=\"eoss_list_referenzen_post_content\"><div class=\"eoss_list_referenzen_post_content_title\">HHKW Aubrugg, chaudi&egrave;re &agrave; biomasse K3<\/div><div class=\"eoss_list_referenzen_post_content_meta\"><span class=\"eoss_list_referenzen_post_content_meta_ort\">Wallisellen ZH, Suisse<\/span><\/div><\/div><\/a><\/div><\/section>\n<div style=\"height:50px\" aria-hidden=\"true\" class=\"wp-block-spacer\"><\/div>\n\n<div class=\"wp-block-group alignfull has-secondary-background-color has-background is-layout-constrained wp-block-group-is-layout-constrained\" style=\"margin-top:0;margin-bottom:0\">\n<div class=\"wp-block-group is-content-justification-space-between is-nowrap is-layout-flex wp-container-core-group-is-layout-cb46ffcb wp-block-group-is-layout-flex\">\n<div class=\"wp-block-group is-layout-constrained wp-block-group-is-layout-constrained\">\n<h4 class=\"wp-block-heading\">La qualit\u00e9 avant tout!<\/h4>\n\n\n\n<h2 class=\"wp-block-heading has-background-color has-text-color has-link-color wp-elements-b22f6238350323bf259e4d55856c1ceb\">Nous sommes certifi\u00e9s et r\u00e9pondons \u00e0 toutes les exigences<br\/>des normes internationales ISO 9001 et 45001.<\/h2>\n<\/div>\n\n\n\n<figure class=\"wp-block-image size-full is-resized\"><img loading=\"lazy\" decoding=\"async\" width=\"1920\" height=\"582\" src=\"https:\/\/iceag.com\/wp-content\/uploads\/2023\/10\/siegel_9001_45001_2.jpg\" alt=\"\" class=\"wp-image-1956\" style=\"object-fit:cover;width:284px;height:auto\" srcset=\"https:\/\/iceag.com\/wp-content\/uploads\/2023\/10\/siegel_9001_45001_2.jpg 1920w, https:\/\/iceag.com\/wp-content\/uploads\/2023\/10\/siegel_9001_45001_2-300x91.jpg 300w, https:\/\/iceag.com\/wp-content\/uploads\/2023\/10\/siegel_9001_45001_2-1024x310.jpg 1024w, https:\/\/iceag.com\/wp-content\/uploads\/2023\/10\/siegel_9001_45001_2-768x233.jpg 768w, https:\/\/iceag.com\/wp-content\/uploads\/2023\/10\/siegel_9001_45001_2-1536x466.jpg 1536w\" sizes=\"auto, (max-width: 1920px) 100vw, 1920px\" \/><\/figure>\n<\/div>\n<\/div>\n","protected":false},"excerpt":{"rendered":"<p>Nos meilleurs atouts<\/p>\n","protected":false},"author":6,"featured_media":1568,"parent":0,"menu_order":0,"comment_status":"closed","ping_status":"closed","template":"","meta":{"_acf_changed":false,"inline_featured_image":false,"footnotes":""},"class_list":["post-2365","page","type-page","status-publish","has-post-thumbnail","hentry"],"acf":[],"_links":{"self":[{"href":"https:\/\/iceag.com\/fr\/wp-json\/wp\/v2\/pages\/2365","targetHints":{"allow":["GET"]}}],"collection":[{"href":"https:\/\/iceag.com\/fr\/wp-json\/wp\/v2\/pages"}],"about":[{"href":"https:\/\/iceag.com\/fr\/wp-json\/wp\/v2\/types\/page"}],"author":[{"embeddable":true,"href":"https:\/\/iceag.com\/fr\/wp-json\/wp\/v2\/users\/6"}],"replies":[{"embeddable":true,"href":"https:\/\/iceag.com\/fr\/wp-json\/wp\/v2\/comments?post=2365"}],"version-history":[{"count":26,"href":"https:\/\/iceag.com\/fr\/wp-json\/wp\/v2\/pages\/2365\/revisions"}],"predecessor-version":[{"id":3366,"href":"https:\/\/iceag.com\/fr\/wp-json\/wp\/v2\/pages\/2365\/revisions\/3366"}],"wp:featuredmedia":[{"embeddable":true,"href":"https:\/\/iceag.com\/fr\/wp-json\/wp\/v2\/media\/1568"}],"wp:attachment":[{"href":"https:\/\/iceag.com\/fr\/wp-json\/wp\/v2\/media?parent=2365"}],"curies":[{"name":"wp","href":"https:\/\/api.w.org\/{rel}","templated":true}]}}